{"id":1107,"date":"2022-01-07T17:25:13","date_gmt":"2022-01-07T17:25:13","guid":{"rendered":"https:\/\/siidritalu.ee\/excursions\/"},"modified":"2022-01-07T17:35:06","modified_gmt":"2022-01-07T17:35:06","slug":"excursions","status":"publish","type":"page","link":"https:\/\/www.siidritalu.ee\/en\/excursions\/","title":{"rendered":"Excursions"},"content":{"rendered":"  <div id=\"page-header-224575247\" class=\"page-header-wrapper\">\n  <div class=\"page-title dark featured-title\">\n\n        <div class=\"page-title-bg\">\n      <div class=\"title-bg fill bg-fill\"\n        data-parallax-container=\".page-title\"\n        data-parallax-background\n        data-parallax=\"-\">\n      <\/div>\n      <div class=\"title-overlay fill\"><\/div>\n    <\/div>\n    \n    <div class=\"page-title-inner container align-center text-center flex-row-col medium-flex-wrap\" >\n              <div class=\"title-wrapper flex-col\">\n          <h1 class=\"entry-title mb-0\">\n            EXCURSIONS          <\/h1>\n        <\/div>\n                <div class=\"page-title-sub op-7 flex-col\">\n          <p class=\"lead\">Organize an event or come for a tour!<\/p>\n        <\/div>\n                    <div class=\"title-content flex-col\">\n        <ul class=\"nav sm-touch-scroll nav-line nav-uppercase text-center nav-center\"><li class=\"nav-single-page hidden\"><\/li><\/ul>      <\/div>\n    <\/div>\n\n     \n<style>\n#page-header-224575247 .page-title-inner {\n  min-height: 300px;\n}\n#page-header-224575247 .title-bg {\n  background-image: url(https:\/\/www.siidritalu.ee\/wp-content\/uploads\/2021\/10\/ounaoied1.jpg);\n  background-position: 92% 100%;\n}\n<\/style>\n  <\/div>\n    <\/div>\n  \n\n\n\t<section class=\"section\" id=\"section_1301854517\">\n\t\t<div class=\"section-bg fill\" >\n\t\t\t\t\t\t\t\t\t\n\t\t\t\n\n\t\t<\/div>\n\n\t\t\n\n\t\t<div class=\"section-content relative\">\n\t\t\t\n\n<div class=\"row\"  id=\"row-1161426138\">\n\n\n\t<div id=\"col-713807515\" class=\"col small-12 large-12\"  >\n\t\t\t\t<div class=\"col-inner\" style=\"background-color:rgb(255,255,255);\" >\n\t\t\t\n\t\t\t\n\n<div class=\"row row-collapse align-center row-divided\"  id=\"row-195996487\">\n\n\n\t<div id=\"col-1171541903\" class=\"col medium-9 small-10 large-11\"  >\n\t\t\t\t<div class=\"col-inner text-center\"  >\n\t\t\t\n\t\t\t\n\n<p style=\"text-align: left;\"><strong>Due to the spread of the Covid-19 virus, please arrange a visit to Tori Cider Salon in advance.<\/strong><\/p>\n<p style=\"text-align: center;\">Phone: +372 56 691 744<br>est\/ ing<\/p>\n\n\t\t<\/div>\n\t\t\t\t\n<style>\n#col-1171541903 > .col-inner {\n  margin: 20px 0px 20px 0px;\n}\n<\/style>\n\t<\/div>\n\n\t\n\n<\/div>\n<div class=\"row row-collapse align-center row-divided\"  id=\"row-98171036\">\n\n\n\t<div id=\"col-1316608634\" class=\"col medium-11 small-12 large-11\"  >\n\t\t\t\t<div class=\"col-inner\"  >\n\t\t\t\n\t\t\t\n\n\n  <div class=\"banner has-hover\" id=\"banner-639275568\">\n          <div class=\"banner-inner fill\">\n        <div class=\"banner-bg fill\" >\n            <img loading=\"lazy\" decoding=\"async\" width=\"1202\" height=\"890\" src=\"https:\/\/www.siidritalu.ee\/wp-content\/uploads\/2021\/10\/barrels.jpg\" class=\"bg attachment-original size-original\" alt=\"\" \/>                                    \n                    <\/div>\n\t\t\n        <div class=\"banner-layers container\">\n            <div class=\"fill banner-link\"><\/div>            \n\n   <div id=\"text-box-580793989\" class=\"text-box banner-layer x50 md-x50 lg-x50 y50 md-y50 lg-y50 res-text\">\n                                <div class=\"text-box-content text dark\">\n              \n              <div class=\"text-inner text-center\">\n                  \n\n\n              <\/div>\n           <\/div>\n                            \n<style>\n#text-box-580793989 {\n  width: 60%;\n}\n#text-box-580793989 .text-box-content {\n  font-size: 100%;\n}\n@media (min-width:550px) {\n  #text-box-580793989 {\n    width: 60%;\n  }\n}\n<\/style>\n    <\/div>\n \n\n        <\/div>\n      <\/div>\n\n            \n<style>\n#banner-639275568 {\n  padding-top: 300px;\n}\n#banner-639275568 .banner-bg img {\n  object-position: 4% 45%;\n}\n@media (min-width:850px) {\n  #banner-639275568 {\n    padding-top: 370px;\n  }\n}\n<\/style>\n  <\/div>\n\n\n\n\t\t<\/div>\n\t\t\t\t\n<style>\n#col-1316608634 > .col-inner {\n  margin: 0px 0px -160px 0px;\n}\n<\/style>\n\t<\/div>\n\n\t\n\n<\/div>\n\n\t\t<\/div>\n\t\t\t\t\n<style>\n#col-713807515 > .col-inner {\n  padding: 50px 0px 0px 0px;\n  margin: -70px 0px 0px 0px;\n}\n<\/style>\n\t<\/div>\n\n\t\n\n<\/div>\n\n\t\t<\/div>\n\n\t\t\n<style>\n#section_1301854517 {\n  padding-top: 30px;\n  padding-bottom: 30px;\n}\n<\/style>\n\t<\/section>\n\t\n\n\t<section class=\"section\" id=\"section_1795039908\">\n\t\t<div class=\"section-bg fill\" >\n\t\t\t\t\t\t\t\t\t\n\t\t\t\n\n\t\t<\/div>\n\n\t\t\n\n\t\t<div class=\"section-content relative\">\n\t\t\t\n\n<div class=\"row align-center\"  id=\"row-743261828\">\n\n\n\t<div id=\"col-285060014\" class=\"col medium-11 small-12 large-10\"  >\n\t\t\t\t<div class=\"col-inner\"  >\n\t\t\t\n\t\t\t\n\n\t<div id=\"text-2275797405\" class=\"text\">\n\t\t\n\n<p>Tori Cider Farm is only a 30-minute drive from P\u00e4rnu. Oleme suurim mahesiidri- ja maheveinitalu Eestis ning ilmselt ka Baltikumis.&nbsp;V\u00e4\u00e4rindame siidriks ja veiniks marju ja puuvilju, mis on peamiselt p\u00e4rit Soomaa \u00fcmbrusest.<\/p>\n<p>Our doors are open to you and we are waiting for you for excursions to our production building!&nbsp;During the visit, we will get acquainted with one of the northernmost viticulture in the world, cider wine production and taste the products of the farm.<\/p>\n\t\t\n<style>\n#text-2275797405 {\n  color: rgba(0, 0, 0, 0.6);\n}\n#text-2275797405 > * {\n  color: rgba(0, 0, 0, 0.6);\n}\n<\/style>\n\t<\/div>\n\t\n\n\t\t<\/div>\n\t\t\t\t\t<\/div>\n\n\t\n\n\n<style>\n#row-743261828 > .col > .col-inner {\n  padding: 50px 0px 20px 0px;\n}\n@media (min-width:550px) {\n  #row-743261828 > .col > .col-inner {\n    padding: 100px 0px 50px 0px;\n  }\n}\n<\/style>\n<\/div>\n<div class=\"row\"  id=\"row-413051124\">\n\n\n\t<div id=\"col-839595060\" class=\"col medium-6 small-12 large-6\"  >\n\t\t\t\t<div class=\"col-inner\"  >\n\t\t\t\n\t\t\t\n\n<h3>Winter party at Tori Cider Farm<\/h3>\n<p>Order a winter party that warms your heart and toes for your team or group of friends with delicious drinks and rich snacks.<\/p>\n<a href=\"https:\/\/www.siidritalu.ee\/ekskursioonid\/talvepidu\/\" class=\"button success is-shade box-shadow-3 lowercase\"  style=\"border-radius:5px;\">\n\t\t<span>Read more ...<\/span>\n\t<\/a>\n\n\n\n\t\t<\/div>\n\t\t\t\t\t<\/div>\n\n\t\n\n\t<div id=\"col-359405356\" class=\"col medium-6 small-12 large-6\"  >\n\t\t\t\t<div class=\"col-inner\"  >\n\t\t\t\n\t\t\t\n\n\t<div class=\"img has-hover x md-x lg-x y md-y lg-y\" id=\"image_974904045\">\n\t\t\t\t\t\t\t\t<div class=\"img-inner dark\" >\n\t\t\t<img loading=\"lazy\" decoding=\"async\" width=\"1020\" height=\"765\" src=\"https:\/\/www.siidritalu.ee\/wp-content\/uploads\/2021\/11\/Joulud-1024x768.jpg\" class=\"attachment-large size-large\" alt=\"\" srcset=\"https:\/\/www.siidritalu.ee\/wp-content\/uploads\/2021\/11\/Joulud-1024x768.jpg 1024w, https:\/\/www.siidritalu.ee\/wp-content\/uploads\/2021\/11\/Joulud-510x383.jpg 510w, https:\/\/www.siidritalu.ee\/wp-content\/uploads\/2021\/11\/Joulud-300x225.jpg 300w, https:\/\/www.siidritalu.ee\/wp-content\/uploads\/2021\/11\/Joulud-768x576.jpg 768w, https:\/\/www.siidritalu.ee\/wp-content\/uploads\/2021\/11\/Joulud-247x185.jpg 247w, https:\/\/www.siidritalu.ee\/wp-content\/uploads\/2021\/11\/Joulud.jpg 1080w\" sizes=\"auto, (max-width: 1020px) 100vw, 1020px\" \/>\t\t\t\t\t\t\n\t\t\t\t\t<\/div>\n\t\t\t\t\t\t\t\t\n<style>\n#image_974904045 {\n  width: 100%;\n}\n<\/style>\n\t<\/div>\n\t\n\n\n\t\t<\/div>\n\t\t\t\t\t<\/div>\n\n\t\n\n<\/div>\n<div class=\"row align-center\"  id=\"row-368475319\">\n\n\n\t<div id=\"col-1149505877\" class=\"col medium-11 small-12 large-10\"  >\n\t\t\t\t<div class=\"col-inner\"  >\n\t\t\t\n\t\t\t\n\n<div class=\"row row-large align-middle\"  id=\"row-1215491254\">\n\n\n\t<div id=\"col-373817370\" class=\"col medium-4 small-12 large-6\"  >\n\t\t\t\t<div class=\"col-inner\"  >\n\t\t\t\n\t\t\t\n\n\n  <div class=\"banner has-hover\" id=\"banner-1385318519\">\n          <div class=\"banner-inner fill\">\n        <div class=\"banner-bg fill\" >\n            <img loading=\"lazy\" decoding=\"async\" width=\"403\" height=\"432\" src=\"https:\/\/www.siidritalu.ee\/wp-content\/uploads\/2021\/10\/peremees.jpg\" class=\"bg attachment-large size-large\" alt=\"\" \/>                                    \n                    <\/div>\n\t\t\n        <div class=\"banner-layers container\">\n            <div class=\"fill banner-link\"><\/div>            \n\n   <div id=\"text-box-1983565933\" class=\"text-box banner-layer x50 md-x50 lg-x50 y50 md-y50 lg-y50 res-text\">\n                                <div class=\"text-box-content text dark\">\n              \n              <div class=\"text-inner text-center\">\n                  \n\n\n              <\/div>\n           <\/div>\n                            \n<style>\n#text-box-1983565933 {\n  width: 60%;\n}\n#text-box-1983565933 .text-box-content {\n  font-size: 100%;\n}\n@media (min-width:550px) {\n  #text-box-1983565933 {\n    width: 60%;\n  }\n}\n<\/style>\n    <\/div>\n \n\n        <\/div>\n      <\/div>\n\n            \n<style>\n#banner-1385318519 {\n  padding-top: 300px;\n}\n@media (min-width:550px) {\n  #banner-1385318519 {\n    padding-top: 97%;\n  }\n}\n<\/style>\n  <\/div>\n\n\n\n\t\t<\/div>\n\t\t\t\t\t<\/div>\n\n\t\n\n\t<div id=\"col-1993055790\" class=\"col medium-8 small-12 large-6\"  >\n\t\t\t\t<div class=\"col-inner\"  >\n\t\t\t\n\t\t\t\n\n\t<div id=\"text-3989746894\" class=\"text\">\n\t\t\n\n<h3 class=\"flex-wrap\">Cider tour on the edge of Soomaa<\/h3>\n<p>During the visit to Tori Siidritalu, we will get acquainted with one of the northernmost viticulture in the world, cider and wine production and taste the products of the farm.<\/p>\n\t\t\n<style>\n#text-3989746894 {\n  color: rgba(0, 0, 0, 0.6);\n}\n#text-3989746894 > * {\n  color: rgba(0, 0, 0, 0.6);\n}\n<\/style>\n\t<\/div>\n\t\n<a href=\"http:\/\/cider%20tour\" class=\"button success is-shade box-shadow-3 lowercase\"  style=\"border-radius:5px;\">\n\t\t<span>Read more ...<\/span>\n\t<\/a>\n\n\n\n\t\t<\/div>\n\t\t\t\t\t<\/div>\n\n\t\n\n<\/div>\n<div class=\"row row-large align-middle\"  id=\"row-1758911136\">\n\n\n\t<div id=\"col-712864569\" class=\"col medium-8 small-12 large-6\"  >\n\t\t\t\t<div class=\"col-inner\"  >\n\t\t\t\n\t\t\t\n\n\t<div id=\"text-2463648299\" class=\"text\">\n\t\t\n\n<h3>Cider salon<\/h3>\n<div id=\":101\" tabindex=\"-1\">The Tori Cider Salon is a new cosy room for the reception of guests in the production facility of Tori Cidery. The Cider Salon is the best place for taking a short break and enjoying a glass of cider or a cup of coffee after a hike in the Soomaa National Park<\/div>\n\t\t\n<style>\n#text-2463648299 {\n  color: rgba(0, 0, 0, 0.6);\n}\n#text-2463648299 > * {\n  color: rgba(0, 0, 0, 0.6);\n}\n<\/style>\n\t<\/div>\n\t\n\t<div id=\"gap-1610551054\" class=\"gap-element clearfix\" style=\"display:block; height:auto;\">\n\t\t\n<style>\n#gap-1610551054 {\n  padding-top: 1px;\n}\n<\/style>\n\t<\/div>\n\t\n\n<a href=\"http:\/\/cider%20salon\" class=\"button success is-shade box-shadow-3 lowercase\"  style=\"border-radius:5px;\">\n\t\t<span>Read more ...<\/span>\n\t<\/a>\n\n\n\n\t\t<\/div>\n\t\t\t\t\t<\/div>\n\n\t\n\n\t<div id=\"col-2002126144\" class=\"col medium-4 small-12 large-6 medium-col-first\"  >\n\t\t\t\t<div class=\"col-inner\"  >\n\t\t\t\n\t\t\t\n\n\n  <div class=\"banner has-hover\" id=\"banner-1503237842\">\n          <div class=\"banner-inner fill\">\n        <div class=\"banner-bg fill\" >\n            <img loading=\"lazy\" decoding=\"async\" width=\"539\" height=\"800\" src=\"https:\/\/www.siidritalu.ee\/wp-content\/uploads\/2021\/10\/salong-tori-690x1024.jpg\" class=\"bg attachment-large size-large\" alt=\"\" \/>                                    \n                    <\/div>\n\t\t\n        <div class=\"banner-layers container\">\n            <div class=\"fill banner-link\"><\/div>            \n\n   <div id=\"text-box-1262114727\" class=\"text-box banner-layer x50 md-x50 lg-x50 y50 md-y50 lg-y50 res-text\">\n                                <div class=\"text-box-content text dark\">\n              \n              <div class=\"text-inner text-center\">\n                  \n\n\n              <\/div>\n           <\/div>\n                            \n<style>\n#text-box-1262114727 {\n  width: 60%;\n}\n#text-box-1262114727 .text-box-content {\n  font-size: 100%;\n}\n@media (min-width:550px) {\n  #text-box-1262114727 {\n    width: 60%;\n  }\n}\n<\/style>\n    <\/div>\n \n\n        <\/div>\n      <\/div>\n\n            \n<style>\n#banner-1503237842 {\n  padding-top: 300px;\n}\n#banner-1503237842 .banner-bg img {\n  object-position: 53% 0%;\n}\n@media (min-width:550px) {\n  #banner-1503237842 {\n    padding-top: 99.99%;\n  }\n}\n<\/style>\n  <\/div>\n\n\n\n\t\t<\/div>\n\t\t\t\t\t<\/div>\n\n\t\n\n<\/div>\n\n\t\t<\/div>\n\t\t\t\t\t<\/div>\n\n\t\n\n<\/div>\n<div class=\"row align-center\"  id=\"row-1636077037\">\n\n\n\t<div id=\"col-192515694\" class=\"col medium-11 small-12 large-10\"  >\n\t\t\t\t<div class=\"col-inner\"  >\n\t\t\t\n\t\t\t\n\n<div class=\"row row-large align-middle\"  id=\"row-1854767840\">\n\n\n\t<div id=\"col-828596689\" class=\"col medium-4 small-12 large-6\"  >\n\t\t\t\t<div class=\"col-inner\"  >\n\t\t\t\n\t\t\t\n\n\n  <div class=\"banner has-hover\" id=\"banner-1741364266\">\n          <div class=\"banner-inner fill\">\n        <div class=\"banner-bg fill\" >\n            <img loading=\"lazy\" decoding=\"async\" width=\"1365\" height=\"2048\" src=\"https:\/\/www.siidritalu.ee\/wp-content\/uploads\/2021\/10\/19A0147.jpg\" class=\"bg attachment-original size-original\" alt=\"\" \/>                                    \n                    <\/div>\n\t\t\n        <div class=\"banner-layers container\">\n            <div class=\"fill banner-link\"><\/div>            \n\n   <div id=\"text-box-1103614932\" class=\"text-box banner-layer x50 md-x50 lg-x50 y50 md-y50 lg-y50 res-text\">\n                                <div class=\"text-box-content text dark\">\n              \n              <div class=\"text-inner text-center\">\n                  \n\n\n              <\/div>\n           <\/div>\n                            \n<style>\n#text-box-1103614932 {\n  width: 60%;\n}\n#text-box-1103614932 .text-box-content {\n  font-size: 100%;\n}\n@media (min-width:550px) {\n  #text-box-1103614932 {\n    width: 60%;\n  }\n}\n<\/style>\n    <\/div>\n \n\n        <\/div>\n      <\/div>\n\n            \n<style>\n#banner-1741364266 {\n  padding-top: 300px;\n}\n#banner-1741364266 .banner-bg img {\n  object-position: 7% 33%;\n}\n@media (min-width:550px) {\n  #banner-1741364266 {\n    padding-top: 97%;\n  }\n}\n<\/style>\n  <\/div>\n\n\n\n\t\t<\/div>\n\t\t\t\t\t<\/div>\n\n\t\n\n\t<div id=\"col-1874359185\" class=\"col medium-8 small-12 large-6\"  >\n\t\t\t\t<div class=\"col-inner\"  >\n\t\t\t\n\t\t\t\n\n\t<div id=\"text-2206677267\" class=\"text\">\n\t\t\n\n<h3>Cider master workshop &#8220;D\u00c9GORGEMENT&#8221;<\/h3>\n<p>PACKAGE INCLUDES:&nbsp;Introduction of the cider mill Talking about the secrets of making good cider and wine Workshop-&#8220;D\u00e9gorgement&#8221; is an important part of producing cider in the traditional champagne method<\/p>\n\t\t\n<style>\n#text-2206677267 {\n  color: rgba(0, 0, 0, 0.6);\n}\n#text-2206677267 > * {\n  color: rgba(0, 0, 0, 0.6);\n}\n<\/style>\n\t<\/div>\n\t\n<a href=\"http:\/\/cider%20master\" class=\"button success is-shade box-shadow-3 lowercase\"  style=\"border-radius:5px;\">\n\t\t<span>Read more ...<\/span>\n\t<\/a>\n\n\n\n\t\t<\/div>\n\t\t\t\t\t<\/div>\n\n\t\n\n<\/div>\n\n\t\t<\/div>\n\t\t\t\t\t<\/div>\n\n\t\n\n<\/div>\n\n\t\t<\/div>\n\n\t\t\n<style>\n#section_1795039908 {\n  padding-top: 80px;\n  padding-bottom: 80px;\n  background-color: rgba(130, 160, 150, 0.698);\n}\n<\/style>\n\t<\/section>\n\t","protected":false},"excerpt":{"rendered":"","protected":false},"author":1,"featured_media":0,"parent":0,"menu_order":0,"comment_status":"closed","ping_status":"closed","template":"","meta":{"_monsterinsights_skip_tracking":false,"_monsterinsights_sitenote_active":false,"_monsterinsights_sitenote_note":"","_monsterinsights_sitenote_category":0,"footnotes":""},"class_list":["post-1107","page","type-page","status-publish","hentry"],"yoast_head":"<!-- This site is optimized with the Yoast SEO plugin v27.5 - https:\/\/yoast.com\/product\/yoast-seo-wordpress\/ -->\n<title>Excursions - Tori Siidritalu<\/title>\n<meta name=\"robots\" content=\"index, follow, max-snippet:-1, max-image-preview:large, max-video-preview:-1\" \/>\n<link rel=\"canonical\" href=\"https:\/\/www.siidritalu.ee\/en\/excursions\/\" \/>\n<meta property=\"og:locale\" content=\"en_US\" \/>\n<meta property=\"og:type\" content=\"article\" \/>\n<meta property=\"og:title\" content=\"Excursions - Tori Siidritalu\" \/>\n<meta property=\"og:url\" content=\"https:\/\/www.siidritalu.ee\/en\/excursions\/\" \/>\n<meta property=\"og:site_name\" content=\"Tori Siidritalu\" \/>\n<meta property=\"article:modified_time\" content=\"2022-01-07T17:35:06+00:00\" \/>\n<meta name=\"twitter:card\" content=\"summary_large_image\" \/>\n<meta name=\"twitter:label1\" content=\"Est. reading time\" \/>\n\t<meta name=\"twitter:data1\" content=\"4 minutes\" \/>\n<script type=\"application\/ld+json\" class=\"yoast-schema-graph\">{\"@context\":\"https:\\\/\\\/schema.org\",\"@graph\":[{\"@type\":\"WebPage\",\"@id\":\"https:\\\/\\\/www.siidritalu.ee\\\/en\\\/excursions\\\/\",\"url\":\"https:\\\/\\\/www.siidritalu.ee\\\/en\\\/excursions\\\/\",\"name\":\"Excursions - Tori Siidritalu\",\"isPartOf\":{\"@id\":\"https:\\\/\\\/siidritalu.ee\\\/#website\"},\"datePublished\":\"2022-01-07T17:25:13+00:00\",\"dateModified\":\"2022-01-07T17:35:06+00:00\",\"breadcrumb\":{\"@id\":\"https:\\\/\\\/www.siidritalu.ee\\\/en\\\/excursions\\\/#breadcrumb\"},\"inLanguage\":\"en-US\",\"potentialAction\":[{\"@type\":\"ReadAction\",\"target\":[\"https:\\\/\\\/www.siidritalu.ee\\\/en\\\/excursions\\\/\"]}]},{\"@type\":\"BreadcrumbList\",\"@id\":\"https:\\\/\\\/www.siidritalu.ee\\\/en\\\/excursions\\\/#breadcrumb\",\"itemListElement\":[{\"@type\":\"ListItem\",\"position\":1,\"name\":\"Home\",\"item\":\"https:\\\/\\\/siidritalu.ee\\\/en\\\/\"},{\"@type\":\"ListItem\",\"position\":2,\"name\":\"Excursions\"}]},{\"@type\":\"WebSite\",\"@id\":\"https:\\\/\\\/siidritalu.ee\\\/#website\",\"url\":\"https:\\\/\\\/siidritalu.ee\\\/\",\"name\":\"Tori Siidritalu\",\"description\":\"Eesti k\u00e4sit\u00f6\u00f6 joogid siider ja alkoholivaba\",\"publisher\":{\"@id\":\"https:\\\/\\\/siidritalu.ee\\\/#organization\"},\"potentialAction\":[{\"@type\":\"SearchAction\",\"target\":{\"@type\":\"EntryPoint\",\"urlTemplate\":\"https:\\\/\\\/siidritalu.ee\\\/?s={search_term_string}\"},\"query-input\":{\"@type\":\"PropertyValueSpecification\",\"valueRequired\":true,\"valueName\":\"search_term_string\"}}],\"inLanguage\":\"en-US\"},{\"@type\":\"Organization\",\"@id\":\"https:\\\/\\\/siidritalu.ee\\\/#organization\",\"name\":\"Tori Siidritalu\",\"url\":\"https:\\\/\\\/siidritalu.ee\\\/\",\"logo\":{\"@type\":\"ImageObject\",\"inLanguage\":\"en-US\",\"@id\":\"https:\\\/\\\/siidritalu.ee\\\/#\\\/schema\\\/logo\\\/image\\\/\",\"url\":\"https:\\\/\\\/www.siidritalu.ee\\\/wp-content\\\/uploads\\\/2021\\\/10\\\/cropped-Logo-1080.jpg\",\"contentUrl\":\"https:\\\/\\\/www.siidritalu.ee\\\/wp-content\\\/uploads\\\/2021\\\/10\\\/cropped-Logo-1080.jpg\",\"width\":512,\"height\":512,\"caption\":\"Tori Siidritalu\"},\"image\":{\"@id\":\"https:\\\/\\\/siidritalu.ee\\\/#\\\/schema\\\/logo\\\/image\\\/\"}}]}<\/script>\n<!-- \/ Yoast SEO plugin. -->","yoast_head_json":{"title":"Excursions - Tori Siidritalu","robots":{"index":"index","follow":"follow","max-snippet":"max-snippet:-1","max-image-preview":"max-image-preview:large","max-video-preview":"max-video-preview:-1"},"canonical":"https:\/\/www.siidritalu.ee\/en\/excursions\/","og_locale":"en_US","og_type":"article","og_title":"Excursions - Tori Siidritalu","og_url":"https:\/\/www.siidritalu.ee\/en\/excursions\/","og_site_name":"Tori Siidritalu","article_modified_time":"2022-01-07T17:35:06+00:00","twitter_card":"summary_large_image","twitter_misc":{"Est. reading time":"4 minutes"},"schema":{"@context":"https:\/\/schema.org","@graph":[{"@type":"WebPage","@id":"https:\/\/www.siidritalu.ee\/en\/excursions\/","url":"https:\/\/www.siidritalu.ee\/en\/excursions\/","name":"Excursions - Tori Siidritalu","isPartOf":{"@id":"https:\/\/siidritalu.ee\/#website"},"datePublished":"2022-01-07T17:25:13+00:00","dateModified":"2022-01-07T17:35:06+00:00","breadcrumb":{"@id":"https:\/\/www.siidritalu.ee\/en\/excursions\/#breadcrumb"},"inLanguage":"en-US","potentialAction":[{"@type":"ReadAction","target":["https:\/\/www.siidritalu.ee\/en\/excursions\/"]}]},{"@type":"BreadcrumbList","@id":"https:\/\/www.siidritalu.ee\/en\/excursions\/#breadcrumb","itemListElement":[{"@type":"ListItem","position":1,"name":"Home","item":"https:\/\/siidritalu.ee\/en\/"},{"@type":"ListItem","position":2,"name":"Excursions"}]},{"@type":"WebSite","@id":"https:\/\/siidritalu.ee\/#website","url":"https:\/\/siidritalu.ee\/","name":"Tori Siidritalu","description":"Eesti k\u00e4sit\u00f6\u00f6 joogid siider ja alkoholivaba","publisher":{"@id":"https:\/\/siidritalu.ee\/#organization"},"potentialAction":[{"@type":"SearchAction","target":{"@type":"EntryPoint","urlTemplate":"https:\/\/siidritalu.ee\/?s={search_term_string}"},"query-input":{"@type":"PropertyValueSpecification","valueRequired":true,"valueName":"search_term_string"}}],"inLanguage":"en-US"},{"@type":"Organization","@id":"https:\/\/siidritalu.ee\/#organization","name":"Tori Siidritalu","url":"https:\/\/siidritalu.ee\/","logo":{"@type":"ImageObject","inLanguage":"en-US","@id":"https:\/\/siidritalu.ee\/#\/schema\/logo\/image\/","url":"https:\/\/www.siidritalu.ee\/wp-content\/uploads\/2021\/10\/cropped-Logo-1080.jpg","contentUrl":"https:\/\/www.siidritalu.ee\/wp-content\/uploads\/2021\/10\/cropped-Logo-1080.jpg","width":512,"height":512,"caption":"Tori Siidritalu"},"image":{"@id":"https:\/\/siidritalu.ee\/#\/schema\/logo\/image\/"}}]}},"jetpack_sharing_enabled":true,"_links":{"self":[{"href":"https:\/\/www.siidritalu.ee\/en\/wp-json\/wp\/v2\/pages\/1107","targetHints":{"allow":["GET"]}}],"collection":[{"href":"https:\/\/www.siidritalu.ee\/en\/wp-json\/wp\/v2\/pages"}],"about":[{"href":"https:\/\/www.siidritalu.ee\/en\/wp-json\/wp\/v2\/types\/page"}],"author":[{"embeddable":true,"href":"https:\/\/www.siidritalu.ee\/en\/wp-json\/wp\/v2\/users\/1"}],"replies":[{"embeddable":true,"href":"https:\/\/www.siidritalu.ee\/en\/wp-json\/wp\/v2\/comments?post=1107"}],"version-history":[{"count":5,"href":"https:\/\/www.siidritalu.ee\/en\/wp-json\/wp\/v2\/pages\/1107\/revisions"}],"predecessor-version":[{"id":1117,"href":"https:\/\/www.siidritalu.ee\/en\/wp-json\/wp\/v2\/pages\/1107\/revisions\/1117"}],"wp:attachment":[{"href":"https:\/\/www.siidritalu.ee\/en\/wp-json\/wp\/v2\/media?parent=1107"}],"curies":[{"name":"wp","href":"https:\/\/api.w.org\/{rel}","templated":true}]}}