{"id":105,"date":"2021-10-07T14:16:00","date_gmt":"2021-10-07T14:16:00","guid":{"rendered":"https:\/\/siidritalu.ee\/?post_type=product&#038;p=105"},"modified":"2024-01-31T18:05:59","modified_gmt":"2024-01-31T16:05:59","slug":"vurts-magustamata-oun-maasikas-hibiskus","status":"publish","type":"product","link":"https:\/\/www.siidritalu.ee\/en\/pood\/vurts-magustamata-oun-maasikas-hibiskus\/","title":{"rendered":"VURTS 33cl \u00d5un, maasikas &#038; hibiskus (5tk)"},"content":{"rendered":"<p>V\u00e4rvilt roosakaspunane, v\u00e4ikese mulliga.<\/p>\n<p>V\u00e4hearomaatne marjase iseloomuga, kergelt m\u00f5rkja alatooniga. Maitses domineerib v\u00e4rske maasikas. J\u00e4relmaitses magusamad noodid. Olemuselt kerge ja v\u00e4rske, meenutades k\u00fclma marjateed. Hea janukustutaja kuumal p\u00e4eval.<\/p>\n<p>Sobib h\u00e4sti salatite, lihal\u00f5ikude ja j\u00e4\u00e4tisega. P\u00f5nev abiline kokteilide valmistamiseks.<\/p>\n<p><em><strong><br \/>\nSisaldab vaid looduslikke suhkruid.<\/strong><\/em><br \/>\nToitumisalane teave 100ml kohta: energia 46kcal\/196kj, rasvad 0g, s\u00fcsivesikud 8,5g, valgud 0,5g, sool 0g<\/p>\n<p><strong>Kastis 5 pudelit 33cl<br \/>\nParim juua jahutatult 6\u20268\u00b0C juures<\/strong><br \/>\n<strong>Alkoholivaba<\/strong><\/p>\n<p>Toitev\u00e4\u00e4rtus 100ml\/ Nutritional value 100ml<br \/>\nenergia\/ energy 196kcal\/46kcal<br \/>\nrasvad\/ total fat 0g<br \/>\ns\u00fcsivesikud\/ carbs 8,5g<br \/>\nvalk\/ protein 0,5g<\/p>\n","protected":false},"excerpt":{"rendered":"<p>Gaseeritud \u00f5unamahl maasika ja hibiskusega, alkoholivaba jook.<br \/>\nMagustamata ja kunstlike lisaainete vaba.<\/p>\n","protected":false},"featured_media":1945,"template":"","meta":{"_monsterinsights_skip_tracking":false,"_monsterinsights_sitenote_active":false,"_monsterinsights_sitenote_note":"","_monsterinsights_sitenote_category":0},"product_brand":[],"product_cat":[16],"product_tag":[],"class_list":{"0":"post-105","1":"product","2":"type-product","3":"status-publish","4":"has-post-thumbnail","6":"product_cat-alkoholivabad-tooted","8":"first","9":"instock","10":"featured","11":"taxable","12":"shipping-taxable","13":"purchasable","14":"product-type-simple"},"yoast_head":"<!-- This site is optimized with the Yoast SEO plugin v27.5 - https:\/\/yoast.com\/product\/yoast-seo-wordpress\/ -->\n<title>VURTS 33cl \u00d5un, maasikas &amp; hibiskus (5tk) - Tori Siidritalu<\/title>\n<meta name=\"description\" content=\"Magustamata karboniseeritud \u00f5unamahl, maasika ja hibiskusega. Hea janukustutaja kuumal p\u00e4eval. Ei ole lisatud \u00a0s\u00e4ilitus-, l\u00f5hna- ja v\u00e4rvained.\" \/>\n<meta name=\"robots\" content=\"index, follow, max-snippet:-1, max-image-preview:large, max-video-preview:-1\" \/>\n<link rel=\"canonical\" href=\"https:\/\/www.siidritalu.ee\/en\/pood\/vurts-magustamata-oun-maasikas-hibiskus\/\" \/>\n<meta property=\"og:locale\" content=\"en_US\" \/>\n<meta property=\"og:type\" content=\"article\" \/>\n<meta property=\"og:title\" content=\"VURTS 33cl \u00d5un, maasikas &amp; hibiskus (5tk) - Tori Siidritalu\" \/>\n<meta property=\"og:description\" content=\"Magustamata karboniseeritud \u00f5unamahl, maasika ja hibiskusega. Hea janukustutaja kuumal p\u00e4eval. Ei ole lisatud \u00a0s\u00e4ilitus-, l\u00f5hna- ja v\u00e4rvained.\" \/>\n<meta property=\"og:url\" content=\"https:\/\/www.siidritalu.ee\/en\/pood\/vurts-magustamata-oun-maasikas-hibiskus\/\" \/>\n<meta property=\"og:site_name\" content=\"Tori Siidritalu\" \/>\n<meta property=\"article:modified_time\" content=\"2024-01-31T16:05:59+00:00\" \/>\n<meta property=\"og:image\" content=\"https:\/\/www.siidritalu.ee\/wp-content\/uploads\/2021\/10\/Maasika-Vurts-wp.jpg\" \/>\n\t<meta property=\"og:image:width\" content=\"450\" \/>\n\t<meta property=\"og:image:height\" content=\"600\" \/>\n\t<meta property=\"og:image:type\" content=\"image\/jpeg\" \/>\n<meta name=\"twitter:card\" content=\"summary_large_image\" \/>\n<meta name=\"twitter:label1\" content=\"Est. reading time\" \/>\n\t<meta name=\"twitter:data1\" content=\"1 minute\" \/>\n<script type=\"application\/ld+json\" class=\"yoast-schema-graph\">{\"@context\":\"https:\\\/\\\/schema.org\",\"@graph\":[{\"@type\":\"WebPage\",\"@id\":\"https:\\\/\\\/www.siidritalu.ee\\\/en\\\/pood\\\/vurts-magustamata-oun-maasikas-hibiskus\\\/\",\"url\":\"https:\\\/\\\/www.siidritalu.ee\\\/en\\\/pood\\\/vurts-magustamata-oun-maasikas-hibiskus\\\/\",\"name\":\"VURTS 33cl \u00d5un, maasikas & hibiskus (5tk) - Tori Siidritalu\",\"isPartOf\":{\"@id\":\"https:\\\/\\\/siidritalu.ee\\\/#website\"},\"primaryImageOfPage\":{\"@id\":\"https:\\\/\\\/www.siidritalu.ee\\\/en\\\/pood\\\/vurts-magustamata-oun-maasikas-hibiskus\\\/#primaryimage\"},\"image\":{\"@id\":\"https:\\\/\\\/www.siidritalu.ee\\\/en\\\/pood\\\/vurts-magustamata-oun-maasikas-hibiskus\\\/#primaryimage\"},\"thumbnailUrl\":\"https:\\\/\\\/www.siidritalu.ee\\\/wp-content\\\/uploads\\\/2021\\\/10\\\/Maasika-Vurts-wp.jpg\",\"datePublished\":\"2021-10-07T14:16:00+00:00\",\"dateModified\":\"2024-01-31T16:05:59+00:00\",\"description\":\"Magustamata karboniseeritud \u00f5unamahl, maasika ja hibiskusega. Hea janukustutaja kuumal p\u00e4eval. Ei ole lisatud \u00a0s\u00e4ilitus-, l\u00f5hna- ja v\u00e4rvained.\",\"breadcrumb\":{\"@id\":\"https:\\\/\\\/www.siidritalu.ee\\\/en\\\/pood\\\/vurts-magustamata-oun-maasikas-hibiskus\\\/#breadcrumb\"},\"inLanguage\":\"en-US\",\"potentialAction\":[{\"@type\":\"ReadAction\",\"target\":[\"https:\\\/\\\/www.siidritalu.ee\\\/en\\\/pood\\\/vurts-magustamata-oun-maasikas-hibiskus\\\/\"]}]},{\"@type\":\"ImageObject\",\"inLanguage\":\"en-US\",\"@id\":\"https:\\\/\\\/www.siidritalu.ee\\\/en\\\/pood\\\/vurts-magustamata-oun-maasikas-hibiskus\\\/#primaryimage\",\"url\":\"https:\\\/\\\/www.siidritalu.ee\\\/wp-content\\\/uploads\\\/2021\\\/10\\\/Maasika-Vurts-wp.jpg\",\"contentUrl\":\"https:\\\/\\\/www.siidritalu.ee\\\/wp-content\\\/uploads\\\/2021\\\/10\\\/Maasika-Vurts-wp.jpg\",\"width\":450,\"height\":600,\"caption\":\"Maasika limps Vurts\"},{\"@type\":\"BreadcrumbList\",\"@id\":\"https:\\\/\\\/www.siidritalu.ee\\\/en\\\/pood\\\/vurts-magustamata-oun-maasikas-hibiskus\\\/#breadcrumb\",\"itemListElement\":[{\"@type\":\"ListItem\",\"position\":1,\"name\":\"Home\",\"item\":\"https:\\\/\\\/siidritalu.ee\\\/en\\\/\"},{\"@type\":\"ListItem\",\"position\":2,\"name\":\"Shop\",\"item\":\"https:\\\/\\\/siidritalu.ee\\\/en\\\/shop\\\/\"},{\"@type\":\"ListItem\",\"position\":3,\"name\":\"VURTS 33cl \u00d5un, maasikas &#038; hibiskus (5tk)\"}]},{\"@type\":\"WebSite\",\"@id\":\"https:\\\/\\\/siidritalu.ee\\\/#website\",\"url\":\"https:\\\/\\\/siidritalu.ee\\\/\",\"name\":\"Tori Siidritalu\",\"description\":\"Eesti k\u00e4sit\u00f6\u00f6 joogid siider ja alkoholivaba\",\"publisher\":{\"@id\":\"https:\\\/\\\/siidritalu.ee\\\/#organization\"},\"potentialAction\":[{\"@type\":\"SearchAction\",\"target\":{\"@type\":\"EntryPoint\",\"urlTemplate\":\"https:\\\/\\\/siidritalu.ee\\\/?s={search_term_string}\"},\"query-input\":{\"@type\":\"PropertyValueSpecification\",\"valueRequired\":true,\"valueName\":\"search_term_string\"}}],\"inLanguage\":\"en-US\"},{\"@type\":\"Organization\",\"@id\":\"https:\\\/\\\/siidritalu.ee\\\/#organization\",\"name\":\"Tori Siidritalu\",\"url\":\"https:\\\/\\\/siidritalu.ee\\\/\",\"logo\":{\"@type\":\"ImageObject\",\"inLanguage\":\"en-US\",\"@id\":\"https:\\\/\\\/siidritalu.ee\\\/#\\\/schema\\\/logo\\\/image\\\/\",\"url\":\"https:\\\/\\\/www.siidritalu.ee\\\/wp-content\\\/uploads\\\/2021\\\/10\\\/cropped-Logo-1080.jpg\",\"contentUrl\":\"https:\\\/\\\/www.siidritalu.ee\\\/wp-content\\\/uploads\\\/2021\\\/10\\\/cropped-Logo-1080.jpg\",\"width\":512,\"height\":512,\"caption\":\"Tori Siidritalu\"},\"image\":{\"@id\":\"https:\\\/\\\/siidritalu.ee\\\/#\\\/schema\\\/logo\\\/image\\\/\"}}]}<\/script>\n<!-- \/ Yoast SEO plugin. -->","yoast_head_json":{"title":"VURTS 33cl \u00d5un, maasikas & hibiskus (5tk) - Tori Siidritalu","description":"Magustamata karboniseeritud \u00f5unamahl, maasika ja hibiskusega. Hea janukustutaja kuumal p\u00e4eval. Ei ole lisatud \u00a0s\u00e4ilitus-, l\u00f5hna- ja v\u00e4rvained.","robots":{"index":"index","follow":"follow","max-snippet":"max-snippet:-1","max-image-preview":"max-image-preview:large","max-video-preview":"max-video-preview:-1"},"canonical":"https:\/\/www.siidritalu.ee\/en\/pood\/vurts-magustamata-oun-maasikas-hibiskus\/","og_locale":"en_US","og_type":"article","og_title":"VURTS 33cl \u00d5un, maasikas & hibiskus (5tk) - Tori Siidritalu","og_description":"Magustamata karboniseeritud \u00f5unamahl, maasika ja hibiskusega. Hea janukustutaja kuumal p\u00e4eval. Ei ole lisatud \u00a0s\u00e4ilitus-, l\u00f5hna- ja v\u00e4rvained.","og_url":"https:\/\/www.siidritalu.ee\/en\/pood\/vurts-magustamata-oun-maasikas-hibiskus\/","og_site_name":"Tori Siidritalu","article_modified_time":"2024-01-31T16:05:59+00:00","og_image":[{"width":450,"height":600,"url":"https:\/\/www.siidritalu.ee\/wp-content\/uploads\/2021\/10\/Maasika-Vurts-wp.jpg","type":"image\/jpeg"}],"twitter_card":"summary_large_image","twitter_misc":{"Est. reading time":"1 minute"},"schema":{"@context":"https:\/\/schema.org","@graph":[{"@type":"WebPage","@id":"https:\/\/www.siidritalu.ee\/en\/pood\/vurts-magustamata-oun-maasikas-hibiskus\/","url":"https:\/\/www.siidritalu.ee\/en\/pood\/vurts-magustamata-oun-maasikas-hibiskus\/","name":"VURTS 33cl \u00d5un, maasikas & hibiskus (5tk) - Tori Siidritalu","isPartOf":{"@id":"https:\/\/siidritalu.ee\/#website"},"primaryImageOfPage":{"@id":"https:\/\/www.siidritalu.ee\/en\/pood\/vurts-magustamata-oun-maasikas-hibiskus\/#primaryimage"},"image":{"@id":"https:\/\/www.siidritalu.ee\/en\/pood\/vurts-magustamata-oun-maasikas-hibiskus\/#primaryimage"},"thumbnailUrl":"https:\/\/www.siidritalu.ee\/wp-content\/uploads\/2021\/10\/Maasika-Vurts-wp.jpg","datePublished":"2021-10-07T14:16:00+00:00","dateModified":"2024-01-31T16:05:59+00:00","description":"Magustamata karboniseeritud \u00f5unamahl, maasika ja hibiskusega. Hea janukustutaja kuumal p\u00e4eval. Ei ole lisatud \u00a0s\u00e4ilitus-, l\u00f5hna- ja v\u00e4rvained.","breadcrumb":{"@id":"https:\/\/www.siidritalu.ee\/en\/pood\/vurts-magustamata-oun-maasikas-hibiskus\/#breadcrumb"},"inLanguage":"en-US","potentialAction":[{"@type":"ReadAction","target":["https:\/\/www.siidritalu.ee\/en\/pood\/vurts-magustamata-oun-maasikas-hibiskus\/"]}]},{"@type":"ImageObject","inLanguage":"en-US","@id":"https:\/\/www.siidritalu.ee\/en\/pood\/vurts-magustamata-oun-maasikas-hibiskus\/#primaryimage","url":"https:\/\/www.siidritalu.ee\/wp-content\/uploads\/2021\/10\/Maasika-Vurts-wp.jpg","contentUrl":"https:\/\/www.siidritalu.ee\/wp-content\/uploads\/2021\/10\/Maasika-Vurts-wp.jpg","width":450,"height":600,"caption":"Maasika limps Vurts"},{"@type":"BreadcrumbList","@id":"https:\/\/www.siidritalu.ee\/en\/pood\/vurts-magustamata-oun-maasikas-hibiskus\/#breadcrumb","itemListElement":[{"@type":"ListItem","position":1,"name":"Home","item":"https:\/\/siidritalu.ee\/en\/"},{"@type":"ListItem","position":2,"name":"Shop","item":"https:\/\/siidritalu.ee\/en\/shop\/"},{"@type":"ListItem","position":3,"name":"VURTS 33cl \u00d5un, maasikas &#038; hibiskus (5tk)"}]},{"@type":"WebSite","@id":"https:\/\/siidritalu.ee\/#website","url":"https:\/\/siidritalu.ee\/","name":"Tori Siidritalu","description":"Eesti k\u00e4sit\u00f6\u00f6 joogid siider ja alkoholivaba","publisher":{"@id":"https:\/\/siidritalu.ee\/#organization"},"potentialAction":[{"@type":"SearchAction","target":{"@type":"EntryPoint","urlTemplate":"https:\/\/siidritalu.ee\/?s={search_term_string}"},"query-input":{"@type":"PropertyValueSpecification","valueRequired":true,"valueName":"search_term_string"}}],"inLanguage":"en-US"},{"@type":"Organization","@id":"https:\/\/siidritalu.ee\/#organization","name":"Tori Siidritalu","url":"https:\/\/siidritalu.ee\/","logo":{"@type":"ImageObject","inLanguage":"en-US","@id":"https:\/\/siidritalu.ee\/#\/schema\/logo\/image\/","url":"https:\/\/www.siidritalu.ee\/wp-content\/uploads\/2021\/10\/cropped-Logo-1080.jpg","contentUrl":"https:\/\/www.siidritalu.ee\/wp-content\/uploads\/2021\/10\/cropped-Logo-1080.jpg","width":512,"height":512,"caption":"Tori Siidritalu"},"image":{"@id":"https:\/\/siidritalu.ee\/#\/schema\/logo\/image\/"}}]}},"jetpack_sharing_enabled":true,"_links":{"self":[{"href":"https:\/\/www.siidritalu.ee\/en\/wp-json\/wp\/v2\/product\/105","targetHints":{"allow":["GET"]}}],"collection":[{"href":"https:\/\/www.siidritalu.ee\/en\/wp-json\/wp\/v2\/product"}],"about":[{"href":"https:\/\/www.siidritalu.ee\/en\/wp-json\/wp\/v2\/types\/product"}],"wp:featuredmedia":[{"embeddable":true,"href":"https:\/\/www.siidritalu.ee\/en\/wp-json\/wp\/v2\/media\/1945"}],"wp:attachment":[{"href":"https:\/\/www.siidritalu.ee\/en\/wp-json\/wp\/v2\/media?parent=105"}],"wp:term":[{"taxonomy":"product_brand","embeddable":true,"href":"https:\/\/www.siidritalu.ee\/en\/wp-json\/wp\/v2\/product_brand?post=105"},{"taxonomy":"product_cat","embeddable":true,"href":"https:\/\/www.siidritalu.ee\/en\/wp-json\/wp\/v2\/product_cat?post=105"},{"taxonomy":"product_tag","embeddable":true,"href":"https:\/\/www.siidritalu.ee\/en\/wp-json\/wp\/v2\/product_tag?post=105"}],"curies":[{"name":"wp","href":"https:\/\/api.w.org\/{rel}","templated":true}]}}