{"id":1178,"date":"2022-03-17T10:55:05","date_gmt":"2022-03-17T08:55:05","guid":{"rendered":"https:\/\/siidritalu.ee\/?post_type=product&#038;p=1178"},"modified":"2024-01-31T18:13:20","modified_gmt":"2024-01-31T16:13:20","slug":"alkoholivaba-siider-ananass","status":"publish","type":"product","link":"https:\/\/www.siidritalu.ee\/en\/pood\/alkoholivaba-siider-ananass\/","title":{"rendered":"POPP Alkoholivaba siider &#038; ananass (5pdl)"},"content":{"rendered":"<div>\n<p>V\u00e4rvilt erksalt kollane, kerge roheka alatooni ja kerge mulliga. Pudeli p\u00f5hjas v\u00f5ib leiduda sadet. V\u00e4hearomaatne, puuviljane ja v\u00e4rske. Tunda troopilisi vilju, ananassi ja rohelist \u00f5una. Esmamaitses tagasihoidlikud troopilised puuviljad. Keskmaitses k\u00fcps ananass ja \u00f5una v\u00e4rskus. V\u00f5rdlemisi tugeva happega, mis tasakaalustab h\u00e4sti siidrile omast magusust.<\/p>\n<p>Suurep\u00e4rane pitsa, sn\u00e4kkide, puuviljadessertide v\u00f5i pehmete juustudega. Sobib h\u00e4sti ka kokteilide tegemiseks.<\/p>\n<\/div>\n<p><em><strong>Sisaldab vaid looduslikke suhkruid.<\/strong><\/em><br \/>Toitumisalane teave 100ml kohta: energia 30kcal, rasvad 0,1g, s\u00fcsivesikud 5,5g, millest suhkrud 4,2g, valgud 0,1g, sool 0g<\/p>\n<p><strong>Kastis 5 pudelit 33cl<br \/>Parim juua jahutatult 6\u20268\u00b0C juures<\/strong><\/p>\n","protected":false},"excerpt":{"rendered":"<p>Popp on looduse ja inims\u00f5bralik, 100% mahlast valmistatud ja k\u00e4\u00e4ritatud toode. Pole lisatud grammigi kontsentraati ega kunstlikke s\u00e4ilitus- ja v\u00e4rvaineid. Toote valmistamisel on kasutatud Eesti mahe\u00f5una mahla ja hea s\u00f5\u00f5m naturaalset ananassimahla.<\/p>\n","protected":false},"featured_media":1180,"template":"","meta":{"_monsterinsights_skip_tracking":false,"_monsterinsights_sitenote_active":false,"_monsterinsights_sitenote_note":"","_monsterinsights_sitenote_category":0},"product_brand":[],"product_cat":[16],"product_tag":[],"class_list":{"0":"post-1178","1":"product","2":"type-product","3":"status-publish","4":"has-post-thumbnail","6":"product_cat-alkoholivabad-tooted","8":"first","9":"instock","10":"taxable","11":"shipping-taxable","12":"purchasable","13":"product-type-simple"},"yoast_head":"<!-- This site is optimized with the Yoast SEO plugin v27.5 - https:\/\/yoast.com\/product\/yoast-seo-wordpress\/ -->\n<title>POPP Alkoholivaba siider &amp; ananass (5pdl) - Tori Siidritalu<\/title>\n<meta name=\"description\" content=\"Alkoholivaba siider ananassi mahlaga. 100% mahlast valmistatud ja k\u00e4\u00e4ritatud naturaalne toode. Sisaldab vaid looduslikke suhkruid.\" \/>\n<meta name=\"robots\" content=\"index, follow, max-snippet:-1, max-image-preview:large, max-video-preview:-1\" \/>\n<link rel=\"canonical\" href=\"https:\/\/www.siidritalu.ee\/en\/pood\/alkoholivaba-siider-ananass\/\" \/>\n<meta property=\"og:locale\" content=\"en_US\" \/>\n<meta property=\"og:type\" content=\"article\" \/>\n<meta property=\"og:title\" content=\"POPP Alkoholivaba siider &amp; ananass (5pdl) - Tori Siidritalu\" \/>\n<meta property=\"og:description\" content=\"Alkoholivaba siider ananassi mahlaga. 100% mahlast valmistatud ja k\u00e4\u00e4ritatud naturaalne toode. Sisaldab vaid looduslikke suhkruid.\" \/>\n<meta property=\"og:url\" content=\"https:\/\/www.siidritalu.ee\/en\/pood\/alkoholivaba-siider-ananass\/\" \/>\n<meta property=\"og:site_name\" content=\"Tori Siidritalu\" \/>\n<meta property=\"article:modified_time\" content=\"2024-01-31T16:13:20+00:00\" \/>\n<meta property=\"og:image\" content=\"https:\/\/siidritalu.ee\/wp-content\/uploads\/2022\/03\/wp-ananass.jpg\" \/>\n\t<meta property=\"og:image:width\" content=\"600\" \/>\n\t<meta property=\"og:image:height\" content=\"800\" \/>\n\t<meta property=\"og:image:type\" content=\"image\/jpeg\" \/>\n<meta name=\"twitter:card\" content=\"summary_large_image\" \/>\n<script type=\"application\/ld+json\" class=\"yoast-schema-graph\">{\"@context\":\"https:\\\/\\\/schema.org\",\"@graph\":[{\"@type\":\"WebPage\",\"@id\":\"https:\\\/\\\/www.siidritalu.ee\\\/en\\\/pood\\\/alkoholivaba-siider-ananass\\\/\",\"url\":\"https:\\\/\\\/www.siidritalu.ee\\\/en\\\/pood\\\/alkoholivaba-siider-ananass\\\/\",\"name\":\"POPP Alkoholivaba siider & ananass (5pdl) - Tori Siidritalu\",\"isPartOf\":{\"@id\":\"https:\\\/\\\/siidritalu.ee\\\/#website\"},\"primaryImageOfPage\":{\"@id\":\"https:\\\/\\\/www.siidritalu.ee\\\/en\\\/pood\\\/alkoholivaba-siider-ananass\\\/#primaryimage\"},\"image\":{\"@id\":\"https:\\\/\\\/www.siidritalu.ee\\\/en\\\/pood\\\/alkoholivaba-siider-ananass\\\/#primaryimage\"},\"thumbnailUrl\":\"https:\\\/\\\/www.siidritalu.ee\\\/wp-content\\\/uploads\\\/2022\\\/03\\\/wp-ananass.jpg\",\"datePublished\":\"2022-03-17T08:55:05+00:00\",\"dateModified\":\"2024-01-31T16:13:20+00:00\",\"description\":\"Alkoholivaba siider ananassi mahlaga. 100% mahlast valmistatud ja k\u00e4\u00e4ritatud naturaalne toode. Sisaldab vaid looduslikke suhkruid.\",\"breadcrumb\":{\"@id\":\"https:\\\/\\\/www.siidritalu.ee\\\/en\\\/pood\\\/alkoholivaba-siider-ananass\\\/#breadcrumb\"},\"inLanguage\":\"en-US\",\"potentialAction\":[{\"@type\":\"ReadAction\",\"target\":[\"https:\\\/\\\/www.siidritalu.ee\\\/en\\\/pood\\\/alkoholivaba-siider-ananass\\\/\"]}]},{\"@type\":\"ImageObject\",\"inLanguage\":\"en-US\",\"@id\":\"https:\\\/\\\/www.siidritalu.ee\\\/en\\\/pood\\\/alkoholivaba-siider-ananass\\\/#primaryimage\",\"url\":\"https:\\\/\\\/www.siidritalu.ee\\\/wp-content\\\/uploads\\\/2022\\\/03\\\/wp-ananass.jpg\",\"contentUrl\":\"https:\\\/\\\/www.siidritalu.ee\\\/wp-content\\\/uploads\\\/2022\\\/03\\\/wp-ananass.jpg\",\"width\":600,\"height\":800,\"caption\":\"Popp alkoholivaba siider ananassi mahlaga\"},{\"@type\":\"BreadcrumbList\",\"@id\":\"https:\\\/\\\/www.siidritalu.ee\\\/en\\\/pood\\\/alkoholivaba-siider-ananass\\\/#breadcrumb\",\"itemListElement\":[{\"@type\":\"ListItem\",\"position\":1,\"name\":\"Home\",\"item\":\"https:\\\/\\\/siidritalu.ee\\\/en\\\/\"},{\"@type\":\"ListItem\",\"position\":2,\"name\":\"Shop\",\"item\":\"https:\\\/\\\/siidritalu.ee\\\/en\\\/shop\\\/\"},{\"@type\":\"ListItem\",\"position\":3,\"name\":\"POPP Alkoholivaba siider &#038; ananass (5pdl)\"}]},{\"@type\":\"WebSite\",\"@id\":\"https:\\\/\\\/siidritalu.ee\\\/#website\",\"url\":\"https:\\\/\\\/siidritalu.ee\\\/\",\"name\":\"Tori Siidritalu\",\"description\":\"Eesti k\u00e4sit\u00f6\u00f6 joogid siider ja alkoholivaba\",\"publisher\":{\"@id\":\"https:\\\/\\\/siidritalu.ee\\\/#organization\"},\"potentialAction\":[{\"@type\":\"SearchAction\",\"target\":{\"@type\":\"EntryPoint\",\"urlTemplate\":\"https:\\\/\\\/siidritalu.ee\\\/?s={search_term_string}\"},\"query-input\":{\"@type\":\"PropertyValueSpecification\",\"valueRequired\":true,\"valueName\":\"search_term_string\"}}],\"inLanguage\":\"en-US\"},{\"@type\":\"Organization\",\"@id\":\"https:\\\/\\\/siidritalu.ee\\\/#organization\",\"name\":\"Tori Siidritalu\",\"url\":\"https:\\\/\\\/siidritalu.ee\\\/\",\"logo\":{\"@type\":\"ImageObject\",\"inLanguage\":\"en-US\",\"@id\":\"https:\\\/\\\/siidritalu.ee\\\/#\\\/schema\\\/logo\\\/image\\\/\",\"url\":\"https:\\\/\\\/www.siidritalu.ee\\\/wp-content\\\/uploads\\\/2021\\\/10\\\/cropped-Logo-1080.jpg\",\"contentUrl\":\"https:\\\/\\\/www.siidritalu.ee\\\/wp-content\\\/uploads\\\/2021\\\/10\\\/cropped-Logo-1080.jpg\",\"width\":512,\"height\":512,\"caption\":\"Tori Siidritalu\"},\"image\":{\"@id\":\"https:\\\/\\\/siidritalu.ee\\\/#\\\/schema\\\/logo\\\/image\\\/\"}}]}<\/script>\n<!-- \/ Yoast SEO plugin. -->","yoast_head_json":{"title":"POPP Alkoholivaba siider & ananass (5pdl) - Tori Siidritalu","description":"Alkoholivaba siider ananassi mahlaga. 100% mahlast valmistatud ja k\u00e4\u00e4ritatud naturaalne toode. Sisaldab vaid looduslikke suhkruid.","robots":{"index":"index","follow":"follow","max-snippet":"max-snippet:-1","max-image-preview":"max-image-preview:large","max-video-preview":"max-video-preview:-1"},"canonical":"https:\/\/www.siidritalu.ee\/en\/pood\/alkoholivaba-siider-ananass\/","og_locale":"en_US","og_type":"article","og_title":"POPP Alkoholivaba siider & ananass (5pdl) - Tori Siidritalu","og_description":"Alkoholivaba siider ananassi mahlaga. 100% mahlast valmistatud ja k\u00e4\u00e4ritatud naturaalne toode. Sisaldab vaid looduslikke suhkruid.","og_url":"https:\/\/www.siidritalu.ee\/en\/pood\/alkoholivaba-siider-ananass\/","og_site_name":"Tori Siidritalu","article_modified_time":"2024-01-31T16:13:20+00:00","og_image":[{"width":600,"height":800,"url":"https:\/\/siidritalu.ee\/wp-content\/uploads\/2022\/03\/wp-ananass.jpg","type":"image\/jpeg"}],"twitter_card":"summary_large_image","schema":{"@context":"https:\/\/schema.org","@graph":[{"@type":"WebPage","@id":"https:\/\/www.siidritalu.ee\/en\/pood\/alkoholivaba-siider-ananass\/","url":"https:\/\/www.siidritalu.ee\/en\/pood\/alkoholivaba-siider-ananass\/","name":"POPP Alkoholivaba siider & ananass (5pdl) - Tori Siidritalu","isPartOf":{"@id":"https:\/\/siidritalu.ee\/#website"},"primaryImageOfPage":{"@id":"https:\/\/www.siidritalu.ee\/en\/pood\/alkoholivaba-siider-ananass\/#primaryimage"},"image":{"@id":"https:\/\/www.siidritalu.ee\/en\/pood\/alkoholivaba-siider-ananass\/#primaryimage"},"thumbnailUrl":"https:\/\/www.siidritalu.ee\/wp-content\/uploads\/2022\/03\/wp-ananass.jpg","datePublished":"2022-03-17T08:55:05+00:00","dateModified":"2024-01-31T16:13:20+00:00","description":"Alkoholivaba siider ananassi mahlaga. 100% mahlast valmistatud ja k\u00e4\u00e4ritatud naturaalne toode. Sisaldab vaid looduslikke suhkruid.","breadcrumb":{"@id":"https:\/\/www.siidritalu.ee\/en\/pood\/alkoholivaba-siider-ananass\/#breadcrumb"},"inLanguage":"en-US","potentialAction":[{"@type":"ReadAction","target":["https:\/\/www.siidritalu.ee\/en\/pood\/alkoholivaba-siider-ananass\/"]}]},{"@type":"ImageObject","inLanguage":"en-US","@id":"https:\/\/www.siidritalu.ee\/en\/pood\/alkoholivaba-siider-ananass\/#primaryimage","url":"https:\/\/www.siidritalu.ee\/wp-content\/uploads\/2022\/03\/wp-ananass.jpg","contentUrl":"https:\/\/www.siidritalu.ee\/wp-content\/uploads\/2022\/03\/wp-ananass.jpg","width":600,"height":800,"caption":"Popp alkoholivaba siider ananassi mahlaga"},{"@type":"BreadcrumbList","@id":"https:\/\/www.siidritalu.ee\/en\/pood\/alkoholivaba-siider-ananass\/#breadcrumb","itemListElement":[{"@type":"ListItem","position":1,"name":"Home","item":"https:\/\/siidritalu.ee\/en\/"},{"@type":"ListItem","position":2,"name":"Shop","item":"https:\/\/siidritalu.ee\/en\/shop\/"},{"@type":"ListItem","position":3,"name":"POPP Alkoholivaba siider &#038; ananass (5pdl)"}]},{"@type":"WebSite","@id":"https:\/\/siidritalu.ee\/#website","url":"https:\/\/siidritalu.ee\/","name":"Tori Siidritalu","description":"Eesti k\u00e4sit\u00f6\u00f6 joogid siider ja alkoholivaba","publisher":{"@id":"https:\/\/siidritalu.ee\/#organization"},"potentialAction":[{"@type":"SearchAction","target":{"@type":"EntryPoint","urlTemplate":"https:\/\/siidritalu.ee\/?s={search_term_string}"},"query-input":{"@type":"PropertyValueSpecification","valueRequired":true,"valueName":"search_term_string"}}],"inLanguage":"en-US"},{"@type":"Organization","@id":"https:\/\/siidritalu.ee\/#organization","name":"Tori Siidritalu","url":"https:\/\/siidritalu.ee\/","logo":{"@type":"ImageObject","inLanguage":"en-US","@id":"https:\/\/siidritalu.ee\/#\/schema\/logo\/image\/","url":"https:\/\/www.siidritalu.ee\/wp-content\/uploads\/2021\/10\/cropped-Logo-1080.jpg","contentUrl":"https:\/\/www.siidritalu.ee\/wp-content\/uploads\/2021\/10\/cropped-Logo-1080.jpg","width":512,"height":512,"caption":"Tori Siidritalu"},"image":{"@id":"https:\/\/siidritalu.ee\/#\/schema\/logo\/image\/"}}]}},"jetpack_sharing_enabled":true,"_links":{"self":[{"href":"https:\/\/www.siidritalu.ee\/en\/wp-json\/wp\/v2\/product\/1178","targetHints":{"allow":["GET"]}}],"collection":[{"href":"https:\/\/www.siidritalu.ee\/en\/wp-json\/wp\/v2\/product"}],"about":[{"href":"https:\/\/www.siidritalu.ee\/en\/wp-json\/wp\/v2\/types\/product"}],"wp:featuredmedia":[{"embeddable":true,"href":"https:\/\/www.siidritalu.ee\/en\/wp-json\/wp\/v2\/media\/1180"}],"wp:attachment":[{"href":"https:\/\/www.siidritalu.ee\/en\/wp-json\/wp\/v2\/media?parent=1178"}],"wp:term":[{"taxonomy":"product_brand","embeddable":true,"href":"https:\/\/www.siidritalu.ee\/en\/wp-json\/wp\/v2\/product_brand?post=1178"},{"taxonomy":"product_cat","embeddable":true,"href":"https:\/\/www.siidritalu.ee\/en\/wp-json\/wp\/v2\/product_cat?post=1178"},{"taxonomy":"product_tag","embeddable":true,"href":"https:\/\/www.siidritalu.ee\/en\/wp-json\/wp\/v2\/product_tag?post=1178"}],"curies":[{"name":"wp","href":"https:\/\/api.w.org\/{rel}","templated":true}]}}