{"id":1243,"date":"2022-05-03T14:33:49","date_gmt":"2022-05-03T11:33:49","guid":{"rendered":"https:\/\/siidritalu.ee\/?post_type=product&#038;p=1243"},"modified":"2023-04-07T16:29:54","modified_gmt":"2023-04-07T13:29:54","slug":"mustasostra-likoor","status":"publish","type":"product","link":"https:\/\/www.siidritalu.ee\/en\/pood\/mustasostra-likoor\/","title":{"rendered":"Mustas\u00f5stra lik\u00f6\u00f6r"},"content":{"rendered":"<p>V\u00e4rvuselt lillakas punane.<br \/>\nAroomis marjane. Tunda aniisi, lagritsat ja suhkrusust.<br \/>\nMaitselt s\u00fcgav, alkohoolselt soe. Tunda tumedaid marju, kakaod ja \u0161okolaadi, mida tasakaalustab p\u00fcsiv hape, mis muudab kogemuse oodatust v\u00e4hem<br \/>\nmagusaks.<\/p>\n<p>Meeldiv koositsosa erinevatesse kokteilidesse. Nautimiseks erinevate kookide<br \/>\ntiramisu, \u0161okolaadi mousse v\u00f5i fondantiga.<\/p>\n<p>Alc 23,5%vol 35cl<br \/>\n<strong>Serveeri 6\u20268\u00b0C<\/strong><\/p>\n","protected":false},"excerpt":{"rendered":"<p>\u00d5unadestillaadis laagerdatud Tori Siidritalu mustas\u00f5strad. Marjane ja s\u00e4rtsakaslik\u00f6\u00f6r.<\/p>\n","protected":false},"featured_media":1244,"template":"","meta":{"_monsterinsights_skip_tracking":false,"_monsterinsights_sitenote_active":false,"_monsterinsights_sitenote_note":"","_monsterinsights_sitenote_category":0},"product_brand":[],"product_cat":[41],"product_tag":[],"class_list":{"0":"post-1243","1":"product","2":"type-product","3":"status-publish","4":"has-post-thumbnail","6":"product_cat-kange-alkohol","8":"first","9":"instock","10":"taxable","11":"shipping-taxable","12":"purchasable","13":"product-type-simple"},"yoast_head":"<!-- This site is optimized with the Yoast SEO plugin v27.5 - https:\/\/yoast.com\/product\/yoast-seo-wordpress\/ -->\n<title>Mustas\u00f5stra lik\u00f6\u00f6r - Tori Siidritalu<\/title>\n<meta name=\"description\" content=\"Mustas\u00f5stralik\u00f6\u00f6r ehk Cr\u00e9me de cassis (prantsuse k.) BLACKCURRANT LIQUEUR. \u00d5unadestillaadis laagerdatud Tori Siidritalu mustas\u00f5strad\" \/>\n<meta name=\"robots\" content=\"index, follow, max-snippet:-1, max-image-preview:large, max-video-preview:-1\" \/>\n<link rel=\"canonical\" href=\"https:\/\/www.siidritalu.ee\/en\/pood\/mustasostra-likoor\/\" \/>\n<meta property=\"og:locale\" content=\"en_US\" \/>\n<meta property=\"og:type\" content=\"article\" \/>\n<meta property=\"og:title\" content=\"Mustas\u00f5stra lik\u00f6\u00f6r - Tori Siidritalu\" \/>\n<meta property=\"og:description\" content=\"Mustas\u00f5stralik\u00f6\u00f6r ehk Cr\u00e9me de cassis (prantsuse k.) BLACKCURRANT LIQUEUR. \u00d5unadestillaadis laagerdatud Tori Siidritalu mustas\u00f5strad\" \/>\n<meta property=\"og:url\" content=\"https:\/\/www.siidritalu.ee\/en\/pood\/mustasostra-likoor\/\" \/>\n<meta property=\"og:site_name\" content=\"Tori Siidritalu\" \/>\n<meta property=\"article:modified_time\" content=\"2023-04-07T13:29:54+00:00\" \/>\n<meta property=\"og:image\" content=\"https:\/\/www.siidritalu.ee\/wp-content\/uploads\/2022\/05\/Mustasostra-likoor.png\" \/>\n\t<meta property=\"og:image:width\" content=\"600\" \/>\n\t<meta property=\"og:image:height\" content=\"800\" \/>\n\t<meta property=\"og:image:type\" content=\"image\/png\" \/>\n<meta name=\"twitter:card\" content=\"summary_large_image\" \/>\n<script type=\"application\/ld+json\" class=\"yoast-schema-graph\">{\"@context\":\"https:\\\/\\\/schema.org\",\"@graph\":[{\"@type\":\"WebPage\",\"@id\":\"https:\\\/\\\/www.siidritalu.ee\\\/en\\\/pood\\\/mustasostra-likoor\\\/\",\"url\":\"https:\\\/\\\/www.siidritalu.ee\\\/en\\\/pood\\\/mustasostra-likoor\\\/\",\"name\":\"Mustas\u00f5stra lik\u00f6\u00f6r - Tori Siidritalu\",\"isPartOf\":{\"@id\":\"https:\\\/\\\/siidritalu.ee\\\/#website\"},\"primaryImageOfPage\":{\"@id\":\"https:\\\/\\\/www.siidritalu.ee\\\/en\\\/pood\\\/mustasostra-likoor\\\/#primaryimage\"},\"image\":{\"@id\":\"https:\\\/\\\/www.siidritalu.ee\\\/en\\\/pood\\\/mustasostra-likoor\\\/#primaryimage\"},\"thumbnailUrl\":\"https:\\\/\\\/www.siidritalu.ee\\\/wp-content\\\/uploads\\\/2022\\\/05\\\/Mustasostra-likoor.png\",\"datePublished\":\"2022-05-03T11:33:49+00:00\",\"dateModified\":\"2023-04-07T13:29:54+00:00\",\"description\":\"Mustas\u00f5stralik\u00f6\u00f6r ehk Cr\u00e9me de cassis (prantsuse k.) BLACKCURRANT LIQUEUR. \u00d5unadestillaadis laagerdatud Tori Siidritalu mustas\u00f5strad\",\"breadcrumb\":{\"@id\":\"https:\\\/\\\/www.siidritalu.ee\\\/en\\\/pood\\\/mustasostra-likoor\\\/#breadcrumb\"},\"inLanguage\":\"en-US\",\"potentialAction\":[{\"@type\":\"ReadAction\",\"target\":[\"https:\\\/\\\/www.siidritalu.ee\\\/en\\\/pood\\\/mustasostra-likoor\\\/\"]}]},{\"@type\":\"ImageObject\",\"inLanguage\":\"en-US\",\"@id\":\"https:\\\/\\\/www.siidritalu.ee\\\/en\\\/pood\\\/mustasostra-likoor\\\/#primaryimage\",\"url\":\"https:\\\/\\\/www.siidritalu.ee\\\/wp-content\\\/uploads\\\/2022\\\/05\\\/Mustasostra-likoor.png\",\"contentUrl\":\"https:\\\/\\\/www.siidritalu.ee\\\/wp-content\\\/uploads\\\/2022\\\/05\\\/Mustasostra-likoor.png\",\"width\":600,\"height\":800,\"caption\":\"BLACKCURRANT LIQUEUR\"},{\"@type\":\"BreadcrumbList\",\"@id\":\"https:\\\/\\\/www.siidritalu.ee\\\/en\\\/pood\\\/mustasostra-likoor\\\/#breadcrumb\",\"itemListElement\":[{\"@type\":\"ListItem\",\"position\":1,\"name\":\"Home\",\"item\":\"https:\\\/\\\/siidritalu.ee\\\/en\\\/\"},{\"@type\":\"ListItem\",\"position\":2,\"name\":\"Shop\",\"item\":\"https:\\\/\\\/siidritalu.ee\\\/en\\\/shop\\\/\"},{\"@type\":\"ListItem\",\"position\":3,\"name\":\"Mustas\u00f5stra lik\u00f6\u00f6r\"}]},{\"@type\":\"WebSite\",\"@id\":\"https:\\\/\\\/siidritalu.ee\\\/#website\",\"url\":\"https:\\\/\\\/siidritalu.ee\\\/\",\"name\":\"Tori Siidritalu\",\"description\":\"Eesti k\u00e4sit\u00f6\u00f6 joogid siider ja alkoholivaba\",\"publisher\":{\"@id\":\"https:\\\/\\\/siidritalu.ee\\\/#organization\"},\"potentialAction\":[{\"@type\":\"SearchAction\",\"target\":{\"@type\":\"EntryPoint\",\"urlTemplate\":\"https:\\\/\\\/siidritalu.ee\\\/?s={search_term_string}\"},\"query-input\":{\"@type\":\"PropertyValueSpecification\",\"valueRequired\":true,\"valueName\":\"search_term_string\"}}],\"inLanguage\":\"en-US\"},{\"@type\":\"Organization\",\"@id\":\"https:\\\/\\\/siidritalu.ee\\\/#organization\",\"name\":\"Tori Siidritalu\",\"url\":\"https:\\\/\\\/siidritalu.ee\\\/\",\"logo\":{\"@type\":\"ImageObject\",\"inLanguage\":\"en-US\",\"@id\":\"https:\\\/\\\/siidritalu.ee\\\/#\\\/schema\\\/logo\\\/image\\\/\",\"url\":\"https:\\\/\\\/www.siidritalu.ee\\\/wp-content\\\/uploads\\\/2021\\\/10\\\/cropped-Logo-1080.jpg\",\"contentUrl\":\"https:\\\/\\\/www.siidritalu.ee\\\/wp-content\\\/uploads\\\/2021\\\/10\\\/cropped-Logo-1080.jpg\",\"width\":512,\"height\":512,\"caption\":\"Tori Siidritalu\"},\"image\":{\"@id\":\"https:\\\/\\\/siidritalu.ee\\\/#\\\/schema\\\/logo\\\/image\\\/\"}}]}<\/script>\n<!-- \/ Yoast SEO plugin. -->","yoast_head_json":{"title":"Mustas\u00f5stra lik\u00f6\u00f6r - Tori Siidritalu","description":"Mustas\u00f5stralik\u00f6\u00f6r ehk Cr\u00e9me de cassis (prantsuse k.) BLACKCURRANT LIQUEUR. \u00d5unadestillaadis laagerdatud Tori Siidritalu mustas\u00f5strad","robots":{"index":"index","follow":"follow","max-snippet":"max-snippet:-1","max-image-preview":"max-image-preview:large","max-video-preview":"max-video-preview:-1"},"canonical":"https:\/\/www.siidritalu.ee\/en\/pood\/mustasostra-likoor\/","og_locale":"en_US","og_type":"article","og_title":"Mustas\u00f5stra lik\u00f6\u00f6r - Tori Siidritalu","og_description":"Mustas\u00f5stralik\u00f6\u00f6r ehk Cr\u00e9me de cassis (prantsuse k.) BLACKCURRANT LIQUEUR. \u00d5unadestillaadis laagerdatud Tori Siidritalu mustas\u00f5strad","og_url":"https:\/\/www.siidritalu.ee\/en\/pood\/mustasostra-likoor\/","og_site_name":"Tori Siidritalu","article_modified_time":"2023-04-07T13:29:54+00:00","og_image":[{"width":600,"height":800,"url":"https:\/\/www.siidritalu.ee\/wp-content\/uploads\/2022\/05\/Mustasostra-likoor.png","type":"image\/png"}],"twitter_card":"summary_large_image","schema":{"@context":"https:\/\/schema.org","@graph":[{"@type":"WebPage","@id":"https:\/\/www.siidritalu.ee\/en\/pood\/mustasostra-likoor\/","url":"https:\/\/www.siidritalu.ee\/en\/pood\/mustasostra-likoor\/","name":"Mustas\u00f5stra lik\u00f6\u00f6r - Tori Siidritalu","isPartOf":{"@id":"https:\/\/siidritalu.ee\/#website"},"primaryImageOfPage":{"@id":"https:\/\/www.siidritalu.ee\/en\/pood\/mustasostra-likoor\/#primaryimage"},"image":{"@id":"https:\/\/www.siidritalu.ee\/en\/pood\/mustasostra-likoor\/#primaryimage"},"thumbnailUrl":"https:\/\/www.siidritalu.ee\/wp-content\/uploads\/2022\/05\/Mustasostra-likoor.png","datePublished":"2022-05-03T11:33:49+00:00","dateModified":"2023-04-07T13:29:54+00:00","description":"Mustas\u00f5stralik\u00f6\u00f6r ehk Cr\u00e9me de cassis (prantsuse k.) BLACKCURRANT LIQUEUR. \u00d5unadestillaadis laagerdatud Tori Siidritalu mustas\u00f5strad","breadcrumb":{"@id":"https:\/\/www.siidritalu.ee\/en\/pood\/mustasostra-likoor\/#breadcrumb"},"inLanguage":"en-US","potentialAction":[{"@type":"ReadAction","target":["https:\/\/www.siidritalu.ee\/en\/pood\/mustasostra-likoor\/"]}]},{"@type":"ImageObject","inLanguage":"en-US","@id":"https:\/\/www.siidritalu.ee\/en\/pood\/mustasostra-likoor\/#primaryimage","url":"https:\/\/www.siidritalu.ee\/wp-content\/uploads\/2022\/05\/Mustasostra-likoor.png","contentUrl":"https:\/\/www.siidritalu.ee\/wp-content\/uploads\/2022\/05\/Mustasostra-likoor.png","width":600,"height":800,"caption":"BLACKCURRANT LIQUEUR"},{"@type":"BreadcrumbList","@id":"https:\/\/www.siidritalu.ee\/en\/pood\/mustasostra-likoor\/#breadcrumb","itemListElement":[{"@type":"ListItem","position":1,"name":"Home","item":"https:\/\/siidritalu.ee\/en\/"},{"@type":"ListItem","position":2,"name":"Shop","item":"https:\/\/siidritalu.ee\/en\/shop\/"},{"@type":"ListItem","position":3,"name":"Mustas\u00f5stra lik\u00f6\u00f6r"}]},{"@type":"WebSite","@id":"https:\/\/siidritalu.ee\/#website","url":"https:\/\/siidritalu.ee\/","name":"Tori Siidritalu","description":"Eesti k\u00e4sit\u00f6\u00f6 joogid siider ja alkoholivaba","publisher":{"@id":"https:\/\/siidritalu.ee\/#organization"},"potentialAction":[{"@type":"SearchAction","target":{"@type":"EntryPoint","urlTemplate":"https:\/\/siidritalu.ee\/?s={search_term_string}"},"query-input":{"@type":"PropertyValueSpecification","valueRequired":true,"valueName":"search_term_string"}}],"inLanguage":"en-US"},{"@type":"Organization","@id":"https:\/\/siidritalu.ee\/#organization","name":"Tori Siidritalu","url":"https:\/\/siidritalu.ee\/","logo":{"@type":"ImageObject","inLanguage":"en-US","@id":"https:\/\/siidritalu.ee\/#\/schema\/logo\/image\/","url":"https:\/\/www.siidritalu.ee\/wp-content\/uploads\/2021\/10\/cropped-Logo-1080.jpg","contentUrl":"https:\/\/www.siidritalu.ee\/wp-content\/uploads\/2021\/10\/cropped-Logo-1080.jpg","width":512,"height":512,"caption":"Tori Siidritalu"},"image":{"@id":"https:\/\/siidritalu.ee\/#\/schema\/logo\/image\/"}}]}},"jetpack_sharing_enabled":true,"_links":{"self":[{"href":"https:\/\/www.siidritalu.ee\/en\/wp-json\/wp\/v2\/product\/1243","targetHints":{"allow":["GET"]}}],"collection":[{"href":"https:\/\/www.siidritalu.ee\/en\/wp-json\/wp\/v2\/product"}],"about":[{"href":"https:\/\/www.siidritalu.ee\/en\/wp-json\/wp\/v2\/types\/product"}],"wp:featuredmedia":[{"embeddable":true,"href":"https:\/\/www.siidritalu.ee\/en\/wp-json\/wp\/v2\/media\/1244"}],"wp:attachment":[{"href":"https:\/\/www.siidritalu.ee\/en\/wp-json\/wp\/v2\/media?parent=1243"}],"wp:term":[{"taxonomy":"product_brand","embeddable":true,"href":"https:\/\/www.siidritalu.ee\/en\/wp-json\/wp\/v2\/product_brand?post=1243"},{"taxonomy":"product_cat","embeddable":true,"href":"https:\/\/www.siidritalu.ee\/en\/wp-json\/wp\/v2\/product_cat?post=1243"},{"taxonomy":"product_tag","embeddable":true,"href":"https:\/\/www.siidritalu.ee\/en\/wp-json\/wp\/v2\/product_tag?post=1243"}],"curies":[{"name":"wp","href":"https:\/\/api.w.org\/{rel}","templated":true}]}}