{"id":1247,"date":"2022-05-03T14:44:24","date_gmt":"2022-05-03T11:44:24","guid":{"rendered":"https:\/\/siidritalu.ee\/?post_type=product&#038;p=1247"},"modified":"2024-10-20T10:12:49","modified_gmt":"2024-10-20T07:12:49","slug":"ounaviin","status":"publish","type":"product","link":"https:\/\/www.siidritalu.ee\/en\/pood\/ounaviin\/","title":{"rendered":"\u00d5unaviin"},"content":{"rendered":"<p>Kes kunagi Alpides kohalikku napsu proovinud, neile tuttav maitse.<br \/>\nKlaar, v\u00e4rvitu, viskoosne ja puhas.<br \/>\nAroomis \u00f5unane, \u00f5line ja aromaatne<br \/>\nMaitselt \u00f5unane, suhkrune.<\/p>\n<p>Suurep\u00e4rane iseseisvaks pitsijoogiks v\u00f5i kokteilidesse lisamiseks. Hea kosutus,<br \/>\nkui k\u00fclm nahavahele pugenud on.<\/p>\n<p>Alc 43,4%vol 35cl<br \/>\n<strong>Serveeri 6\u20268\u00b0C<\/strong><\/p>\n","protected":false},"excerpt":{"rendered":"<p>Tori Siidritalus Soomaa piirkonnast korjatud \u00f5untest destilleeritud puuviljane mahe naps.<\/p>\n","protected":false},"featured_media":1248,"template":"","meta":{"_monsterinsights_skip_tracking":false,"_monsterinsights_sitenote_active":false,"_monsterinsights_sitenote_note":"","_monsterinsights_sitenote_category":0},"product_brand":[],"product_cat":[41],"product_tag":[],"class_list":{"0":"post-1247","1":"product","2":"type-product","3":"status-publish","4":"has-post-thumbnail","6":"product_cat-kange-alkohol","8":"first","9":"instock","10":"taxable","11":"shipping-taxable","12":"purchasable","13":"product-type-simple"},"yoast_head":"<!-- This site is optimized with the Yoast SEO plugin v27.5 - https:\/\/yoast.com\/product\/yoast-seo-wordpress\/ -->\n<title>\u00d5unaviin - Tori Siidritalu<\/title>\n<meta name=\"description\" content=\"APPLE SPIRIT \u00d5unaviin ehk Eau de Vie (prantsuse k.). Tori Siidritallus \u00f5untest destilleeritud puuviljane mahe naps.\" \/>\n<meta name=\"robots\" content=\"index, follow, max-snippet:-1, max-image-preview:large, max-video-preview:-1\" \/>\n<link rel=\"canonical\" href=\"https:\/\/www.siidritalu.ee\/en\/pood\/ounaviin\/\" \/>\n<meta property=\"og:locale\" content=\"en_US\" \/>\n<meta property=\"og:type\" content=\"article\" \/>\n<meta property=\"og:title\" content=\"\u00d5unaviin - Tori Siidritalu\" \/>\n<meta property=\"og:description\" content=\"APPLE SPIRIT \u00d5unaviin ehk Eau de Vie (prantsuse k.). Tori Siidritallus \u00f5untest destilleeritud puuviljane mahe naps.\" \/>\n<meta property=\"og:url\" content=\"https:\/\/www.siidritalu.ee\/en\/pood\/ounaviin\/\" \/>\n<meta property=\"og:site_name\" content=\"Tori Siidritalu\" \/>\n<meta property=\"article:modified_time\" content=\"2024-10-20T07:12:49+00:00\" \/>\n<meta property=\"og:image\" content=\"https:\/\/www.siidritalu.ee\/wp-content\/uploads\/2022\/05\/Ounaviin.png\" \/>\n\t<meta property=\"og:image:width\" content=\"600\" \/>\n\t<meta property=\"og:image:height\" content=\"800\" \/>\n\t<meta property=\"og:image:type\" content=\"image\/png\" \/>\n<meta name=\"twitter:card\" content=\"summary_large_image\" \/>\n<script type=\"application\/ld+json\" class=\"yoast-schema-graph\">{\"@context\":\"https:\\\/\\\/schema.org\",\"@graph\":[{\"@type\":\"WebPage\",\"@id\":\"https:\\\/\\\/www.siidritalu.ee\\\/en\\\/pood\\\/ounaviin\\\/\",\"url\":\"https:\\\/\\\/www.siidritalu.ee\\\/en\\\/pood\\\/ounaviin\\\/\",\"name\":\"\u00d5unaviin - Tori Siidritalu\",\"isPartOf\":{\"@id\":\"https:\\\/\\\/siidritalu.ee\\\/#website\"},\"primaryImageOfPage\":{\"@id\":\"https:\\\/\\\/www.siidritalu.ee\\\/en\\\/pood\\\/ounaviin\\\/#primaryimage\"},\"image\":{\"@id\":\"https:\\\/\\\/www.siidritalu.ee\\\/en\\\/pood\\\/ounaviin\\\/#primaryimage\"},\"thumbnailUrl\":\"https:\\\/\\\/www.siidritalu.ee\\\/wp-content\\\/uploads\\\/2022\\\/05\\\/Ounaviin.png\",\"datePublished\":\"2022-05-03T11:44:24+00:00\",\"dateModified\":\"2024-10-20T07:12:49+00:00\",\"description\":\"APPLE SPIRIT \u00d5unaviin ehk Eau de Vie (prantsuse k.). Tori Siidritallus \u00f5untest destilleeritud puuviljane mahe naps.\",\"breadcrumb\":{\"@id\":\"https:\\\/\\\/www.siidritalu.ee\\\/en\\\/pood\\\/ounaviin\\\/#breadcrumb\"},\"inLanguage\":\"en-US\",\"potentialAction\":[{\"@type\":\"ReadAction\",\"target\":[\"https:\\\/\\\/www.siidritalu.ee\\\/en\\\/pood\\\/ounaviin\\\/\"]}]},{\"@type\":\"ImageObject\",\"inLanguage\":\"en-US\",\"@id\":\"https:\\\/\\\/www.siidritalu.ee\\\/en\\\/pood\\\/ounaviin\\\/#primaryimage\",\"url\":\"https:\\\/\\\/www.siidritalu.ee\\\/wp-content\\\/uploads\\\/2022\\\/05\\\/Ounaviin.png\",\"contentUrl\":\"https:\\\/\\\/www.siidritalu.ee\\\/wp-content\\\/uploads\\\/2022\\\/05\\\/Ounaviin.png\",\"width\":600,\"height\":800,\"caption\":\"\u00d5unaviin ehk Eau de Vie\"},{\"@type\":\"BreadcrumbList\",\"@id\":\"https:\\\/\\\/www.siidritalu.ee\\\/en\\\/pood\\\/ounaviin\\\/#breadcrumb\",\"itemListElement\":[{\"@type\":\"ListItem\",\"position\":1,\"name\":\"Home\",\"item\":\"https:\\\/\\\/siidritalu.ee\\\/en\\\/\"},{\"@type\":\"ListItem\",\"position\":2,\"name\":\"Shop\",\"item\":\"https:\\\/\\\/siidritalu.ee\\\/en\\\/shop\\\/\"},{\"@type\":\"ListItem\",\"position\":3,\"name\":\"\u00d5unaviin\"}]},{\"@type\":\"WebSite\",\"@id\":\"https:\\\/\\\/siidritalu.ee\\\/#website\",\"url\":\"https:\\\/\\\/siidritalu.ee\\\/\",\"name\":\"Tori Siidritalu\",\"description\":\"Eesti k\u00e4sit\u00f6\u00f6 joogid siider ja alkoholivaba\",\"publisher\":{\"@id\":\"https:\\\/\\\/siidritalu.ee\\\/#organization\"},\"potentialAction\":[{\"@type\":\"SearchAction\",\"target\":{\"@type\":\"EntryPoint\",\"urlTemplate\":\"https:\\\/\\\/siidritalu.ee\\\/?s={search_term_string}\"},\"query-input\":{\"@type\":\"PropertyValueSpecification\",\"valueRequired\":true,\"valueName\":\"search_term_string\"}}],\"inLanguage\":\"en-US\"},{\"@type\":\"Organization\",\"@id\":\"https:\\\/\\\/siidritalu.ee\\\/#organization\",\"name\":\"Tori Siidritalu\",\"url\":\"https:\\\/\\\/siidritalu.ee\\\/\",\"logo\":{\"@type\":\"ImageObject\",\"inLanguage\":\"en-US\",\"@id\":\"https:\\\/\\\/siidritalu.ee\\\/#\\\/schema\\\/logo\\\/image\\\/\",\"url\":\"https:\\\/\\\/www.siidritalu.ee\\\/wp-content\\\/uploads\\\/2021\\\/10\\\/cropped-Logo-1080.jpg\",\"contentUrl\":\"https:\\\/\\\/www.siidritalu.ee\\\/wp-content\\\/uploads\\\/2021\\\/10\\\/cropped-Logo-1080.jpg\",\"width\":512,\"height\":512,\"caption\":\"Tori Siidritalu\"},\"image\":{\"@id\":\"https:\\\/\\\/siidritalu.ee\\\/#\\\/schema\\\/logo\\\/image\\\/\"}}]}<\/script>\n<!-- \/ Yoast SEO plugin. -->","yoast_head_json":{"title":"\u00d5unaviin - Tori Siidritalu","description":"APPLE SPIRIT \u00d5unaviin ehk Eau de Vie (prantsuse k.). Tori Siidritallus \u00f5untest destilleeritud puuviljane mahe naps.","robots":{"index":"index","follow":"follow","max-snippet":"max-snippet:-1","max-image-preview":"max-image-preview:large","max-video-preview":"max-video-preview:-1"},"canonical":"https:\/\/www.siidritalu.ee\/en\/pood\/ounaviin\/","og_locale":"en_US","og_type":"article","og_title":"\u00d5unaviin - Tori Siidritalu","og_description":"APPLE SPIRIT \u00d5unaviin ehk Eau de Vie (prantsuse k.). Tori Siidritallus \u00f5untest destilleeritud puuviljane mahe naps.","og_url":"https:\/\/www.siidritalu.ee\/en\/pood\/ounaviin\/","og_site_name":"Tori Siidritalu","article_modified_time":"2024-10-20T07:12:49+00:00","og_image":[{"width":600,"height":800,"url":"https:\/\/www.siidritalu.ee\/wp-content\/uploads\/2022\/05\/Ounaviin.png","type":"image\/png"}],"twitter_card":"summary_large_image","schema":{"@context":"https:\/\/schema.org","@graph":[{"@type":"WebPage","@id":"https:\/\/www.siidritalu.ee\/en\/pood\/ounaviin\/","url":"https:\/\/www.siidritalu.ee\/en\/pood\/ounaviin\/","name":"\u00d5unaviin - Tori Siidritalu","isPartOf":{"@id":"https:\/\/siidritalu.ee\/#website"},"primaryImageOfPage":{"@id":"https:\/\/www.siidritalu.ee\/en\/pood\/ounaviin\/#primaryimage"},"image":{"@id":"https:\/\/www.siidritalu.ee\/en\/pood\/ounaviin\/#primaryimage"},"thumbnailUrl":"https:\/\/www.siidritalu.ee\/wp-content\/uploads\/2022\/05\/Ounaviin.png","datePublished":"2022-05-03T11:44:24+00:00","dateModified":"2024-10-20T07:12:49+00:00","description":"APPLE SPIRIT \u00d5unaviin ehk Eau de Vie (prantsuse k.). Tori Siidritallus \u00f5untest destilleeritud puuviljane mahe naps.","breadcrumb":{"@id":"https:\/\/www.siidritalu.ee\/en\/pood\/ounaviin\/#breadcrumb"},"inLanguage":"en-US","potentialAction":[{"@type":"ReadAction","target":["https:\/\/www.siidritalu.ee\/en\/pood\/ounaviin\/"]}]},{"@type":"ImageObject","inLanguage":"en-US","@id":"https:\/\/www.siidritalu.ee\/en\/pood\/ounaviin\/#primaryimage","url":"https:\/\/www.siidritalu.ee\/wp-content\/uploads\/2022\/05\/Ounaviin.png","contentUrl":"https:\/\/www.siidritalu.ee\/wp-content\/uploads\/2022\/05\/Ounaviin.png","width":600,"height":800,"caption":"\u00d5unaviin ehk Eau de Vie"},{"@type":"BreadcrumbList","@id":"https:\/\/www.siidritalu.ee\/en\/pood\/ounaviin\/#breadcrumb","itemListElement":[{"@type":"ListItem","position":1,"name":"Home","item":"https:\/\/siidritalu.ee\/en\/"},{"@type":"ListItem","position":2,"name":"Shop","item":"https:\/\/siidritalu.ee\/en\/shop\/"},{"@type":"ListItem","position":3,"name":"\u00d5unaviin"}]},{"@type":"WebSite","@id":"https:\/\/siidritalu.ee\/#website","url":"https:\/\/siidritalu.ee\/","name":"Tori Siidritalu","description":"Eesti k\u00e4sit\u00f6\u00f6 joogid siider ja alkoholivaba","publisher":{"@id":"https:\/\/siidritalu.ee\/#organization"},"potentialAction":[{"@type":"SearchAction","target":{"@type":"EntryPoint","urlTemplate":"https:\/\/siidritalu.ee\/?s={search_term_string}"},"query-input":{"@type":"PropertyValueSpecification","valueRequired":true,"valueName":"search_term_string"}}],"inLanguage":"en-US"},{"@type":"Organization","@id":"https:\/\/siidritalu.ee\/#organization","name":"Tori Siidritalu","url":"https:\/\/siidritalu.ee\/","logo":{"@type":"ImageObject","inLanguage":"en-US","@id":"https:\/\/siidritalu.ee\/#\/schema\/logo\/image\/","url":"https:\/\/www.siidritalu.ee\/wp-content\/uploads\/2021\/10\/cropped-Logo-1080.jpg","contentUrl":"https:\/\/www.siidritalu.ee\/wp-content\/uploads\/2021\/10\/cropped-Logo-1080.jpg","width":512,"height":512,"caption":"Tori Siidritalu"},"image":{"@id":"https:\/\/siidritalu.ee\/#\/schema\/logo\/image\/"}}]}},"jetpack_sharing_enabled":true,"_links":{"self":[{"href":"https:\/\/www.siidritalu.ee\/en\/wp-json\/wp\/v2\/product\/1247","targetHints":{"allow":["GET"]}}],"collection":[{"href":"https:\/\/www.siidritalu.ee\/en\/wp-json\/wp\/v2\/product"}],"about":[{"href":"https:\/\/www.siidritalu.ee\/en\/wp-json\/wp\/v2\/types\/product"}],"wp:featuredmedia":[{"embeddable":true,"href":"https:\/\/www.siidritalu.ee\/en\/wp-json\/wp\/v2\/media\/1248"}],"wp:attachment":[{"href":"https:\/\/www.siidritalu.ee\/en\/wp-json\/wp\/v2\/media?parent=1247"}],"wp:term":[{"taxonomy":"product_brand","embeddable":true,"href":"https:\/\/www.siidritalu.ee\/en\/wp-json\/wp\/v2\/product_brand?post=1247"},{"taxonomy":"product_cat","embeddable":true,"href":"https:\/\/www.siidritalu.ee\/en\/wp-json\/wp\/v2\/product_cat?post=1247"},{"taxonomy":"product_tag","embeddable":true,"href":"https:\/\/www.siidritalu.ee\/en\/wp-json\/wp\/v2\/product_tag?post=1247"}],"curies":[{"name":"wp","href":"https:\/\/api.w.org\/{rel}","templated":true}]}}