{"id":1566,"date":"2022-10-04T19:35:38","date_gmt":"2022-10-04T16:35:38","guid":{"rendered":"https:\/\/siidritalu.ee\/?post_type=product&#038;p=1566"},"modified":"2025-11-04T15:49:03","modified_gmt":"2025-11-04T13:49:03","slug":"kinkekomplekt-apple-spirit","status":"publish","type":"product","link":"https:\/\/www.siidritalu.ee\/en\/pood\/kinkekomplekt-apple-spirit\/","title":{"rendered":"Kinkekomplekt Apple Spirit"},"content":{"rendered":"<p>Tori Siidritalus, Soomaa piirkonnast, korjatud \u00f5untest destilleeritud puuviljane mahe naps. Kes kunagi Alpides kohalikku napsu proovinud, neile tuttav maitse.<\/p>\n<p>Klaar, v\u00e4rvitu, viskoosne ja puhas.<\/p>\n<p>Aroomis \u00f5unane, \u00f5line ja aromaatne.<\/p>\n<p>Maitselt \u00f5unane, suhkrune.<\/p>\n<p>Suurep\u00e4rane iseseisvaks pitsijoogiks v\u00f5i kokteilidesse lisamiseks. Hea kosutus, kui k\u00fclm nahavahele pugenud on.<\/p>\n<p>Serveeri: 6\u20268\u00b0C<br \/>\nAlc 43,4%vol 35cl<\/p>\n<div><\/div>\n","protected":false},"excerpt":{"rendered":"<p><strong><em>Komplektis:<\/em><\/strong><br \/>\nApple spirit\/\u00a0 \u00f5unaviin<br \/>\nMurakaveinimoos 100g<\/p>\n","protected":false},"featured_media":1586,"template":"","meta":{"_monsterinsights_skip_tracking":false,"_monsterinsights_sitenote_active":false,"_monsterinsights_sitenote_note":"","_monsterinsights_sitenote_category":0},"product_brand":[],"product_cat":[19],"product_tag":[],"class_list":{"0":"post-1566","1":"product","2":"type-product","3":"status-publish","4":"has-post-thumbnail","6":"product_cat-kinkekomplektid","8":"first","9":"instock","10":"taxable","11":"shipping-taxable","12":"purchasable","13":"product-type-simple"},"yoast_head":"<!-- This site is optimized with the Yoast SEO plugin v27.5 - https:\/\/yoast.com\/product\/yoast-seo-wordpress\/ -->\n<title>Kinkekomplekt Apple Spirit - Tori Siidritalu<\/title>\n<meta name=\"description\" content=\"Tori Siidritalus, Soomaa piirkonnast, korjatud \u00f5untest destilleeritud puuviljanemahe naps. Kes kunagi Alpides kohalikku napsu proovinud, neile tuttavmaitse.\" \/>\n<meta name=\"robots\" content=\"index, follow, max-snippet:-1, max-image-preview:large, max-video-preview:-1\" \/>\n<link rel=\"canonical\" href=\"https:\/\/www.siidritalu.ee\/en\/pood\/kinkekomplekt-apple-spirit\/\" \/>\n<meta property=\"og:locale\" content=\"en_US\" \/>\n<meta property=\"og:type\" content=\"article\" \/>\n<meta property=\"og:title\" content=\"Kinkekomplekt Apple Spirit - Tori Siidritalu\" \/>\n<meta property=\"og:description\" content=\"Tori Siidritalus, Soomaa piirkonnast, korjatud \u00f5untest destilleeritud puuviljanemahe naps. Kes kunagi Alpides kohalikku napsu proovinud, neile tuttavmaitse.\" \/>\n<meta property=\"og:url\" content=\"https:\/\/www.siidritalu.ee\/en\/pood\/kinkekomplekt-apple-spirit\/\" \/>\n<meta property=\"og:site_name\" content=\"Tori Siidritalu\" \/>\n<meta property=\"article:modified_time\" content=\"2025-11-04T13:49:03+00:00\" \/>\n<meta property=\"og:image\" content=\"https:\/\/siidritalu.ee\/wp-content\/uploads\/2022\/10\/Blackurant-komplekt-wp1.jpg\" \/>\n\t<meta property=\"og:image:width\" content=\"600\" \/>\n\t<meta property=\"og:image:height\" content=\"800\" \/>\n\t<meta property=\"og:image:type\" content=\"image\/jpeg\" \/>\n<meta name=\"twitter:card\" content=\"summary_large_image\" \/>\n<script type=\"application\/ld+json\" class=\"yoast-schema-graph\">{\"@context\":\"https:\\\/\\\/schema.org\",\"@graph\":[{\"@type\":\"WebPage\",\"@id\":\"https:\\\/\\\/www.siidritalu.ee\\\/en\\\/pood\\\/kinkekomplekt-apple-spirit\\\/\",\"url\":\"https:\\\/\\\/www.siidritalu.ee\\\/en\\\/pood\\\/kinkekomplekt-apple-spirit\\\/\",\"name\":\"Kinkekomplekt Apple Spirit - Tori Siidritalu\",\"isPartOf\":{\"@id\":\"https:\\\/\\\/siidritalu.ee\\\/#website\"},\"primaryImageOfPage\":{\"@id\":\"https:\\\/\\\/www.siidritalu.ee\\\/en\\\/pood\\\/kinkekomplekt-apple-spirit\\\/#primaryimage\"},\"image\":{\"@id\":\"https:\\\/\\\/www.siidritalu.ee\\\/en\\\/pood\\\/kinkekomplekt-apple-spirit\\\/#primaryimage\"},\"thumbnailUrl\":\"https:\\\/\\\/www.siidritalu.ee\\\/wp-content\\\/uploads\\\/2022\\\/10\\\/Blackurant-komplekt-wp1.jpg\",\"datePublished\":\"2022-10-04T16:35:38+00:00\",\"dateModified\":\"2025-11-04T13:49:03+00:00\",\"description\":\"Tori Siidritalus, Soomaa piirkonnast, korjatud \u00f5untest destilleeritud puuviljanemahe naps. Kes kunagi Alpides kohalikku napsu proovinud, neile tuttavmaitse.\",\"breadcrumb\":{\"@id\":\"https:\\\/\\\/www.siidritalu.ee\\\/en\\\/pood\\\/kinkekomplekt-apple-spirit\\\/#breadcrumb\"},\"inLanguage\":\"en-US\",\"potentialAction\":[{\"@type\":\"ReadAction\",\"target\":[\"https:\\\/\\\/www.siidritalu.ee\\\/en\\\/pood\\\/kinkekomplekt-apple-spirit\\\/\"]}]},{\"@type\":\"ImageObject\",\"inLanguage\":\"en-US\",\"@id\":\"https:\\\/\\\/www.siidritalu.ee\\\/en\\\/pood\\\/kinkekomplekt-apple-spirit\\\/#primaryimage\",\"url\":\"https:\\\/\\\/www.siidritalu.ee\\\/wp-content\\\/uploads\\\/2022\\\/10\\\/Blackurant-komplekt-wp1.jpg\",\"contentUrl\":\"https:\\\/\\\/www.siidritalu.ee\\\/wp-content\\\/uploads\\\/2022\\\/10\\\/Blackurant-komplekt-wp1.jpg\",\"width\":600,\"height\":800,\"caption\":\"\u00f5unaviin\"},{\"@type\":\"BreadcrumbList\",\"@id\":\"https:\\\/\\\/www.siidritalu.ee\\\/en\\\/pood\\\/kinkekomplekt-apple-spirit\\\/#breadcrumb\",\"itemListElement\":[{\"@type\":\"ListItem\",\"position\":1,\"name\":\"Home\",\"item\":\"https:\\\/\\\/siidritalu.ee\\\/en\\\/\"},{\"@type\":\"ListItem\",\"position\":2,\"name\":\"Shop\",\"item\":\"https:\\\/\\\/siidritalu.ee\\\/en\\\/shop\\\/\"},{\"@type\":\"ListItem\",\"position\":3,\"name\":\"Kinkekomplekt Apple Spirit\"}]},{\"@type\":\"WebSite\",\"@id\":\"https:\\\/\\\/siidritalu.ee\\\/#website\",\"url\":\"https:\\\/\\\/siidritalu.ee\\\/\",\"name\":\"Tori Siidritalu\",\"description\":\"Eesti k\u00e4sit\u00f6\u00f6 joogid siider ja alkoholivaba\",\"publisher\":{\"@id\":\"https:\\\/\\\/siidritalu.ee\\\/#organization\"},\"potentialAction\":[{\"@type\":\"SearchAction\",\"target\":{\"@type\":\"EntryPoint\",\"urlTemplate\":\"https:\\\/\\\/siidritalu.ee\\\/?s={search_term_string}\"},\"query-input\":{\"@type\":\"PropertyValueSpecification\",\"valueRequired\":true,\"valueName\":\"search_term_string\"}}],\"inLanguage\":\"en-US\"},{\"@type\":\"Organization\",\"@id\":\"https:\\\/\\\/siidritalu.ee\\\/#organization\",\"name\":\"Tori Siidritalu\",\"url\":\"https:\\\/\\\/siidritalu.ee\\\/\",\"logo\":{\"@type\":\"ImageObject\",\"inLanguage\":\"en-US\",\"@id\":\"https:\\\/\\\/siidritalu.ee\\\/#\\\/schema\\\/logo\\\/image\\\/\",\"url\":\"https:\\\/\\\/www.siidritalu.ee\\\/wp-content\\\/uploads\\\/2021\\\/10\\\/cropped-Logo-1080.jpg\",\"contentUrl\":\"https:\\\/\\\/www.siidritalu.ee\\\/wp-content\\\/uploads\\\/2021\\\/10\\\/cropped-Logo-1080.jpg\",\"width\":512,\"height\":512,\"caption\":\"Tori Siidritalu\"},\"image\":{\"@id\":\"https:\\\/\\\/siidritalu.ee\\\/#\\\/schema\\\/logo\\\/image\\\/\"}}]}<\/script>\n<!-- \/ Yoast SEO plugin. -->","yoast_head_json":{"title":"Kinkekomplekt Apple Spirit - Tori Siidritalu","description":"Tori Siidritalus, Soomaa piirkonnast, korjatud \u00f5untest destilleeritud puuviljanemahe naps. Kes kunagi Alpides kohalikku napsu proovinud, neile tuttavmaitse.","robots":{"index":"index","follow":"follow","max-snippet":"max-snippet:-1","max-image-preview":"max-image-preview:large","max-video-preview":"max-video-preview:-1"},"canonical":"https:\/\/www.siidritalu.ee\/en\/pood\/kinkekomplekt-apple-spirit\/","og_locale":"en_US","og_type":"article","og_title":"Kinkekomplekt Apple Spirit - Tori Siidritalu","og_description":"Tori Siidritalus, Soomaa piirkonnast, korjatud \u00f5untest destilleeritud puuviljanemahe naps. Kes kunagi Alpides kohalikku napsu proovinud, neile tuttavmaitse.","og_url":"https:\/\/www.siidritalu.ee\/en\/pood\/kinkekomplekt-apple-spirit\/","og_site_name":"Tori Siidritalu","article_modified_time":"2025-11-04T13:49:03+00:00","og_image":[{"width":600,"height":800,"url":"https:\/\/siidritalu.ee\/wp-content\/uploads\/2022\/10\/Blackurant-komplekt-wp1.jpg","type":"image\/jpeg"}],"twitter_card":"summary_large_image","schema":{"@context":"https:\/\/schema.org","@graph":[{"@type":"WebPage","@id":"https:\/\/www.siidritalu.ee\/en\/pood\/kinkekomplekt-apple-spirit\/","url":"https:\/\/www.siidritalu.ee\/en\/pood\/kinkekomplekt-apple-spirit\/","name":"Kinkekomplekt Apple Spirit - Tori Siidritalu","isPartOf":{"@id":"https:\/\/siidritalu.ee\/#website"},"primaryImageOfPage":{"@id":"https:\/\/www.siidritalu.ee\/en\/pood\/kinkekomplekt-apple-spirit\/#primaryimage"},"image":{"@id":"https:\/\/www.siidritalu.ee\/en\/pood\/kinkekomplekt-apple-spirit\/#primaryimage"},"thumbnailUrl":"https:\/\/www.siidritalu.ee\/wp-content\/uploads\/2022\/10\/Blackurant-komplekt-wp1.jpg","datePublished":"2022-10-04T16:35:38+00:00","dateModified":"2025-11-04T13:49:03+00:00","description":"Tori Siidritalus, Soomaa piirkonnast, korjatud \u00f5untest destilleeritud puuviljanemahe naps. Kes kunagi Alpides kohalikku napsu proovinud, neile tuttavmaitse.","breadcrumb":{"@id":"https:\/\/www.siidritalu.ee\/en\/pood\/kinkekomplekt-apple-spirit\/#breadcrumb"},"inLanguage":"en-US","potentialAction":[{"@type":"ReadAction","target":["https:\/\/www.siidritalu.ee\/en\/pood\/kinkekomplekt-apple-spirit\/"]}]},{"@type":"ImageObject","inLanguage":"en-US","@id":"https:\/\/www.siidritalu.ee\/en\/pood\/kinkekomplekt-apple-spirit\/#primaryimage","url":"https:\/\/www.siidritalu.ee\/wp-content\/uploads\/2022\/10\/Blackurant-komplekt-wp1.jpg","contentUrl":"https:\/\/www.siidritalu.ee\/wp-content\/uploads\/2022\/10\/Blackurant-komplekt-wp1.jpg","width":600,"height":800,"caption":"\u00f5unaviin"},{"@type":"BreadcrumbList","@id":"https:\/\/www.siidritalu.ee\/en\/pood\/kinkekomplekt-apple-spirit\/#breadcrumb","itemListElement":[{"@type":"ListItem","position":1,"name":"Home","item":"https:\/\/siidritalu.ee\/en\/"},{"@type":"ListItem","position":2,"name":"Shop","item":"https:\/\/siidritalu.ee\/en\/shop\/"},{"@type":"ListItem","position":3,"name":"Kinkekomplekt Apple Spirit"}]},{"@type":"WebSite","@id":"https:\/\/siidritalu.ee\/#website","url":"https:\/\/siidritalu.ee\/","name":"Tori Siidritalu","description":"Eesti k\u00e4sit\u00f6\u00f6 joogid siider ja alkoholivaba","publisher":{"@id":"https:\/\/siidritalu.ee\/#organization"},"potentialAction":[{"@type":"SearchAction","target":{"@type":"EntryPoint","urlTemplate":"https:\/\/siidritalu.ee\/?s={search_term_string}"},"query-input":{"@type":"PropertyValueSpecification","valueRequired":true,"valueName":"search_term_string"}}],"inLanguage":"en-US"},{"@type":"Organization","@id":"https:\/\/siidritalu.ee\/#organization","name":"Tori Siidritalu","url":"https:\/\/siidritalu.ee\/","logo":{"@type":"ImageObject","inLanguage":"en-US","@id":"https:\/\/siidritalu.ee\/#\/schema\/logo\/image\/","url":"https:\/\/www.siidritalu.ee\/wp-content\/uploads\/2021\/10\/cropped-Logo-1080.jpg","contentUrl":"https:\/\/www.siidritalu.ee\/wp-content\/uploads\/2021\/10\/cropped-Logo-1080.jpg","width":512,"height":512,"caption":"Tori Siidritalu"},"image":{"@id":"https:\/\/siidritalu.ee\/#\/schema\/logo\/image\/"}}]}},"jetpack_sharing_enabled":true,"_links":{"self":[{"href":"https:\/\/www.siidritalu.ee\/en\/wp-json\/wp\/v2\/product\/1566","targetHints":{"allow":["GET"]}}],"collection":[{"href":"https:\/\/www.siidritalu.ee\/en\/wp-json\/wp\/v2\/product"}],"about":[{"href":"https:\/\/www.siidritalu.ee\/en\/wp-json\/wp\/v2\/types\/product"}],"wp:featuredmedia":[{"embeddable":true,"href":"https:\/\/www.siidritalu.ee\/en\/wp-json\/wp\/v2\/media\/1586"}],"wp:attachment":[{"href":"https:\/\/www.siidritalu.ee\/en\/wp-json\/wp\/v2\/media?parent=1566"}],"wp:term":[{"taxonomy":"product_brand","embeddable":true,"href":"https:\/\/www.siidritalu.ee\/en\/wp-json\/wp\/v2\/product_brand?post=1566"},{"taxonomy":"product_cat","embeddable":true,"href":"https:\/\/www.siidritalu.ee\/en\/wp-json\/wp\/v2\/product_cat?post=1566"},{"taxonomy":"product_tag","embeddable":true,"href":"https:\/\/www.siidritalu.ee\/en\/wp-json\/wp\/v2\/product_tag?post=1566"}],"curies":[{"name":"wp","href":"https:\/\/api.w.org\/{rel}","templated":true}]}}