{"id":1575,"date":"2022-10-04T18:43:19","date_gmt":"2022-10-04T15:43:19","guid":{"rendered":"https:\/\/siidritalu.ee\/?post_type=product&#038;p=1575"},"modified":"2025-11-04T15:49:52","modified_gmt":"2025-11-04T13:49:52","slug":"kinkekomplekt-ritika","status":"publish","type":"product","link":"https:\/\/www.siidritalu.ee\/en\/pood\/kinkekomplekt-ritika\/","title":{"rendered":"Kinkekomplekt Ritika"},"content":{"rendered":"<div>\n<p><strong><em>Ritika \u00f5unalik\u00f6\u00f6r<\/em><\/strong><\/p>\n<p>Tori Siidritalu veinikeldrist ilmavalgust n\u00e4inud uus ja eriline toode maitseelamuste otsijaile. Tuntud prantsuse keeles nimega pommeau.<\/p>\n<\/div>\n<div>\n<p>Ritika on \u00fcks Tori Siidritalu lemmik \u00f5unasortidest. T\u00e4nu oma\u00a0erakordselt suurele suhkrusisaldusele ja rikkalikule maitsele sobib Ritika \u00f5un dessertsiidrite ja lik\u00f6\u00f6ride tootmiseks.<\/p>\n<\/div>\n<div>\n<p>Aeg teeb selle joogi vaid paremaks. Lik\u00f6\u00f6rile ei ole lisatud suhkrut, kogu magusus tuleb vaid looduslikest, \u00f5unas leiduvast puuviljasuhkrust. Jook ise on laagerdatud Prantsuse tammevaatides.<\/p>\n<\/div>\n<div>\n<p>V\u00e4rvilt kuldkollane.<\/p>\n<\/div>\n<div>\n<p>Aroomis \u00f5unane, lik\u00f6\u00f6rne, karamelline ja alkohoolne.<\/p>\n<p>Maitselt mahe, kuid kompleksne. Tunda vanilje, \u00f5unakompotti ja veidi <span style=\"color: #333333;\">tanniini.<\/span><\/p>\n<\/div>\n<div>\n<p>Parim digestiiviks konjaki v\u00f5i calvados asemel. Erinevate kookide ja karamelliste dessertide juurde v\u00f5i pikalt laagerdunud juustude k\u00f5rvale.<\/p>\n<\/div>\n<div>Serveeri: 6&#8230;8\u00b0C<br \/>\n<span style=\"color: #555555;\"><span style=\"color: #555555;\">Alc 21%vol 35cl<\/span><\/span><\/div>\n","protected":false},"excerpt":{"rendered":"<p><strong><em>Komplektis:<\/em><\/strong><br \/>\nRitika \u00f5unalik\u00f6\u00f6r<br \/>\nMurakaveinimoos 100g<\/p>\n","protected":false},"featured_media":1582,"template":"","meta":{"_monsterinsights_skip_tracking":false,"_monsterinsights_sitenote_active":false,"_monsterinsights_sitenote_note":"","_monsterinsights_sitenote_category":0},"product_brand":[],"product_cat":[19],"product_tag":[],"class_list":{"0":"post-1575","1":"product","2":"type-product","3":"status-publish","4":"has-post-thumbnail","6":"product_cat-kinkekomplektid","8":"first","9":"instock","10":"taxable","11":"shipping-taxable","12":"purchasable","13":"product-type-simple"},"yoast_head":"<!-- This site is optimized with the Yoast SEO plugin v27.5 - https:\/\/yoast.com\/product\/yoast-seo-wordpress\/ -->\n<title>Kinkekomplekt Ritika - Tori Siidritalu<\/title>\n<meta name=\"description\" content=\"Tori Siidritalu veinikeldrist ilmavalgust n\u00e4inud uus ja eriline toodemaitseelamuste otsijaile. Tuntud prantsuse keeles nimega pommeau.\" \/>\n<meta name=\"robots\" content=\"index, follow, max-snippet:-1, max-image-preview:large, max-video-preview:-1\" \/>\n<link rel=\"canonical\" href=\"https:\/\/www.siidritalu.ee\/en\/pood\/kinkekomplekt-ritika\/\" \/>\n<meta property=\"og:locale\" content=\"en_US\" \/>\n<meta property=\"og:type\" content=\"article\" \/>\n<meta property=\"og:title\" content=\"Kinkekomplekt Ritika - Tori Siidritalu\" \/>\n<meta property=\"og:description\" content=\"Tori Siidritalu veinikeldrist ilmavalgust n\u00e4inud uus ja eriline toodemaitseelamuste otsijaile. Tuntud prantsuse keeles nimega pommeau.\" \/>\n<meta property=\"og:url\" content=\"https:\/\/www.siidritalu.ee\/en\/pood\/kinkekomplekt-ritika\/\" \/>\n<meta property=\"og:site_name\" content=\"Tori Siidritalu\" \/>\n<meta property=\"article:modified_time\" content=\"2025-11-04T13:49:52+00:00\" \/>\n<meta property=\"og:image\" content=\"https:\/\/siidritalu.ee\/wp-content\/uploads\/2022\/10\/Ritika-komplekt-wp1-1.jpg\" \/>\n\t<meta property=\"og:image:width\" content=\"600\" \/>\n\t<meta property=\"og:image:height\" content=\"800\" \/>\n\t<meta property=\"og:image:type\" content=\"image\/jpeg\" \/>\n<meta name=\"twitter:card\" content=\"summary_large_image\" \/>\n<meta name=\"twitter:label1\" content=\"Est. reading time\" \/>\n\t<meta name=\"twitter:data1\" content=\"1 minute\" \/>\n<script type=\"application\/ld+json\" class=\"yoast-schema-graph\">{\"@context\":\"https:\\\/\\\/schema.org\",\"@graph\":[{\"@type\":\"WebPage\",\"@id\":\"https:\\\/\\\/www.siidritalu.ee\\\/en\\\/pood\\\/kinkekomplekt-ritika\\\/\",\"url\":\"https:\\\/\\\/www.siidritalu.ee\\\/en\\\/pood\\\/kinkekomplekt-ritika\\\/\",\"name\":\"Kinkekomplekt Ritika - Tori Siidritalu\",\"isPartOf\":{\"@id\":\"https:\\\/\\\/siidritalu.ee\\\/#website\"},\"primaryImageOfPage\":{\"@id\":\"https:\\\/\\\/www.siidritalu.ee\\\/en\\\/pood\\\/kinkekomplekt-ritika\\\/#primaryimage\"},\"image\":{\"@id\":\"https:\\\/\\\/www.siidritalu.ee\\\/en\\\/pood\\\/kinkekomplekt-ritika\\\/#primaryimage\"},\"thumbnailUrl\":\"https:\\\/\\\/www.siidritalu.ee\\\/wp-content\\\/uploads\\\/2022\\\/10\\\/Ritika-komplekt-wp1-1.jpg\",\"datePublished\":\"2022-10-04T15:43:19+00:00\",\"dateModified\":\"2025-11-04T13:49:52+00:00\",\"description\":\"Tori Siidritalu veinikeldrist ilmavalgust n\u00e4inud uus ja eriline toodemaitseelamuste otsijaile. Tuntud prantsuse keeles nimega pommeau.\",\"breadcrumb\":{\"@id\":\"https:\\\/\\\/www.siidritalu.ee\\\/en\\\/pood\\\/kinkekomplekt-ritika\\\/#breadcrumb\"},\"inLanguage\":\"en-US\",\"potentialAction\":[{\"@type\":\"ReadAction\",\"target\":[\"https:\\\/\\\/www.siidritalu.ee\\\/en\\\/pood\\\/kinkekomplekt-ritika\\\/\"]}]},{\"@type\":\"ImageObject\",\"inLanguage\":\"en-US\",\"@id\":\"https:\\\/\\\/www.siidritalu.ee\\\/en\\\/pood\\\/kinkekomplekt-ritika\\\/#primaryimage\",\"url\":\"https:\\\/\\\/www.siidritalu.ee\\\/wp-content\\\/uploads\\\/2022\\\/10\\\/Ritika-komplekt-wp1-1.jpg\",\"contentUrl\":\"https:\\\/\\\/www.siidritalu.ee\\\/wp-content\\\/uploads\\\/2022\\\/10\\\/Ritika-komplekt-wp1-1.jpg\",\"width\":600,\"height\":800,\"caption\":\"Tori Siidritalu veinikeldrist ilmavalgust n\u00e4inud uus ja eriline toode maitseelamuste otsijaile. Tuntud prantsuse keeles nimega pommeau.\"},{\"@type\":\"BreadcrumbList\",\"@id\":\"https:\\\/\\\/www.siidritalu.ee\\\/en\\\/pood\\\/kinkekomplekt-ritika\\\/#breadcrumb\",\"itemListElement\":[{\"@type\":\"ListItem\",\"position\":1,\"name\":\"Home\",\"item\":\"https:\\\/\\\/siidritalu.ee\\\/en\\\/\"},{\"@type\":\"ListItem\",\"position\":2,\"name\":\"Shop\",\"item\":\"https:\\\/\\\/siidritalu.ee\\\/en\\\/shop\\\/\"},{\"@type\":\"ListItem\",\"position\":3,\"name\":\"Kinkekomplekt Ritika\"}]},{\"@type\":\"WebSite\",\"@id\":\"https:\\\/\\\/siidritalu.ee\\\/#website\",\"url\":\"https:\\\/\\\/siidritalu.ee\\\/\",\"name\":\"Tori Siidritalu\",\"description\":\"Eesti k\u00e4sit\u00f6\u00f6 joogid siider ja alkoholivaba\",\"publisher\":{\"@id\":\"https:\\\/\\\/siidritalu.ee\\\/#organization\"},\"potentialAction\":[{\"@type\":\"SearchAction\",\"target\":{\"@type\":\"EntryPoint\",\"urlTemplate\":\"https:\\\/\\\/siidritalu.ee\\\/?s={search_term_string}\"},\"query-input\":{\"@type\":\"PropertyValueSpecification\",\"valueRequired\":true,\"valueName\":\"search_term_string\"}}],\"inLanguage\":\"en-US\"},{\"@type\":\"Organization\",\"@id\":\"https:\\\/\\\/siidritalu.ee\\\/#organization\",\"name\":\"Tori Siidritalu\",\"url\":\"https:\\\/\\\/siidritalu.ee\\\/\",\"logo\":{\"@type\":\"ImageObject\",\"inLanguage\":\"en-US\",\"@id\":\"https:\\\/\\\/siidritalu.ee\\\/#\\\/schema\\\/logo\\\/image\\\/\",\"url\":\"https:\\\/\\\/www.siidritalu.ee\\\/wp-content\\\/uploads\\\/2021\\\/10\\\/cropped-Logo-1080.jpg\",\"contentUrl\":\"https:\\\/\\\/www.siidritalu.ee\\\/wp-content\\\/uploads\\\/2021\\\/10\\\/cropped-Logo-1080.jpg\",\"width\":512,\"height\":512,\"caption\":\"Tori Siidritalu\"},\"image\":{\"@id\":\"https:\\\/\\\/siidritalu.ee\\\/#\\\/schema\\\/logo\\\/image\\\/\"}}]}<\/script>\n<!-- \/ Yoast SEO plugin. -->","yoast_head_json":{"title":"Kinkekomplekt Ritika - Tori Siidritalu","description":"Tori Siidritalu veinikeldrist ilmavalgust n\u00e4inud uus ja eriline toodemaitseelamuste otsijaile. Tuntud prantsuse keeles nimega pommeau.","robots":{"index":"index","follow":"follow","max-snippet":"max-snippet:-1","max-image-preview":"max-image-preview:large","max-video-preview":"max-video-preview:-1"},"canonical":"https:\/\/www.siidritalu.ee\/en\/pood\/kinkekomplekt-ritika\/","og_locale":"en_US","og_type":"article","og_title":"Kinkekomplekt Ritika - Tori Siidritalu","og_description":"Tori Siidritalu veinikeldrist ilmavalgust n\u00e4inud uus ja eriline toodemaitseelamuste otsijaile. Tuntud prantsuse keeles nimega pommeau.","og_url":"https:\/\/www.siidritalu.ee\/en\/pood\/kinkekomplekt-ritika\/","og_site_name":"Tori Siidritalu","article_modified_time":"2025-11-04T13:49:52+00:00","og_image":[{"width":600,"height":800,"url":"https:\/\/siidritalu.ee\/wp-content\/uploads\/2022\/10\/Ritika-komplekt-wp1-1.jpg","type":"image\/jpeg"}],"twitter_card":"summary_large_image","twitter_misc":{"Est. reading time":"1 minute"},"schema":{"@context":"https:\/\/schema.org","@graph":[{"@type":"WebPage","@id":"https:\/\/www.siidritalu.ee\/en\/pood\/kinkekomplekt-ritika\/","url":"https:\/\/www.siidritalu.ee\/en\/pood\/kinkekomplekt-ritika\/","name":"Kinkekomplekt Ritika - Tori Siidritalu","isPartOf":{"@id":"https:\/\/siidritalu.ee\/#website"},"primaryImageOfPage":{"@id":"https:\/\/www.siidritalu.ee\/en\/pood\/kinkekomplekt-ritika\/#primaryimage"},"image":{"@id":"https:\/\/www.siidritalu.ee\/en\/pood\/kinkekomplekt-ritika\/#primaryimage"},"thumbnailUrl":"https:\/\/www.siidritalu.ee\/wp-content\/uploads\/2022\/10\/Ritika-komplekt-wp1-1.jpg","datePublished":"2022-10-04T15:43:19+00:00","dateModified":"2025-11-04T13:49:52+00:00","description":"Tori Siidritalu veinikeldrist ilmavalgust n\u00e4inud uus ja eriline toodemaitseelamuste otsijaile. Tuntud prantsuse keeles nimega pommeau.","breadcrumb":{"@id":"https:\/\/www.siidritalu.ee\/en\/pood\/kinkekomplekt-ritika\/#breadcrumb"},"inLanguage":"en-US","potentialAction":[{"@type":"ReadAction","target":["https:\/\/www.siidritalu.ee\/en\/pood\/kinkekomplekt-ritika\/"]}]},{"@type":"ImageObject","inLanguage":"en-US","@id":"https:\/\/www.siidritalu.ee\/en\/pood\/kinkekomplekt-ritika\/#primaryimage","url":"https:\/\/www.siidritalu.ee\/wp-content\/uploads\/2022\/10\/Ritika-komplekt-wp1-1.jpg","contentUrl":"https:\/\/www.siidritalu.ee\/wp-content\/uploads\/2022\/10\/Ritika-komplekt-wp1-1.jpg","width":600,"height":800,"caption":"Tori Siidritalu veinikeldrist ilmavalgust n\u00e4inud uus ja eriline toode maitseelamuste otsijaile. Tuntud prantsuse keeles nimega pommeau."},{"@type":"BreadcrumbList","@id":"https:\/\/www.siidritalu.ee\/en\/pood\/kinkekomplekt-ritika\/#breadcrumb","itemListElement":[{"@type":"ListItem","position":1,"name":"Home","item":"https:\/\/siidritalu.ee\/en\/"},{"@type":"ListItem","position":2,"name":"Shop","item":"https:\/\/siidritalu.ee\/en\/shop\/"},{"@type":"ListItem","position":3,"name":"Kinkekomplekt Ritika"}]},{"@type":"WebSite","@id":"https:\/\/siidritalu.ee\/#website","url":"https:\/\/siidritalu.ee\/","name":"Tori Siidritalu","description":"Eesti k\u00e4sit\u00f6\u00f6 joogid siider ja alkoholivaba","publisher":{"@id":"https:\/\/siidritalu.ee\/#organization"},"potentialAction":[{"@type":"SearchAction","target":{"@type":"EntryPoint","urlTemplate":"https:\/\/siidritalu.ee\/?s={search_term_string}"},"query-input":{"@type":"PropertyValueSpecification","valueRequired":true,"valueName":"search_term_string"}}],"inLanguage":"en-US"},{"@type":"Organization","@id":"https:\/\/siidritalu.ee\/#organization","name":"Tori Siidritalu","url":"https:\/\/siidritalu.ee\/","logo":{"@type":"ImageObject","inLanguage":"en-US","@id":"https:\/\/siidritalu.ee\/#\/schema\/logo\/image\/","url":"https:\/\/www.siidritalu.ee\/wp-content\/uploads\/2021\/10\/cropped-Logo-1080.jpg","contentUrl":"https:\/\/www.siidritalu.ee\/wp-content\/uploads\/2021\/10\/cropped-Logo-1080.jpg","width":512,"height":512,"caption":"Tori Siidritalu"},"image":{"@id":"https:\/\/siidritalu.ee\/#\/schema\/logo\/image\/"}}]}},"jetpack_sharing_enabled":true,"_links":{"self":[{"href":"https:\/\/www.siidritalu.ee\/en\/wp-json\/wp\/v2\/product\/1575","targetHints":{"allow":["GET"]}}],"collection":[{"href":"https:\/\/www.siidritalu.ee\/en\/wp-json\/wp\/v2\/product"}],"about":[{"href":"https:\/\/www.siidritalu.ee\/en\/wp-json\/wp\/v2\/types\/product"}],"wp:featuredmedia":[{"embeddable":true,"href":"https:\/\/www.siidritalu.ee\/en\/wp-json\/wp\/v2\/media\/1582"}],"wp:attachment":[{"href":"https:\/\/www.siidritalu.ee\/en\/wp-json\/wp\/v2\/media?parent=1575"}],"wp:term":[{"taxonomy":"product_brand","embeddable":true,"href":"https:\/\/www.siidritalu.ee\/en\/wp-json\/wp\/v2\/product_brand?post=1575"},{"taxonomy":"product_cat","embeddable":true,"href":"https:\/\/www.siidritalu.ee\/en\/wp-json\/wp\/v2\/product_cat?post=1575"},{"taxonomy":"product_tag","embeddable":true,"href":"https:\/\/www.siidritalu.ee\/en\/wp-json\/wp\/v2\/product_tag?post=1575"}],"curies":[{"name":"wp","href":"https:\/\/api.w.org\/{rel}","templated":true}]}}