{"id":158,"date":"2021-10-09T15:21:24","date_gmt":"2021-10-09T15:21:24","guid":{"rendered":"https:\/\/siidritalu.ee\/?post_type=product&#038;p=158"},"modified":"2024-10-08T16:57:16","modified_gmt":"2024-10-08T13:57:16","slug":"siider-brut-kuiv","status":"publish","type":"product","link":"https:\/\/www.siidritalu.ee\/en\/pood\/siider-brut-kuiv\/","title":{"rendered":"Siider Brut 75cl"},"content":{"rendered":"<div>\n<div>Kuldse \u00e4\u00e4risega klaar kollane m\u00e4rjuke, millele lisab s\u00e4delust \u00fchtlane peen mull. Veiniselt aromaatne. Tunda \u00f5una, brioschi koos v\u00e4hese mandli<\/div>\n<div>h\u00f5nguga. P\u00fcsima j\u00e4\u00e4vad p\u00e4rmised taluhoovi noodid. Konkreetse iseloomuga traditsiooniline siider. Just see, mida \u00fchelt kuivalt siidrilt oodata. V\u00e4rske, karge, kena happesuse ja puuviljasuse tasakaaluga. Kuiva iseloomu ja keskmise kehandiga.<\/div>\n<div>Maitses tunda \u00f5unast m\u00f5rkjust, kevadist pehmust ja kandvat happesust.<\/div>\n<div><\/div>\n<div>Suurep\u00e4rane aperitiivika v\u00f5i erinevate eeroogade k\u00f5rvale. Hea kaaslane laia valiku roogadega salatitest suppideni. R\u00f6stitud k\u00f6\u00f6giviljade, juustude, erinevate sinkide, puuvijadega. Sobib loomulikult ka iseseisvaks nautimiseks.<\/div>\n<\/div>\n<p>&nbsp;<\/p>\n<p><strong>Alc 5,9%vol 75cl<br \/>\nParim juua jahutatult 6&#8230;8\u00b0C juures<br \/>\n<\/strong><em>sisaldab sulfiteid<\/em><\/p>\n","protected":false},"excerpt":{"rendered":"<div><strong><br \/>\n<img loading=\"lazy\" decoding=\"async\" class=\"wp-image-364 alignright\" src=\"https:\/\/siidritalu.ee\/wp-content\/uploads\/2021\/10\/oko-mark-03-300x274.png\" alt=\"\" width=\"129\" height=\"118\" srcset=\"https:\/\/www.siidritalu.ee\/wp-content\/uploads\/2021\/10\/oko-mark-03-300x274.png 300w, https:\/\/www.siidritalu.ee\/wp-content\/uploads\/2021\/10\/oko-mark-03-510x466.png 510w, https:\/\/www.siidritalu.ee\/wp-content\/uploads\/2021\/10\/oko-mark-03-247x226.png 247w, https:\/\/www.siidritalu.ee\/wp-content\/uploads\/2021\/10\/oko-mark-03.png 543w\" sizes=\"auto, (max-width: 129px) 100vw, 129px\" \/><\/strong><\/div>\n<div>Tori Siidritalus valminud premium siider on valminud talus kasvatatud spetsiaalselt valitud siidri\u00f5untest, metsikult k\u00e4\u00e4ritatud ja laagerdunud v\u00e4hemalt 18 kuud.<br \/>\n<strong><br \/>\n<\/strong><\/div>\n<div><\/div>\n<div><\/div>\n<p><img loading=\"lazy\" decoding=\"async\" class=\"wp-image-1920 alignleft\" src=\"https:\/\/siidritalu.ee\/wp-content\/uploads\/2021\/10\/Parim-ALKOHOLIGA-JOOK-2021-png-283x300.png\" alt=\"\" width=\"90\" height=\"101\" \/><br \/>\n<i class=\"wp-svg-trophy trophy\"><\/i> Parim talutoit 2021 v\u00f5itja kategoorias- Parim alkoholiga jook<strong>\u00a0\u2013\u00a0<\/strong>Tori siidritalu siider \u201eBrut\u201c<\/p>\n<p>&nbsp;<\/p>\n","protected":false},"featured_media":1896,"template":"","meta":{"_monsterinsights_skip_tracking":false,"_monsterinsights_sitenote_active":false,"_monsterinsights_sitenote_note":"","_monsterinsights_sitenote_category":0},"product_brand":[],"product_cat":[17],"product_tag":[],"class_list":{"0":"post-158","1":"product","2":"type-product","3":"status-publish","4":"has-post-thumbnail","6":"product_cat-siider","8":"first","9":"instock","10":"taxable","11":"shipping-taxable","12":"purchasable","13":"product-type-simple"},"yoast_head":"<!-- This site is optimized with the Yoast SEO plugin v27.5 - https:\/\/yoast.com\/product\/yoast-seo-wordpress\/ -->\n<title>Siider Brut 75cl - Tori Siidritalu<\/title>\n<meta name=\"description\" content=\"Tori Siidritalu premium siider valminud talus kasvatatud spetsiaalselt valitud mahe ja siidri\u00f5untest. Laagerdunud v\u00e4hemalt 18 kuud.\" \/>\n<meta name=\"robots\" content=\"index, follow, max-snippet:-1, max-image-preview:large, max-video-preview:-1\" \/>\n<link rel=\"canonical\" href=\"https:\/\/www.siidritalu.ee\/en\/pood\/siider-brut-kuiv\/\" \/>\n<meta property=\"og:locale\" content=\"en_US\" \/>\n<meta property=\"og:type\" content=\"article\" \/>\n<meta property=\"og:title\" content=\"Siider Brut 75cl - Tori Siidritalu\" \/>\n<meta property=\"og:description\" content=\"Tori Siidritalu premium siider valminud talus kasvatatud spetsiaalselt valitud mahe ja siidri\u00f5untest. Laagerdunud v\u00e4hemalt 18 kuud.\" \/>\n<meta property=\"og:url\" content=\"https:\/\/www.siidritalu.ee\/en\/pood\/siider-brut-kuiv\/\" \/>\n<meta property=\"og:site_name\" content=\"Tori Siidritalu\" \/>\n<meta property=\"article:modified_time\" content=\"2024-10-08T13:57:16+00:00\" \/>\n<meta property=\"og:image\" content=\"https:\/\/siidritalu.ee\/wp-content\/uploads\/2021\/10\/Brut-Premium-siider-Tori.jpg\" \/>\n\t<meta property=\"og:image:width\" content=\"450\" \/>\n\t<meta property=\"og:image:height\" content=\"600\" \/>\n\t<meta property=\"og:image:type\" content=\"image\/jpeg\" \/>\n<meta name=\"twitter:card\" content=\"summary_large_image\" \/>\n<meta name=\"twitter:label1\" content=\"Est. reading time\" \/>\n\t<meta name=\"twitter:data1\" content=\"1 minute\" \/>\n<script type=\"application\/ld+json\" class=\"yoast-schema-graph\">{\"@context\":\"https:\\\/\\\/schema.org\",\"@graph\":[{\"@type\":\"WebPage\",\"@id\":\"https:\\\/\\\/www.siidritalu.ee\\\/en\\\/pood\\\/siider-brut-kuiv\\\/\",\"url\":\"https:\\\/\\\/www.siidritalu.ee\\\/en\\\/pood\\\/siider-brut-kuiv\\\/\",\"name\":\"Siider Brut 75cl - Tori Siidritalu\",\"isPartOf\":{\"@id\":\"https:\\\/\\\/siidritalu.ee\\\/#website\"},\"primaryImageOfPage\":{\"@id\":\"https:\\\/\\\/www.siidritalu.ee\\\/en\\\/pood\\\/siider-brut-kuiv\\\/#primaryimage\"},\"image\":{\"@id\":\"https:\\\/\\\/www.siidritalu.ee\\\/en\\\/pood\\\/siider-brut-kuiv\\\/#primaryimage\"},\"thumbnailUrl\":\"https:\\\/\\\/www.siidritalu.ee\\\/wp-content\\\/uploads\\\/2021\\\/10\\\/Brut-Premium-siider-Tori.jpg\",\"datePublished\":\"2021-10-09T15:21:24+00:00\",\"dateModified\":\"2024-10-08T13:57:16+00:00\",\"description\":\"Tori Siidritalu premium siider valminud talus kasvatatud spetsiaalselt valitud mahe ja siidri\u00f5untest. Laagerdunud v\u00e4hemalt 18 kuud.\",\"breadcrumb\":{\"@id\":\"https:\\\/\\\/www.siidritalu.ee\\\/en\\\/pood\\\/siider-brut-kuiv\\\/#breadcrumb\"},\"inLanguage\":\"en-US\",\"potentialAction\":[{\"@type\":\"ReadAction\",\"target\":[\"https:\\\/\\\/www.siidritalu.ee\\\/en\\\/pood\\\/siider-brut-kuiv\\\/\"]}]},{\"@type\":\"ImageObject\",\"inLanguage\":\"en-US\",\"@id\":\"https:\\\/\\\/www.siidritalu.ee\\\/en\\\/pood\\\/siider-brut-kuiv\\\/#primaryimage\",\"url\":\"https:\\\/\\\/www.siidritalu.ee\\\/wp-content\\\/uploads\\\/2021\\\/10\\\/Brut-Premium-siider-Tori.jpg\",\"contentUrl\":\"https:\\\/\\\/www.siidritalu.ee\\\/wp-content\\\/uploads\\\/2021\\\/10\\\/Brut-Premium-siider-Tori.jpg\",\"width\":450,\"height\":600},{\"@type\":\"BreadcrumbList\",\"@id\":\"https:\\\/\\\/www.siidritalu.ee\\\/en\\\/pood\\\/siider-brut-kuiv\\\/#breadcrumb\",\"itemListElement\":[{\"@type\":\"ListItem\",\"position\":1,\"name\":\"Home\",\"item\":\"https:\\\/\\\/siidritalu.ee\\\/en\\\/\"},{\"@type\":\"ListItem\",\"position\":2,\"name\":\"Shop\",\"item\":\"https:\\\/\\\/siidritalu.ee\\\/en\\\/shop\\\/\"},{\"@type\":\"ListItem\",\"position\":3,\"name\":\"Siider Brut 75cl\"}]},{\"@type\":\"WebSite\",\"@id\":\"https:\\\/\\\/siidritalu.ee\\\/#website\",\"url\":\"https:\\\/\\\/siidritalu.ee\\\/\",\"name\":\"Tori Siidritalu\",\"description\":\"Eesti k\u00e4sit\u00f6\u00f6 joogid siider ja alkoholivaba\",\"publisher\":{\"@id\":\"https:\\\/\\\/siidritalu.ee\\\/#organization\"},\"potentialAction\":[{\"@type\":\"SearchAction\",\"target\":{\"@type\":\"EntryPoint\",\"urlTemplate\":\"https:\\\/\\\/siidritalu.ee\\\/?s={search_term_string}\"},\"query-input\":{\"@type\":\"PropertyValueSpecification\",\"valueRequired\":true,\"valueName\":\"search_term_string\"}}],\"inLanguage\":\"en-US\"},{\"@type\":\"Organization\",\"@id\":\"https:\\\/\\\/siidritalu.ee\\\/#organization\",\"name\":\"Tori Siidritalu\",\"url\":\"https:\\\/\\\/siidritalu.ee\\\/\",\"logo\":{\"@type\":\"ImageObject\",\"inLanguage\":\"en-US\",\"@id\":\"https:\\\/\\\/siidritalu.ee\\\/#\\\/schema\\\/logo\\\/image\\\/\",\"url\":\"https:\\\/\\\/www.siidritalu.ee\\\/wp-content\\\/uploads\\\/2021\\\/10\\\/cropped-Logo-1080.jpg\",\"contentUrl\":\"https:\\\/\\\/www.siidritalu.ee\\\/wp-content\\\/uploads\\\/2021\\\/10\\\/cropped-Logo-1080.jpg\",\"width\":512,\"height\":512,\"caption\":\"Tori Siidritalu\"},\"image\":{\"@id\":\"https:\\\/\\\/siidritalu.ee\\\/#\\\/schema\\\/logo\\\/image\\\/\"}}]}<\/script>\n<!-- \/ Yoast SEO plugin. -->","yoast_head_json":{"title":"Siider Brut 75cl - Tori Siidritalu","description":"Tori Siidritalu premium siider valminud talus kasvatatud spetsiaalselt valitud mahe ja siidri\u00f5untest. Laagerdunud v\u00e4hemalt 18 kuud.","robots":{"index":"index","follow":"follow","max-snippet":"max-snippet:-1","max-image-preview":"max-image-preview:large","max-video-preview":"max-video-preview:-1"},"canonical":"https:\/\/www.siidritalu.ee\/en\/pood\/siider-brut-kuiv\/","og_locale":"en_US","og_type":"article","og_title":"Siider Brut 75cl - Tori Siidritalu","og_description":"Tori Siidritalu premium siider valminud talus kasvatatud spetsiaalselt valitud mahe ja siidri\u00f5untest. Laagerdunud v\u00e4hemalt 18 kuud.","og_url":"https:\/\/www.siidritalu.ee\/en\/pood\/siider-brut-kuiv\/","og_site_name":"Tori Siidritalu","article_modified_time":"2024-10-08T13:57:16+00:00","og_image":[{"width":450,"height":600,"url":"https:\/\/siidritalu.ee\/wp-content\/uploads\/2021\/10\/Brut-Premium-siider-Tori.jpg","type":"image\/jpeg"}],"twitter_card":"summary_large_image","twitter_misc":{"Est. reading time":"1 minute"},"schema":{"@context":"https:\/\/schema.org","@graph":[{"@type":"WebPage","@id":"https:\/\/www.siidritalu.ee\/en\/pood\/siider-brut-kuiv\/","url":"https:\/\/www.siidritalu.ee\/en\/pood\/siider-brut-kuiv\/","name":"Siider Brut 75cl - Tori Siidritalu","isPartOf":{"@id":"https:\/\/siidritalu.ee\/#website"},"primaryImageOfPage":{"@id":"https:\/\/www.siidritalu.ee\/en\/pood\/siider-brut-kuiv\/#primaryimage"},"image":{"@id":"https:\/\/www.siidritalu.ee\/en\/pood\/siider-brut-kuiv\/#primaryimage"},"thumbnailUrl":"https:\/\/www.siidritalu.ee\/wp-content\/uploads\/2021\/10\/Brut-Premium-siider-Tori.jpg","datePublished":"2021-10-09T15:21:24+00:00","dateModified":"2024-10-08T13:57:16+00:00","description":"Tori Siidritalu premium siider valminud talus kasvatatud spetsiaalselt valitud mahe ja siidri\u00f5untest. Laagerdunud v\u00e4hemalt 18 kuud.","breadcrumb":{"@id":"https:\/\/www.siidritalu.ee\/en\/pood\/siider-brut-kuiv\/#breadcrumb"},"inLanguage":"en-US","potentialAction":[{"@type":"ReadAction","target":["https:\/\/www.siidritalu.ee\/en\/pood\/siider-brut-kuiv\/"]}]},{"@type":"ImageObject","inLanguage":"en-US","@id":"https:\/\/www.siidritalu.ee\/en\/pood\/siider-brut-kuiv\/#primaryimage","url":"https:\/\/www.siidritalu.ee\/wp-content\/uploads\/2021\/10\/Brut-Premium-siider-Tori.jpg","contentUrl":"https:\/\/www.siidritalu.ee\/wp-content\/uploads\/2021\/10\/Brut-Premium-siider-Tori.jpg","width":450,"height":600},{"@type":"BreadcrumbList","@id":"https:\/\/www.siidritalu.ee\/en\/pood\/siider-brut-kuiv\/#breadcrumb","itemListElement":[{"@type":"ListItem","position":1,"name":"Home","item":"https:\/\/siidritalu.ee\/en\/"},{"@type":"ListItem","position":2,"name":"Shop","item":"https:\/\/siidritalu.ee\/en\/shop\/"},{"@type":"ListItem","position":3,"name":"Siider Brut 75cl"}]},{"@type":"WebSite","@id":"https:\/\/siidritalu.ee\/#website","url":"https:\/\/siidritalu.ee\/","name":"Tori Siidritalu","description":"Eesti k\u00e4sit\u00f6\u00f6 joogid siider ja alkoholivaba","publisher":{"@id":"https:\/\/siidritalu.ee\/#organization"},"potentialAction":[{"@type":"SearchAction","target":{"@type":"EntryPoint","urlTemplate":"https:\/\/siidritalu.ee\/?s={search_term_string}"},"query-input":{"@type":"PropertyValueSpecification","valueRequired":true,"valueName":"search_term_string"}}],"inLanguage":"en-US"},{"@type":"Organization","@id":"https:\/\/siidritalu.ee\/#organization","name":"Tori Siidritalu","url":"https:\/\/siidritalu.ee\/","logo":{"@type":"ImageObject","inLanguage":"en-US","@id":"https:\/\/siidritalu.ee\/#\/schema\/logo\/image\/","url":"https:\/\/www.siidritalu.ee\/wp-content\/uploads\/2021\/10\/cropped-Logo-1080.jpg","contentUrl":"https:\/\/www.siidritalu.ee\/wp-content\/uploads\/2021\/10\/cropped-Logo-1080.jpg","width":512,"height":512,"caption":"Tori Siidritalu"},"image":{"@id":"https:\/\/siidritalu.ee\/#\/schema\/logo\/image\/"}}]}},"jetpack_sharing_enabled":true,"_links":{"self":[{"href":"https:\/\/www.siidritalu.ee\/en\/wp-json\/wp\/v2\/product\/158","targetHints":{"allow":["GET"]}}],"collection":[{"href":"https:\/\/www.siidritalu.ee\/en\/wp-json\/wp\/v2\/product"}],"about":[{"href":"https:\/\/www.siidritalu.ee\/en\/wp-json\/wp\/v2\/types\/product"}],"wp:featuredmedia":[{"embeddable":true,"href":"https:\/\/www.siidritalu.ee\/en\/wp-json\/wp\/v2\/media\/1896"}],"wp:attachment":[{"href":"https:\/\/www.siidritalu.ee\/en\/wp-json\/wp\/v2\/media?parent=158"}],"wp:term":[{"taxonomy":"product_brand","embeddable":true,"href":"https:\/\/www.siidritalu.ee\/en\/wp-json\/wp\/v2\/product_brand?post=158"},{"taxonomy":"product_cat","embeddable":true,"href":"https:\/\/www.siidritalu.ee\/en\/wp-json\/wp\/v2\/product_cat?post=158"},{"taxonomy":"product_tag","embeddable":true,"href":"https:\/\/www.siidritalu.ee\/en\/wp-json\/wp\/v2\/product_tag?post=158"}],"curies":[{"name":"wp","href":"https:\/\/api.w.org\/{rel}","templated":true}]}}