{"id":1596,"date":"2022-10-06T12:13:52","date_gmt":"2022-10-06T09:13:52","guid":{"rendered":"https:\/\/siidritalu.ee\/?post_type=product&#038;p=1596"},"modified":"2024-11-04T11:27:34","modified_gmt":"2024-11-04T09:27:34","slug":"kinkekomplekt-mullijoogiga","status":"publish","type":"product","link":"https:\/\/siidritalu.ee\/en\/pood\/kinkekomplekt-mullijoogiga\/","title":{"rendered":"Kinkekomplekt Mullijoogiga"},"content":{"rendered":"<p class=\"_04xlpA direction-ltr align-start para-style-body\"><span class=\"JsGRdQ\">Kosutav ja karge rabarberi mullijook kirssidega. M\u00f5eldud eelk\u00f5ige alkoholivaba alternatiivina peolaudadele tervitusjoogiks, aga loomulikult ka lihtsalt nautimiseks.<br \/>\nKlaasis heleroosa, kergelt oran\u017eika alatooniga. V\u00e4hearomaatne, \u00f5unaste ja marjaste nootide ning peene mulliga. Elegantne ja pehme maitsega, heas tasakaalus hapukuse ja marjasusega. Tunda kirsse, mahlasust ja \u00f5una, mida domineerib rabarber. J\u00e4relmaitses lisanduvad kirsised maitsed.<br \/>\nSuurep\u00e4rane aperitiiv, salatite, eelroogade n\u00e4iteks siia \u00e4kise k\u00f5rvale v\u00f5i kergemate magusroogade ning k\u00fclmade suupistete k\u00f5rvale. Kena kaaslane pehmetele juustudele.<br \/>\nServeeri: 4-6\u00b0C<br \/>\n75cl pdl<\/span><\/p>\n<p><em><strong>Vahuveinisulgur<\/strong><\/em>\u00a0annab hea v\u00f5imaluse joogi veel teiseks korrakski v\u00e4rskena hoida.<br \/>\nVahuveinipudeli ja shampusepudeli sulgur ehk kork, mis hoiab pudeli tihedalt kinni ja karbonatsiooni. Seda on lihtne kasutada, kummikork sujutab survet, mis oli originaalse korgi veinile k\u00f5ige parem. Tori Siidritalu logoga professionaalne vahuveini sulgur<\/p>\n","protected":false},"excerpt":{"rendered":"<p><strong><em>Komplektis:<br \/>\n<\/em><\/strong>Alkoholivaba rabarberi mullijook<br \/>\nVahuveini sulgur<\/p>\n","protected":false},"featured_media":1597,"template":"","meta":{"_monsterinsights_skip_tracking":false,"_monsterinsights_sitenote_active":false,"_monsterinsights_sitenote_note":"","_monsterinsights_sitenote_category":0},"product_brand":[],"product_cat":[19],"product_tag":[],"class_list":{"0":"post-1596","1":"product","2":"type-product","3":"status-publish","4":"has-post-thumbnail","6":"product_cat-kinkekomplektid","8":"first","9":"instock","10":"taxable","11":"shipping-taxable","12":"purchasable","13":"product-type-simple"},"yoast_head":"<!-- This site is optimized with the Yoast SEO plugin v27.5 - https:\/\/yoast.com\/product\/yoast-seo-wordpress\/ -->\n<title>Kinkekomplekt Mullijoogiga - Tori Siidritalu<\/title>\n<meta name=\"description\" content=\"Kosutav ja karge rabarberi mullijook. M\u00f5eldud eelk\u00f5ige alkoholivaba alternatiivina peolaudadele tervitusjoogiks, aga loomulikult ka lihtsalt nautimiseks.\" \/>\n<meta name=\"robots\" content=\"index, follow, max-snippet:-1, max-image-preview:large, max-video-preview:-1\" \/>\n<link rel=\"canonical\" href=\"https:\/\/siidritalu.ee\/en\/pood\/kinkekomplekt-mullijoogiga\/\" \/>\n<meta property=\"og:locale\" content=\"en_US\" \/>\n<meta property=\"og:type\" content=\"article\" \/>\n<meta property=\"og:title\" content=\"Kinkekomplekt Mullijoogiga - Tori Siidritalu\" \/>\n<meta property=\"og:description\" content=\"Kosutav ja karge rabarberi mullijook. M\u00f5eldud eelk\u00f5ige alkoholivaba alternatiivina peolaudadele tervitusjoogiks, aga loomulikult ka lihtsalt nautimiseks.\" \/>\n<meta property=\"og:url\" content=\"https:\/\/siidritalu.ee\/en\/pood\/kinkekomplekt-mullijoogiga\/\" \/>\n<meta property=\"og:site_name\" content=\"Tori Siidritalu\" \/>\n<meta property=\"article:modified_time\" content=\"2024-11-04T09:27:34+00:00\" \/>\n<meta property=\"og:image\" content=\"https:\/\/siidritalu.ee\/wp-content\/uploads\/2022\/10\/Rbarberi-mull-komplekt-wp1.jpg\" \/>\n\t<meta property=\"og:image:width\" content=\"600\" \/>\n\t<meta property=\"og:image:height\" content=\"800\" \/>\n\t<meta property=\"og:image:type\" content=\"image\/jpeg\" \/>\n<meta name=\"twitter:card\" content=\"summary_large_image\" \/>\n<meta name=\"twitter:label1\" content=\"Est. reading time\" \/>\n\t<meta name=\"twitter:data1\" content=\"1 minute\" \/>\n<script type=\"application\/ld+json\" class=\"yoast-schema-graph\">{\"@context\":\"https:\\\/\\\/schema.org\",\"@graph\":[{\"@type\":\"WebPage\",\"@id\":\"https:\\\/\\\/siidritalu.ee\\\/en\\\/pood\\\/kinkekomplekt-mullijoogiga\\\/\",\"url\":\"https:\\\/\\\/siidritalu.ee\\\/en\\\/pood\\\/kinkekomplekt-mullijoogiga\\\/\",\"name\":\"Kinkekomplekt Mullijoogiga - Tori Siidritalu\",\"isPartOf\":{\"@id\":\"https:\\\/\\\/siidritalu.ee\\\/en\\\/#website\"},\"primaryImageOfPage\":{\"@id\":\"https:\\\/\\\/siidritalu.ee\\\/en\\\/pood\\\/kinkekomplekt-mullijoogiga\\\/#primaryimage\"},\"image\":{\"@id\":\"https:\\\/\\\/siidritalu.ee\\\/en\\\/pood\\\/kinkekomplekt-mullijoogiga\\\/#primaryimage\"},\"thumbnailUrl\":\"https:\\\/\\\/siidritalu.ee\\\/wp-content\\\/uploads\\\/2022\\\/10\\\/Rbarberi-mull-komplekt-wp1.jpg\",\"datePublished\":\"2022-10-06T09:13:52+00:00\",\"dateModified\":\"2024-11-04T09:27:34+00:00\",\"description\":\"Kosutav ja karge rabarberi mullijook. M\u00f5eldud eelk\u00f5ige alkoholivaba alternatiivina peolaudadele tervitusjoogiks, aga loomulikult ka lihtsalt nautimiseks.\",\"breadcrumb\":{\"@id\":\"https:\\\/\\\/siidritalu.ee\\\/en\\\/pood\\\/kinkekomplekt-mullijoogiga\\\/#breadcrumb\"},\"inLanguage\":\"en-US\",\"potentialAction\":[{\"@type\":\"ReadAction\",\"target\":[\"https:\\\/\\\/siidritalu.ee\\\/en\\\/pood\\\/kinkekomplekt-mullijoogiga\\\/\"]}]},{\"@type\":\"ImageObject\",\"inLanguage\":\"en-US\",\"@id\":\"https:\\\/\\\/siidritalu.ee\\\/en\\\/pood\\\/kinkekomplekt-mullijoogiga\\\/#primaryimage\",\"url\":\"https:\\\/\\\/siidritalu.ee\\\/wp-content\\\/uploads\\\/2022\\\/10\\\/Rbarberi-mull-komplekt-wp1.jpg\",\"contentUrl\":\"https:\\\/\\\/siidritalu.ee\\\/wp-content\\\/uploads\\\/2022\\\/10\\\/Rbarberi-mull-komplekt-wp1.jpg\",\"width\":600,\"height\":800,\"caption\":\"rabarberimullijook\"},{\"@type\":\"BreadcrumbList\",\"@id\":\"https:\\\/\\\/siidritalu.ee\\\/en\\\/pood\\\/kinkekomplekt-mullijoogiga\\\/#breadcrumb\",\"itemListElement\":[{\"@type\":\"ListItem\",\"position\":1,\"name\":\"Home\",\"item\":\"https:\\\/\\\/siidritalu.ee\\\/en\\\/\"},{\"@type\":\"ListItem\",\"position\":2,\"name\":\"Shop\",\"item\":\"https:\\\/\\\/siidritalu.ee\\\/en\\\/shop\\\/\"},{\"@type\":\"ListItem\",\"position\":3,\"name\":\"Kinkekomplekt Mullijoogiga\"}]},{\"@type\":\"WebSite\",\"@id\":\"https:\\\/\\\/siidritalu.ee\\\/en\\\/#website\",\"url\":\"https:\\\/\\\/siidritalu.ee\\\/en\\\/\",\"name\":\"Tori Siidritalu\",\"description\":\"Eesti k\u00e4sit\u00f6\u00f6 joogid siider ja alkoholivaba\",\"publisher\":{\"@id\":\"https:\\\/\\\/siidritalu.ee\\\/en\\\/#organization\"},\"potentialAction\":[{\"@type\":\"SearchAction\",\"target\":{\"@type\":\"EntryPoint\",\"urlTemplate\":\"https:\\\/\\\/siidritalu.ee\\\/en\\\/?s={search_term_string}\"},\"query-input\":{\"@type\":\"PropertyValueSpecification\",\"valueRequired\":true,\"valueName\":\"search_term_string\"}}],\"inLanguage\":\"en-US\"},{\"@type\":\"Organization\",\"@id\":\"https:\\\/\\\/siidritalu.ee\\\/en\\\/#organization\",\"name\":\"Tori Siidritalu\",\"url\":\"https:\\\/\\\/siidritalu.ee\\\/en\\\/\",\"logo\":{\"@type\":\"ImageObject\",\"inLanguage\":\"en-US\",\"@id\":\"https:\\\/\\\/siidritalu.ee\\\/en\\\/#\\\/schema\\\/logo\\\/image\\\/\",\"url\":\"https:\\\/\\\/siidritalu.ee\\\/wp-content\\\/uploads\\\/2021\\\/10\\\/cropped-Logo-1080.jpg\",\"contentUrl\":\"https:\\\/\\\/siidritalu.ee\\\/wp-content\\\/uploads\\\/2021\\\/10\\\/cropped-Logo-1080.jpg\",\"width\":512,\"height\":512,\"caption\":\"Tori Siidritalu\"},\"image\":{\"@id\":\"https:\\\/\\\/siidritalu.ee\\\/en\\\/#\\\/schema\\\/logo\\\/image\\\/\"}}]}<\/script>\n<!-- \/ Yoast SEO plugin. -->","yoast_head_json":{"title":"Kinkekomplekt Mullijoogiga - Tori Siidritalu","description":"Kosutav ja karge rabarberi mullijook. M\u00f5eldud eelk\u00f5ige alkoholivaba alternatiivina peolaudadele tervitusjoogiks, aga loomulikult ka lihtsalt nautimiseks.","robots":{"index":"index","follow":"follow","max-snippet":"max-snippet:-1","max-image-preview":"max-image-preview:large","max-video-preview":"max-video-preview:-1"},"canonical":"https:\/\/siidritalu.ee\/en\/pood\/kinkekomplekt-mullijoogiga\/","og_locale":"en_US","og_type":"article","og_title":"Kinkekomplekt Mullijoogiga - Tori Siidritalu","og_description":"Kosutav ja karge rabarberi mullijook. M\u00f5eldud eelk\u00f5ige alkoholivaba alternatiivina peolaudadele tervitusjoogiks, aga loomulikult ka lihtsalt nautimiseks.","og_url":"https:\/\/siidritalu.ee\/en\/pood\/kinkekomplekt-mullijoogiga\/","og_site_name":"Tori Siidritalu","article_modified_time":"2024-11-04T09:27:34+00:00","og_image":[{"width":600,"height":800,"url":"https:\/\/siidritalu.ee\/wp-content\/uploads\/2022\/10\/Rbarberi-mull-komplekt-wp1.jpg","type":"image\/jpeg"}],"twitter_card":"summary_large_image","twitter_misc":{"Est. reading time":"1 minute"},"schema":{"@context":"https:\/\/schema.org","@graph":[{"@type":"WebPage","@id":"https:\/\/siidritalu.ee\/en\/pood\/kinkekomplekt-mullijoogiga\/","url":"https:\/\/siidritalu.ee\/en\/pood\/kinkekomplekt-mullijoogiga\/","name":"Kinkekomplekt Mullijoogiga - Tori Siidritalu","isPartOf":{"@id":"https:\/\/siidritalu.ee\/en\/#website"},"primaryImageOfPage":{"@id":"https:\/\/siidritalu.ee\/en\/pood\/kinkekomplekt-mullijoogiga\/#primaryimage"},"image":{"@id":"https:\/\/siidritalu.ee\/en\/pood\/kinkekomplekt-mullijoogiga\/#primaryimage"},"thumbnailUrl":"https:\/\/siidritalu.ee\/wp-content\/uploads\/2022\/10\/Rbarberi-mull-komplekt-wp1.jpg","datePublished":"2022-10-06T09:13:52+00:00","dateModified":"2024-11-04T09:27:34+00:00","description":"Kosutav ja karge rabarberi mullijook. M\u00f5eldud eelk\u00f5ige alkoholivaba alternatiivina peolaudadele tervitusjoogiks, aga loomulikult ka lihtsalt nautimiseks.","breadcrumb":{"@id":"https:\/\/siidritalu.ee\/en\/pood\/kinkekomplekt-mullijoogiga\/#breadcrumb"},"inLanguage":"en-US","potentialAction":[{"@type":"ReadAction","target":["https:\/\/siidritalu.ee\/en\/pood\/kinkekomplekt-mullijoogiga\/"]}]},{"@type":"ImageObject","inLanguage":"en-US","@id":"https:\/\/siidritalu.ee\/en\/pood\/kinkekomplekt-mullijoogiga\/#primaryimage","url":"https:\/\/siidritalu.ee\/wp-content\/uploads\/2022\/10\/Rbarberi-mull-komplekt-wp1.jpg","contentUrl":"https:\/\/siidritalu.ee\/wp-content\/uploads\/2022\/10\/Rbarberi-mull-komplekt-wp1.jpg","width":600,"height":800,"caption":"rabarberimullijook"},{"@type":"BreadcrumbList","@id":"https:\/\/siidritalu.ee\/en\/pood\/kinkekomplekt-mullijoogiga\/#breadcrumb","itemListElement":[{"@type":"ListItem","position":1,"name":"Home","item":"https:\/\/siidritalu.ee\/en\/"},{"@type":"ListItem","position":2,"name":"Shop","item":"https:\/\/siidritalu.ee\/en\/shop\/"},{"@type":"ListItem","position":3,"name":"Kinkekomplekt Mullijoogiga"}]},{"@type":"WebSite","@id":"https:\/\/siidritalu.ee\/en\/#website","url":"https:\/\/siidritalu.ee\/en\/","name":"Tori Siidritalu","description":"Eesti k\u00e4sit\u00f6\u00f6 joogid siider ja alkoholivaba","publisher":{"@id":"https:\/\/siidritalu.ee\/en\/#organization"},"potentialAction":[{"@type":"SearchAction","target":{"@type":"EntryPoint","urlTemplate":"https:\/\/siidritalu.ee\/en\/?s={search_term_string}"},"query-input":{"@type":"PropertyValueSpecification","valueRequired":true,"valueName":"search_term_string"}}],"inLanguage":"en-US"},{"@type":"Organization","@id":"https:\/\/siidritalu.ee\/en\/#organization","name":"Tori Siidritalu","url":"https:\/\/siidritalu.ee\/en\/","logo":{"@type":"ImageObject","inLanguage":"en-US","@id":"https:\/\/siidritalu.ee\/en\/#\/schema\/logo\/image\/","url":"https:\/\/siidritalu.ee\/wp-content\/uploads\/2021\/10\/cropped-Logo-1080.jpg","contentUrl":"https:\/\/siidritalu.ee\/wp-content\/uploads\/2021\/10\/cropped-Logo-1080.jpg","width":512,"height":512,"caption":"Tori Siidritalu"},"image":{"@id":"https:\/\/siidritalu.ee\/en\/#\/schema\/logo\/image\/"}}]}},"jetpack_sharing_enabled":true,"_links":{"self":[{"href":"https:\/\/siidritalu.ee\/en\/wp-json\/wp\/v2\/product\/1596","targetHints":{"allow":["GET"]}}],"collection":[{"href":"https:\/\/siidritalu.ee\/en\/wp-json\/wp\/v2\/product"}],"about":[{"href":"https:\/\/siidritalu.ee\/en\/wp-json\/wp\/v2\/types\/product"}],"wp:featuredmedia":[{"embeddable":true,"href":"https:\/\/siidritalu.ee\/en\/wp-json\/wp\/v2\/media\/1597"}],"wp:attachment":[{"href":"https:\/\/siidritalu.ee\/en\/wp-json\/wp\/v2\/media?parent=1596"}],"wp:term":[{"taxonomy":"product_brand","embeddable":true,"href":"https:\/\/siidritalu.ee\/en\/wp-json\/wp\/v2\/product_brand?post=1596"},{"taxonomy":"product_cat","embeddable":true,"href":"https:\/\/siidritalu.ee\/en\/wp-json\/wp\/v2\/product_cat?post=1596"},{"taxonomy":"product_tag","embeddable":true,"href":"https:\/\/siidritalu.ee\/en\/wp-json\/wp\/v2\/product_tag?post=1596"}],"curies":[{"name":"wp","href":"https:\/\/api.w.org\/{rel}","templated":true}]}}