{"id":160,"date":"2021-10-09T15:24:40","date_gmt":"2021-10-09T15:24:40","guid":{"rendered":"https:\/\/siidritalu.ee\/?post_type=product&#038;p=160"},"modified":"2024-10-08T16:53:52","modified_gmt":"2024-10-08T13:53:52","slug":"siider-demi-sec","status":"publish","type":"product","link":"https:\/\/www.siidritalu.ee\/en\/pood\/siider-demi-sec\/","title":{"rendered":"Siider Demi Sec 75cl"},"content":{"rendered":"<p>Kuldse varjundiga \u00f5lgkollane kirgas siider, mida saadab peen p\u00fcsiv mull. Aroomis \u00f5unased s\u00fcgisesed l\u00f5hnad koos heinaste nootidega.<br \/>\nMaitses p\u00f5nev bukett \u00fclek\u00fcpsenud \u00f5untest, kuivast heinast koos v\u00e4hekese spargli ja talu\u00f5ue l\u00f5hnadega. Hea happesuse ja<br \/>\npuuviljasuse tasakaal. Meenutab klassikalist Prantsuse siidrit.<\/p>\n<p>K\u00fcps ja maitserikas siider sobib suurep\u00e4raselt juustudega, linnu- ja sealiharoogadega, grilltoitude k\u00f5rvale v\u00f5i iseseisvaks nautimiseks. P\u00f5nev kaaslane ka kergelt v\u00fcrtikate roogade saatjaks.<br \/>\n<strong><br \/>\n<\/strong><strong>Alc 5,9%vol 75cl<br \/>\nParim juua jahutatult 6\u20268\u00b0C juures<br \/>\n<\/strong><em>sisaldab sulfiteid<\/em><\/p>\n","protected":false},"excerpt":{"rendered":"<p><img loading=\"lazy\" decoding=\"async\" class=\"wp-image-364 alignright\" src=\"https:\/\/siidritalu.ee\/wp-content\/uploads\/2021\/10\/oko-mark-03-300x274.png\" alt=\"\" width=\"117\" height=\"107\" srcset=\"https:\/\/www.siidritalu.ee\/wp-content\/uploads\/2021\/10\/oko-mark-03-300x274.png 300w, https:\/\/www.siidritalu.ee\/wp-content\/uploads\/2021\/10\/oko-mark-03-510x466.png 510w, https:\/\/www.siidritalu.ee\/wp-content\/uploads\/2021\/10\/oko-mark-03-247x226.png 247w, https:\/\/www.siidritalu.ee\/wp-content\/uploads\/2021\/10\/oko-mark-03.png 543w\" sizes=\"auto, (max-width: 117px) 100vw, 117px\" \/><\/p>\n<p>Tori Siidritalu poolkuiv premium siider on valminud talus kasvatatud spetsiaalselt valitud siidri\u00f5untest. Siider on metsikult k\u00e4\u00e4ritatud ja laagerdunud v\u00e4hemalt 18 kuud. K\u00fcps ja maitserikas siider sobib suurep\u00e4raselt juustudega, linnu- ja sealiharoogadega, grilltoitude k\u00f5rvale v\u00f5i iseseisvaks nautimiseks.<br \/>\n<strong><br \/>\n<img loading=\"lazy\" decoding=\"async\" class=\"wp-image-281 alignleft\" src=\"https:\/\/siidritalu.ee\/wp-content\/uploads\/2021\/10\/Baltic-CUP-2018-300x300.png\" alt=\"\" width=\"90\" height=\"90\" srcset=\"https:\/\/www.siidritalu.ee\/wp-content\/uploads\/2021\/10\/Baltic-CUP-2018-300x300.png 300w, https:\/\/www.siidritalu.ee\/wp-content\/uploads\/2021\/10\/Baltic-CUP-2018-100x100.png 100w, https:\/\/www.siidritalu.ee\/wp-content\/uploads\/2021\/10\/Baltic-CUP-2018-510x510.png 510w, https:\/\/www.siidritalu.ee\/wp-content\/uploads\/2021\/10\/Baltic-CUP-2018-150x150.png 150w, https:\/\/www.siidritalu.ee\/wp-content\/uploads\/2021\/10\/Baltic-CUP-2018-247x247.png 247w, https:\/\/www.siidritalu.ee\/wp-content\/uploads\/2021\/10\/Baltic-CUP-2018.png 711w\" sizes=\"auto, (max-width: 90px) 100vw, 90px\" \/><br \/>\n<\/strong><\/p>\n<p><strong><i class=\"wp-svg-trophy trophy\"><\/i>\u00a0 Baltikumi parim siider 2018<\/strong><\/p>\n<p>&nbsp;<\/p>\n<p><img loading=\"lazy\" decoding=\"async\" class=\"wp-image-382 alignleft\" src=\"https:\/\/siidritalu.ee\/wp-content\/uploads\/2021\/10\/Premium-SISGA-png-1-300x300.png\" alt=\"\" width=\"90\" height=\"90\" srcset=\"https:\/\/www.siidritalu.ee\/wp-content\/uploads\/2021\/10\/Premium-SISGA-png-1-300x300.png 300w, https:\/\/www.siidritalu.ee\/wp-content\/uploads\/2021\/10\/Premium-SISGA-png-1-100x100.png 100w, https:\/\/www.siidritalu.ee\/wp-content\/uploads\/2021\/10\/Premium-SISGA-png-1-510x510.png 510w, https:\/\/www.siidritalu.ee\/wp-content\/uploads\/2021\/10\/Premium-SISGA-png-1-150x150.png 150w, https:\/\/www.siidritalu.ee\/wp-content\/uploads\/2021\/10\/Premium-SISGA-png-1-247x247.png 247w, https:\/\/www.siidritalu.ee\/wp-content\/uploads\/2021\/10\/Premium-SISGA-png-1.png 591w\" sizes=\"auto, (max-width: 90px) 100vw, 90px\" \/><\/p>\n<p><strong><br \/>\n<i class=\"wp-svg-trophy trophy\"><\/i> Premium award SISGA Hispaania, Asturia, Xixon 2019<\/strong><\/p>\n<p>&nbsp;<\/p>\n","protected":false},"featured_media":1905,"template":"","meta":{"_monsterinsights_skip_tracking":false,"_monsterinsights_sitenote_active":false,"_monsterinsights_sitenote_note":"","_monsterinsights_sitenote_category":0},"product_brand":[],"product_cat":[17],"product_tag":[],"class_list":{"0":"post-160","1":"product","2":"type-product","3":"status-publish","4":"has-post-thumbnail","6":"product_cat-siider","8":"first","9":"instock","10":"taxable","11":"shipping-taxable","12":"purchasable","13":"product-type-simple"},"yoast_head":"<!-- This site is optimized with the Yoast SEO plugin v27.5 - https:\/\/yoast.com\/product\/yoast-seo-wordpress\/ -->\n<title>Siider Demi Sec 75cl - Tori Siidritalu<\/title>\n<meta name=\"description\" content=\"Poolkuiv \u00f5unasiider Bio. Tori Siidritalus kasvatatud spetsiaalsetest siidri\u00f5untest valmistatud mahe siider. Laagerdunud v\u00e4hemalt 18 kuud.\" \/>\n<meta name=\"robots\" content=\"index, follow, max-snippet:-1, max-image-preview:large, max-video-preview:-1\" \/>\n<link rel=\"canonical\" href=\"https:\/\/www.siidritalu.ee\/en\/pood\/siider-demi-sec\/\" \/>\n<meta property=\"og:locale\" content=\"en_US\" \/>\n<meta property=\"og:type\" content=\"article\" \/>\n<meta property=\"og:title\" content=\"Siider Demi Sec 75cl - Tori Siidritalu\" \/>\n<meta property=\"og:description\" content=\"Poolkuiv \u00f5unasiider Bio. Tori Siidritalus kasvatatud spetsiaalsetest siidri\u00f5untest valmistatud mahe siider. Laagerdunud v\u00e4hemalt 18 kuud.\" \/>\n<meta property=\"og:url\" content=\"https:\/\/www.siidritalu.ee\/en\/pood\/siider-demi-sec\/\" \/>\n<meta property=\"og:site_name\" content=\"Tori Siidritalu\" \/>\n<meta property=\"article:modified_time\" content=\"2024-10-08T13:53:52+00:00\" \/>\n<meta property=\"og:image\" content=\"https:\/\/siidritalu.ee\/wp-content\/uploads\/2021\/10\/Demi-Sec-Premium-siider-Tori-wp.jpg\" \/>\n\t<meta property=\"og:image:width\" content=\"450\" \/>\n\t<meta property=\"og:image:height\" content=\"600\" \/>\n\t<meta property=\"og:image:type\" content=\"image\/jpeg\" \/>\n<meta name=\"twitter:card\" content=\"summary_large_image\" \/>\n<script type=\"application\/ld+json\" class=\"yoast-schema-graph\">{\"@context\":\"https:\\\/\\\/schema.org\",\"@graph\":[{\"@type\":\"WebPage\",\"@id\":\"https:\\\/\\\/www.siidritalu.ee\\\/en\\\/pood\\\/siider-demi-sec\\\/\",\"url\":\"https:\\\/\\\/www.siidritalu.ee\\\/en\\\/pood\\\/siider-demi-sec\\\/\",\"name\":\"Siider Demi Sec 75cl - Tori Siidritalu\",\"isPartOf\":{\"@id\":\"https:\\\/\\\/siidritalu.ee\\\/#website\"},\"primaryImageOfPage\":{\"@id\":\"https:\\\/\\\/www.siidritalu.ee\\\/en\\\/pood\\\/siider-demi-sec\\\/#primaryimage\"},\"image\":{\"@id\":\"https:\\\/\\\/www.siidritalu.ee\\\/en\\\/pood\\\/siider-demi-sec\\\/#primaryimage\"},\"thumbnailUrl\":\"https:\\\/\\\/www.siidritalu.ee\\\/wp-content\\\/uploads\\\/2021\\\/10\\\/Demi-Sec-Premium-siider-Tori-wp.jpg\",\"datePublished\":\"2021-10-09T15:24:40+00:00\",\"dateModified\":\"2024-10-08T13:53:52+00:00\",\"description\":\"Poolkuiv \u00f5unasiider Bio. Tori Siidritalus kasvatatud spetsiaalsetest siidri\u00f5untest valmistatud mahe siider. Laagerdunud v\u00e4hemalt 18 kuud.\",\"breadcrumb\":{\"@id\":\"https:\\\/\\\/www.siidritalu.ee\\\/en\\\/pood\\\/siider-demi-sec\\\/#breadcrumb\"},\"inLanguage\":\"en-US\",\"potentialAction\":[{\"@type\":\"ReadAction\",\"target\":[\"https:\\\/\\\/www.siidritalu.ee\\\/en\\\/pood\\\/siider-demi-sec\\\/\"]}]},{\"@type\":\"ImageObject\",\"inLanguage\":\"en-US\",\"@id\":\"https:\\\/\\\/www.siidritalu.ee\\\/en\\\/pood\\\/siider-demi-sec\\\/#primaryimage\",\"url\":\"https:\\\/\\\/www.siidritalu.ee\\\/wp-content\\\/uploads\\\/2021\\\/10\\\/Demi-Sec-Premium-siider-Tori-wp.jpg\",\"contentUrl\":\"https:\\\/\\\/www.siidritalu.ee\\\/wp-content\\\/uploads\\\/2021\\\/10\\\/Demi-Sec-Premium-siider-Tori-wp.jpg\",\"width\":450,\"height\":600,\"caption\":\"Poolkuiv \u00f5unasiider\"},{\"@type\":\"BreadcrumbList\",\"@id\":\"https:\\\/\\\/www.siidritalu.ee\\\/en\\\/pood\\\/siider-demi-sec\\\/#breadcrumb\",\"itemListElement\":[{\"@type\":\"ListItem\",\"position\":1,\"name\":\"Home\",\"item\":\"https:\\\/\\\/siidritalu.ee\\\/en\\\/\"},{\"@type\":\"ListItem\",\"position\":2,\"name\":\"Shop\",\"item\":\"https:\\\/\\\/siidritalu.ee\\\/en\\\/shop\\\/\"},{\"@type\":\"ListItem\",\"position\":3,\"name\":\"Siider Demi Sec 75cl\"}]},{\"@type\":\"WebSite\",\"@id\":\"https:\\\/\\\/siidritalu.ee\\\/#website\",\"url\":\"https:\\\/\\\/siidritalu.ee\\\/\",\"name\":\"Tori Siidritalu\",\"description\":\"Eesti k\u00e4sit\u00f6\u00f6 joogid siider ja alkoholivaba\",\"publisher\":{\"@id\":\"https:\\\/\\\/siidritalu.ee\\\/#organization\"},\"potentialAction\":[{\"@type\":\"SearchAction\",\"target\":{\"@type\":\"EntryPoint\",\"urlTemplate\":\"https:\\\/\\\/siidritalu.ee\\\/?s={search_term_string}\"},\"query-input\":{\"@type\":\"PropertyValueSpecification\",\"valueRequired\":true,\"valueName\":\"search_term_string\"}}],\"inLanguage\":\"en-US\"},{\"@type\":\"Organization\",\"@id\":\"https:\\\/\\\/siidritalu.ee\\\/#organization\",\"name\":\"Tori Siidritalu\",\"url\":\"https:\\\/\\\/siidritalu.ee\\\/\",\"logo\":{\"@type\":\"ImageObject\",\"inLanguage\":\"en-US\",\"@id\":\"https:\\\/\\\/siidritalu.ee\\\/#\\\/schema\\\/logo\\\/image\\\/\",\"url\":\"https:\\\/\\\/www.siidritalu.ee\\\/wp-content\\\/uploads\\\/2021\\\/10\\\/cropped-Logo-1080.jpg\",\"contentUrl\":\"https:\\\/\\\/www.siidritalu.ee\\\/wp-content\\\/uploads\\\/2021\\\/10\\\/cropped-Logo-1080.jpg\",\"width\":512,\"height\":512,\"caption\":\"Tori Siidritalu\"},\"image\":{\"@id\":\"https:\\\/\\\/siidritalu.ee\\\/#\\\/schema\\\/logo\\\/image\\\/\"}}]}<\/script>\n<!-- \/ Yoast SEO plugin. -->","yoast_head_json":{"title":"Siider Demi Sec 75cl - Tori Siidritalu","description":"Poolkuiv \u00f5unasiider Bio. Tori Siidritalus kasvatatud spetsiaalsetest siidri\u00f5untest valmistatud mahe siider. Laagerdunud v\u00e4hemalt 18 kuud.","robots":{"index":"index","follow":"follow","max-snippet":"max-snippet:-1","max-image-preview":"max-image-preview:large","max-video-preview":"max-video-preview:-1"},"canonical":"https:\/\/www.siidritalu.ee\/en\/pood\/siider-demi-sec\/","og_locale":"en_US","og_type":"article","og_title":"Siider Demi Sec 75cl - Tori Siidritalu","og_description":"Poolkuiv \u00f5unasiider Bio. Tori Siidritalus kasvatatud spetsiaalsetest siidri\u00f5untest valmistatud mahe siider. Laagerdunud v\u00e4hemalt 18 kuud.","og_url":"https:\/\/www.siidritalu.ee\/en\/pood\/siider-demi-sec\/","og_site_name":"Tori Siidritalu","article_modified_time":"2024-10-08T13:53:52+00:00","og_image":[{"width":450,"height":600,"url":"https:\/\/siidritalu.ee\/wp-content\/uploads\/2021\/10\/Demi-Sec-Premium-siider-Tori-wp.jpg","type":"image\/jpeg"}],"twitter_card":"summary_large_image","schema":{"@context":"https:\/\/schema.org","@graph":[{"@type":"WebPage","@id":"https:\/\/www.siidritalu.ee\/en\/pood\/siider-demi-sec\/","url":"https:\/\/www.siidritalu.ee\/en\/pood\/siider-demi-sec\/","name":"Siider Demi Sec 75cl - Tori Siidritalu","isPartOf":{"@id":"https:\/\/siidritalu.ee\/#website"},"primaryImageOfPage":{"@id":"https:\/\/www.siidritalu.ee\/en\/pood\/siider-demi-sec\/#primaryimage"},"image":{"@id":"https:\/\/www.siidritalu.ee\/en\/pood\/siider-demi-sec\/#primaryimage"},"thumbnailUrl":"https:\/\/www.siidritalu.ee\/wp-content\/uploads\/2021\/10\/Demi-Sec-Premium-siider-Tori-wp.jpg","datePublished":"2021-10-09T15:24:40+00:00","dateModified":"2024-10-08T13:53:52+00:00","description":"Poolkuiv \u00f5unasiider Bio. Tori Siidritalus kasvatatud spetsiaalsetest siidri\u00f5untest valmistatud mahe siider. Laagerdunud v\u00e4hemalt 18 kuud.","breadcrumb":{"@id":"https:\/\/www.siidritalu.ee\/en\/pood\/siider-demi-sec\/#breadcrumb"},"inLanguage":"en-US","potentialAction":[{"@type":"ReadAction","target":["https:\/\/www.siidritalu.ee\/en\/pood\/siider-demi-sec\/"]}]},{"@type":"ImageObject","inLanguage":"en-US","@id":"https:\/\/www.siidritalu.ee\/en\/pood\/siider-demi-sec\/#primaryimage","url":"https:\/\/www.siidritalu.ee\/wp-content\/uploads\/2021\/10\/Demi-Sec-Premium-siider-Tori-wp.jpg","contentUrl":"https:\/\/www.siidritalu.ee\/wp-content\/uploads\/2021\/10\/Demi-Sec-Premium-siider-Tori-wp.jpg","width":450,"height":600,"caption":"Poolkuiv \u00f5unasiider"},{"@type":"BreadcrumbList","@id":"https:\/\/www.siidritalu.ee\/en\/pood\/siider-demi-sec\/#breadcrumb","itemListElement":[{"@type":"ListItem","position":1,"name":"Home","item":"https:\/\/siidritalu.ee\/en\/"},{"@type":"ListItem","position":2,"name":"Shop","item":"https:\/\/siidritalu.ee\/en\/shop\/"},{"@type":"ListItem","position":3,"name":"Siider Demi Sec 75cl"}]},{"@type":"WebSite","@id":"https:\/\/siidritalu.ee\/#website","url":"https:\/\/siidritalu.ee\/","name":"Tori Siidritalu","description":"Eesti k\u00e4sit\u00f6\u00f6 joogid siider ja alkoholivaba","publisher":{"@id":"https:\/\/siidritalu.ee\/#organization"},"potentialAction":[{"@type":"SearchAction","target":{"@type":"EntryPoint","urlTemplate":"https:\/\/siidritalu.ee\/?s={search_term_string}"},"query-input":{"@type":"PropertyValueSpecification","valueRequired":true,"valueName":"search_term_string"}}],"inLanguage":"en-US"},{"@type":"Organization","@id":"https:\/\/siidritalu.ee\/#organization","name":"Tori Siidritalu","url":"https:\/\/siidritalu.ee\/","logo":{"@type":"ImageObject","inLanguage":"en-US","@id":"https:\/\/siidritalu.ee\/#\/schema\/logo\/image\/","url":"https:\/\/www.siidritalu.ee\/wp-content\/uploads\/2021\/10\/cropped-Logo-1080.jpg","contentUrl":"https:\/\/www.siidritalu.ee\/wp-content\/uploads\/2021\/10\/cropped-Logo-1080.jpg","width":512,"height":512,"caption":"Tori Siidritalu"},"image":{"@id":"https:\/\/siidritalu.ee\/#\/schema\/logo\/image\/"}}]}},"jetpack_sharing_enabled":true,"_links":{"self":[{"href":"https:\/\/www.siidritalu.ee\/en\/wp-json\/wp\/v2\/product\/160","targetHints":{"allow":["GET"]}}],"collection":[{"href":"https:\/\/www.siidritalu.ee\/en\/wp-json\/wp\/v2\/product"}],"about":[{"href":"https:\/\/www.siidritalu.ee\/en\/wp-json\/wp\/v2\/types\/product"}],"wp:featuredmedia":[{"embeddable":true,"href":"https:\/\/www.siidritalu.ee\/en\/wp-json\/wp\/v2\/media\/1905"}],"wp:attachment":[{"href":"https:\/\/www.siidritalu.ee\/en\/wp-json\/wp\/v2\/media?parent=160"}],"wp:term":[{"taxonomy":"product_brand","embeddable":true,"href":"https:\/\/www.siidritalu.ee\/en\/wp-json\/wp\/v2\/product_brand?post=160"},{"taxonomy":"product_cat","embeddable":true,"href":"https:\/\/www.siidritalu.ee\/en\/wp-json\/wp\/v2\/product_cat?post=160"},{"taxonomy":"product_tag","embeddable":true,"href":"https:\/\/www.siidritalu.ee\/en\/wp-json\/wp\/v2\/product_tag?post=160"}],"curies":[{"name":"wp","href":"https:\/\/api.w.org\/{rel}","templated":true}]}}