{"id":162,"date":"2021-10-09T15:27:35","date_gmt":"2021-10-09T15:27:35","guid":{"rendered":"https:\/\/siidritalu.ee\/?post_type=product&#038;p=162"},"modified":"2025-08-18T08:46:58","modified_gmt":"2025-08-18T05:46:58","slug":"rabarberi-vahuvein","status":"publish","type":"product","link":"https:\/\/www.siidritalu.ee\/en\/pood\/rabarberi-vahuvein\/","title":{"rendered":"Rabarberi vahuvein  75cl"},"content":{"rendered":"<div>\n<p>Klaasi t\u00e4idab \u00f5rnroosakas virsikukarva kihisev jook. Aroomis parf\u00fc\u00fcmne. Tunda rabarberit, marjasust ja heledaid puuvilju, millele lisandub kerge alkohoolsus.<\/p>\n<p>Maitses kargelt happene, intensiivselt kuiv. Keskmaitses veidi puiduse alatooniga. Tunda rabarberit ja heledaid s\u00f5straid. Ilus algus igale peole. Sobitub rasvase kala, kooreste ja kreemiste kastmetega. Suurep\u00e4rane sealiha, hapukapsa ja k\u00fc\u00fcslauguga ahjukartuli k\u00f5rvale. K\u00f5vad laagerdunud juustud k\u00f5netavad seda veini suurep\u00e4raselt.<\/p>\n<p><strong>Alc 8,5%vol 75cl<\/strong><br \/>\n<strong>Parim juua jahutatult 6&#8230;8\u00b0C juures<\/strong><br \/>\n<em>sisaldab sulfiteid<\/em><\/p>\n<\/div>\n","protected":false},"excerpt":{"rendered":"<div>\n<p>Rabarberi visadus, v\u00e4gi ja rikkalikud maitseomadused oma parimas elemendis. M\u00f5nusalt rabarberine kuiv vahuvein v\u00e4ikese j\u00e4\u00e4ksuhkruga, mis tasakaalustab rabarberi teravat happesust. Pidulikkust toetab meeldivalt kihisev mull. Madala suhkrusisaldusega meeldivalt kuiv, v\u00e4ikse alkoholisisaldusega.<\/p>\n<\/div>\n<div>\n<p>&nbsp;<\/p>\n<p><img loading=\"lazy\" decoding=\"async\" class=\"alignnone wp-image-3128\" src=\"https:\/\/siidritalu.ee\/wp-content\/uploads\/2022\/05\/hobe-2023-ESA-293x400.png\" alt=\"\" width=\"90\" height=\"123\" srcset=\"https:\/\/www.siidritalu.ee\/wp-content\/uploads\/2022\/05\/hobe-2023-ESA-293x400.png 293w, https:\/\/www.siidritalu.ee\/wp-content\/uploads\/2022\/05\/hobe-2023-ESA.png 346w\" sizes=\"auto, (max-width: 90px) 100vw, 90px\" \/>ESA Parim vahuvein Eesti Joogid 2023<\/p>\n<\/div>\n<p>&nbsp;<\/p>\n","protected":false},"featured_media":3137,"template":"","meta":{"_monsterinsights_skip_tracking":false,"_monsterinsights_sitenote_active":false,"_monsterinsights_sitenote_note":"","_monsterinsights_sitenote_category":0},"product_brand":[],"product_cat":[21],"product_tag":[],"class_list":{"0":"post-162","1":"product","2":"type-product","3":"status-publish","4":"has-post-thumbnail","6":"product_cat-puuviljavahuvein","8":"first","9":"instock","10":"taxable","11":"shipping-taxable","12":"purchasable","13":"product-type-simple"},"yoast_head":"<!-- This site is optimized with the Yoast SEO plugin v27.5 - https:\/\/yoast.com\/product\/yoast-seo-wordpress\/ -->\n<title>Rabarberi vahuvein 75cl - Tori Siidritalu<\/title>\n<meta name=\"description\" content=\"Rabarberi vahuvein k\u00f5ige populaarsem vahuvein Eestis. Parim jook Cider World 2019. Madala suhkrusisaldusega meeldivalt kuiv, v\u00e4ikse alkoholisisaldusega\" \/>\n<meta name=\"robots\" content=\"index, follow, max-snippet:-1, max-image-preview:large, max-video-preview:-1\" \/>\n<link rel=\"canonical\" href=\"https:\/\/www.siidritalu.ee\/en\/pood\/rabarberi-vahuvein\/\" \/>\n<meta property=\"og:locale\" content=\"en_US\" \/>\n<meta property=\"og:type\" content=\"article\" \/>\n<meta property=\"og:title\" content=\"Rabarberi vahuvein 75cl - Tori Siidritalu\" \/>\n<meta property=\"og:description\" content=\"Rabarberi vahuvein k\u00f5ige populaarsem vahuvein Eestis. Parim jook Cider World 2019. Madala suhkrusisaldusega meeldivalt kuiv, v\u00e4ikse alkoholisisaldusega\" \/>\n<meta property=\"og:url\" content=\"https:\/\/www.siidritalu.ee\/en\/pood\/rabarberi-vahuvein\/\" \/>\n<meta property=\"og:site_name\" content=\"Tori Siidritalu\" \/>\n<meta property=\"article:modified_time\" content=\"2025-08-18T05:46:58+00:00\" \/>\n<meta property=\"og:image\" content=\"https:\/\/www.siidritalu.ee\/wp-content\/uploads\/2021\/10\/Ravarberi-vahuvein.jpg\" \/>\n\t<meta property=\"og:image:width\" content=\"800\" \/>\n\t<meta property=\"og:image:height\" content=\"1067\" \/>\n\t<meta property=\"og:image:type\" content=\"image\/jpeg\" \/>\n<meta name=\"twitter:card\" content=\"summary_large_image\" \/>\n<script type=\"application\/ld+json\" class=\"yoast-schema-graph\">{\"@context\":\"https:\\\/\\\/schema.org\",\"@graph\":[{\"@type\":\"WebPage\",\"@id\":\"https:\\\/\\\/www.siidritalu.ee\\\/en\\\/pood\\\/rabarberi-vahuvein\\\/\",\"url\":\"https:\\\/\\\/www.siidritalu.ee\\\/en\\\/pood\\\/rabarberi-vahuvein\\\/\",\"name\":\"Rabarberi vahuvein 75cl - Tori Siidritalu\",\"isPartOf\":{\"@id\":\"https:\\\/\\\/siidritalu.ee\\\/#website\"},\"primaryImageOfPage\":{\"@id\":\"https:\\\/\\\/www.siidritalu.ee\\\/en\\\/pood\\\/rabarberi-vahuvein\\\/#primaryimage\"},\"image\":{\"@id\":\"https:\\\/\\\/www.siidritalu.ee\\\/en\\\/pood\\\/rabarberi-vahuvein\\\/#primaryimage\"},\"thumbnailUrl\":\"https:\\\/\\\/www.siidritalu.ee\\\/wp-content\\\/uploads\\\/2021\\\/10\\\/Ravarberi-vahuvein.jpg\",\"datePublished\":\"2021-10-09T15:27:35+00:00\",\"dateModified\":\"2025-08-18T05:46:58+00:00\",\"description\":\"Rabarberi vahuvein k\u00f5ige populaarsem vahuvein Eestis. Parim jook Cider World 2019. Madala suhkrusisaldusega meeldivalt kuiv, v\u00e4ikse alkoholisisaldusega\",\"breadcrumb\":{\"@id\":\"https:\\\/\\\/www.siidritalu.ee\\\/en\\\/pood\\\/rabarberi-vahuvein\\\/#breadcrumb\"},\"inLanguage\":\"en-US\",\"potentialAction\":[{\"@type\":\"ReadAction\",\"target\":[\"https:\\\/\\\/www.siidritalu.ee\\\/en\\\/pood\\\/rabarberi-vahuvein\\\/\"]}]},{\"@type\":\"ImageObject\",\"inLanguage\":\"en-US\",\"@id\":\"https:\\\/\\\/www.siidritalu.ee\\\/en\\\/pood\\\/rabarberi-vahuvein\\\/#primaryimage\",\"url\":\"https:\\\/\\\/www.siidritalu.ee\\\/wp-content\\\/uploads\\\/2021\\\/10\\\/Ravarberi-vahuvein.jpg\",\"contentUrl\":\"https:\\\/\\\/www.siidritalu.ee\\\/wp-content\\\/uploads\\\/2021\\\/10\\\/Ravarberi-vahuvein.jpg\",\"width\":800,\"height\":1067},{\"@type\":\"BreadcrumbList\",\"@id\":\"https:\\\/\\\/www.siidritalu.ee\\\/en\\\/pood\\\/rabarberi-vahuvein\\\/#breadcrumb\",\"itemListElement\":[{\"@type\":\"ListItem\",\"position\":1,\"name\":\"Home\",\"item\":\"https:\\\/\\\/siidritalu.ee\\\/en\\\/\"},{\"@type\":\"ListItem\",\"position\":2,\"name\":\"Shop\",\"item\":\"https:\\\/\\\/siidritalu.ee\\\/en\\\/shop\\\/\"},{\"@type\":\"ListItem\",\"position\":3,\"name\":\"Rabarberi vahuvein 75cl\"}]},{\"@type\":\"WebSite\",\"@id\":\"https:\\\/\\\/siidritalu.ee\\\/#website\",\"url\":\"https:\\\/\\\/siidritalu.ee\\\/\",\"name\":\"Tori Siidritalu\",\"description\":\"Eesti k\u00e4sit\u00f6\u00f6 joogid siider ja alkoholivaba\",\"publisher\":{\"@id\":\"https:\\\/\\\/siidritalu.ee\\\/#organization\"},\"potentialAction\":[{\"@type\":\"SearchAction\",\"target\":{\"@type\":\"EntryPoint\",\"urlTemplate\":\"https:\\\/\\\/siidritalu.ee\\\/?s={search_term_string}\"},\"query-input\":{\"@type\":\"PropertyValueSpecification\",\"valueRequired\":true,\"valueName\":\"search_term_string\"}}],\"inLanguage\":\"en-US\"},{\"@type\":\"Organization\",\"@id\":\"https:\\\/\\\/siidritalu.ee\\\/#organization\",\"name\":\"Tori Siidritalu\",\"url\":\"https:\\\/\\\/siidritalu.ee\\\/\",\"logo\":{\"@type\":\"ImageObject\",\"inLanguage\":\"en-US\",\"@id\":\"https:\\\/\\\/siidritalu.ee\\\/#\\\/schema\\\/logo\\\/image\\\/\",\"url\":\"https:\\\/\\\/www.siidritalu.ee\\\/wp-content\\\/uploads\\\/2021\\\/10\\\/cropped-Logo-1080.jpg\",\"contentUrl\":\"https:\\\/\\\/www.siidritalu.ee\\\/wp-content\\\/uploads\\\/2021\\\/10\\\/cropped-Logo-1080.jpg\",\"width\":512,\"height\":512,\"caption\":\"Tori Siidritalu\"},\"image\":{\"@id\":\"https:\\\/\\\/siidritalu.ee\\\/#\\\/schema\\\/logo\\\/image\\\/\"}}]}<\/script>\n<!-- \/ Yoast SEO plugin. -->","yoast_head_json":{"title":"Rabarberi vahuvein 75cl - Tori Siidritalu","description":"Rabarberi vahuvein k\u00f5ige populaarsem vahuvein Eestis. Parim jook Cider World 2019. Madala suhkrusisaldusega meeldivalt kuiv, v\u00e4ikse alkoholisisaldusega","robots":{"index":"index","follow":"follow","max-snippet":"max-snippet:-1","max-image-preview":"max-image-preview:large","max-video-preview":"max-video-preview:-1"},"canonical":"https:\/\/www.siidritalu.ee\/en\/pood\/rabarberi-vahuvein\/","og_locale":"en_US","og_type":"article","og_title":"Rabarberi vahuvein 75cl - Tori Siidritalu","og_description":"Rabarberi vahuvein k\u00f5ige populaarsem vahuvein Eestis. Parim jook Cider World 2019. Madala suhkrusisaldusega meeldivalt kuiv, v\u00e4ikse alkoholisisaldusega","og_url":"https:\/\/www.siidritalu.ee\/en\/pood\/rabarberi-vahuvein\/","og_site_name":"Tori Siidritalu","article_modified_time":"2025-08-18T05:46:58+00:00","og_image":[{"width":800,"height":1067,"url":"https:\/\/www.siidritalu.ee\/wp-content\/uploads\/2021\/10\/Ravarberi-vahuvein.jpg","type":"image\/jpeg"}],"twitter_card":"summary_large_image","schema":{"@context":"https:\/\/schema.org","@graph":[{"@type":"WebPage","@id":"https:\/\/www.siidritalu.ee\/en\/pood\/rabarberi-vahuvein\/","url":"https:\/\/www.siidritalu.ee\/en\/pood\/rabarberi-vahuvein\/","name":"Rabarberi vahuvein 75cl - Tori Siidritalu","isPartOf":{"@id":"https:\/\/siidritalu.ee\/#website"},"primaryImageOfPage":{"@id":"https:\/\/www.siidritalu.ee\/en\/pood\/rabarberi-vahuvein\/#primaryimage"},"image":{"@id":"https:\/\/www.siidritalu.ee\/en\/pood\/rabarberi-vahuvein\/#primaryimage"},"thumbnailUrl":"https:\/\/www.siidritalu.ee\/wp-content\/uploads\/2021\/10\/Ravarberi-vahuvein.jpg","datePublished":"2021-10-09T15:27:35+00:00","dateModified":"2025-08-18T05:46:58+00:00","description":"Rabarberi vahuvein k\u00f5ige populaarsem vahuvein Eestis. Parim jook Cider World 2019. Madala suhkrusisaldusega meeldivalt kuiv, v\u00e4ikse alkoholisisaldusega","breadcrumb":{"@id":"https:\/\/www.siidritalu.ee\/en\/pood\/rabarberi-vahuvein\/#breadcrumb"},"inLanguage":"en-US","potentialAction":[{"@type":"ReadAction","target":["https:\/\/www.siidritalu.ee\/en\/pood\/rabarberi-vahuvein\/"]}]},{"@type":"ImageObject","inLanguage":"en-US","@id":"https:\/\/www.siidritalu.ee\/en\/pood\/rabarberi-vahuvein\/#primaryimage","url":"https:\/\/www.siidritalu.ee\/wp-content\/uploads\/2021\/10\/Ravarberi-vahuvein.jpg","contentUrl":"https:\/\/www.siidritalu.ee\/wp-content\/uploads\/2021\/10\/Ravarberi-vahuvein.jpg","width":800,"height":1067},{"@type":"BreadcrumbList","@id":"https:\/\/www.siidritalu.ee\/en\/pood\/rabarberi-vahuvein\/#breadcrumb","itemListElement":[{"@type":"ListItem","position":1,"name":"Home","item":"https:\/\/siidritalu.ee\/en\/"},{"@type":"ListItem","position":2,"name":"Shop","item":"https:\/\/siidritalu.ee\/en\/shop\/"},{"@type":"ListItem","position":3,"name":"Rabarberi vahuvein 75cl"}]},{"@type":"WebSite","@id":"https:\/\/siidritalu.ee\/#website","url":"https:\/\/siidritalu.ee\/","name":"Tori Siidritalu","description":"Eesti k\u00e4sit\u00f6\u00f6 joogid siider ja alkoholivaba","publisher":{"@id":"https:\/\/siidritalu.ee\/#organization"},"potentialAction":[{"@type":"SearchAction","target":{"@type":"EntryPoint","urlTemplate":"https:\/\/siidritalu.ee\/?s={search_term_string}"},"query-input":{"@type":"PropertyValueSpecification","valueRequired":true,"valueName":"search_term_string"}}],"inLanguage":"en-US"},{"@type":"Organization","@id":"https:\/\/siidritalu.ee\/#organization","name":"Tori Siidritalu","url":"https:\/\/siidritalu.ee\/","logo":{"@type":"ImageObject","inLanguage":"en-US","@id":"https:\/\/siidritalu.ee\/#\/schema\/logo\/image\/","url":"https:\/\/www.siidritalu.ee\/wp-content\/uploads\/2021\/10\/cropped-Logo-1080.jpg","contentUrl":"https:\/\/www.siidritalu.ee\/wp-content\/uploads\/2021\/10\/cropped-Logo-1080.jpg","width":512,"height":512,"caption":"Tori Siidritalu"},"image":{"@id":"https:\/\/siidritalu.ee\/#\/schema\/logo\/image\/"}}]}},"jetpack_sharing_enabled":true,"_links":{"self":[{"href":"https:\/\/www.siidritalu.ee\/en\/wp-json\/wp\/v2\/product\/162","targetHints":{"allow":["GET"]}}],"collection":[{"href":"https:\/\/www.siidritalu.ee\/en\/wp-json\/wp\/v2\/product"}],"about":[{"href":"https:\/\/www.siidritalu.ee\/en\/wp-json\/wp\/v2\/types\/product"}],"wp:featuredmedia":[{"embeddable":true,"href":"https:\/\/www.siidritalu.ee\/en\/wp-json\/wp\/v2\/media\/3137"}],"wp:attachment":[{"href":"https:\/\/www.siidritalu.ee\/en\/wp-json\/wp\/v2\/media?parent=162"}],"wp:term":[{"taxonomy":"product_brand","embeddable":true,"href":"https:\/\/www.siidritalu.ee\/en\/wp-json\/wp\/v2\/product_brand?post=162"},{"taxonomy":"product_cat","embeddable":true,"href":"https:\/\/www.siidritalu.ee\/en\/wp-json\/wp\/v2\/product_cat?post=162"},{"taxonomy":"product_tag","embeddable":true,"href":"https:\/\/www.siidritalu.ee\/en\/wp-json\/wp\/v2\/product_tag?post=162"}],"curies":[{"name":"wp","href":"https:\/\/api.w.org\/{rel}","templated":true}]}}