{"id":164,"date":"2021-10-09T15:31:43","date_gmt":"2021-10-09T15:31:43","guid":{"rendered":"https:\/\/siidritalu.ee\/?post_type=product&#038;p=164"},"modified":"2026-02-09T18:59:31","modified_gmt":"2026-02-09T16:59:31","slug":"jaasiider","status":"publish","type":"product","link":"https:\/\/www.siidritalu.ee\/en\/pood\/jaasiider\/","title":{"rendered":"J\u00e4\u00e4siider 375ml"},"content":{"rendered":"<p>Klaasi t\u00e4idab merevaigukarva, l\u00e4ikivalt kreemjas siider. Rikkaliku aroomiga jook, milles tunda \u00fclek\u00fcpsenud \u00f5unu, karamelli, toffee, vanilje ja r\u00f6stitud mandlid.<br \/>\nMaitseelamus on justkui \u00fcks t\u00e4iusliku kujuga laine. Algmaitses magus, tunda karamelli\u00f5una ja troopilisi vilju. Keskmaitses toetab lainetust tasakaalustav hape, mis muudab kogemuse t\u00f5eliseks naudinguks.<\/p>\n<p>Suurep\u00e4rane digestiiviks v\u00f5i juustude ja dessertide k\u00f5rvale. Kena sinihallitusjuustu v\u00f5i rammusate kreemiste dessertide ning \u0161okolaadiga v\u00f5i Tosca koogiga. K\u00f5ige kaunim nautimiseks heas seltskonnas v\u00f5i \u00fcksi iseendaga.<\/p>\n<p><strong>Alc 11%vol 375ml<\/strong><br \/>\n<strong>Parim juua jahutatult 8\u202610\u00b0C juures<\/strong><br \/>\n<em>sisaldab sulfiteid<\/em><\/p>\n","protected":false},"excerpt":{"rendered":"<div>\n<p>J\u00c4\u00c4 on Eesti pakases kontsentreeritud \u00f5unamahlast k\u00e4\u00e4ritatud siider, k\u00fcpsenud vana calvadose tammevaadis 18 kuud. Valminud sarnaselt Solera meetodile.<\/p>\n<p><b><span lang=\"ET\">ESA Parimad poolmagusad, magusad ja dessertveinid puuviljadest-marjadest:<br \/>\n<\/span><\/b><\/p>\n<\/div>\n<div><\/div>\n<div><img loading=\"lazy\" decoding=\"async\" class=\"alignnone wp-image-3841\" src=\"https:\/\/siidritalu.ee\/wp-content\/uploads\/2021\/10\/Tilgad-wp-1-439x400.jpg\" alt=\"\" width=\"382\" height=\"349\" srcset=\"https:\/\/www.siidritalu.ee\/wp-content\/uploads\/2021\/10\/Tilgad-wp-1-439x400.jpg 439w, https:\/\/www.siidritalu.ee\/wp-content\/uploads\/2021\/10\/Tilgad-wp-1-877x800.jpg 877w, https:\/\/www.siidritalu.ee\/wp-content\/uploads\/2021\/10\/Tilgad-wp-1-768x700.jpg 768w, https:\/\/www.siidritalu.ee\/wp-content\/uploads\/2021\/10\/Tilgad-wp-1-1536x1401.jpg 1536w, https:\/\/www.siidritalu.ee\/wp-content\/uploads\/2021\/10\/Tilgad-wp-1-2048x1868.jpg 2048w, https:\/\/www.siidritalu.ee\/wp-content\/uploads\/2021\/10\/Tilgad-wp-1-510x465.jpg 510w\" sizes=\"auto, (max-width: 382px) 100vw, 382px\" \/><\/div>\n<div><\/div>\n<div><\/div>\n","protected":false},"featured_media":4171,"template":"","meta":{"_monsterinsights_skip_tracking":false,"_monsterinsights_sitenote_active":false,"_monsterinsights_sitenote_note":"","_monsterinsights_sitenote_category":0},"product_brand":[],"product_cat":[20,17],"product_tag":[],"class_list":{"0":"post-164","1":"product","2":"type-product","3":"status-publish","4":"has-post-thumbnail","6":"product_cat-vein","7":"product_cat-siider","9":"first","10":"instock","11":"featured","12":"taxable","13":"shipping-taxable","14":"purchasable","15":"product-type-simple"},"yoast_head":"<!-- This site is optimized with the Yoast SEO plugin v27.5 - https:\/\/yoast.com\/product\/yoast-seo-wordpress\/ -->\n<title>J\u00e4\u00e4siider 375ml - Tori Siidritalu<\/title>\n<meta name=\"description\" content=\"Tori J\u00e4\u00e4siider valmib pakases k\u00fclmutatud ja vee raldatud \u00f5unamahlast, kus kontsentreeritud mahlast k\u00e4\u00e4ritatakse J\u00e4\u00e4siidri. Parim dessertvein 2024\" \/>\n<meta name=\"robots\" content=\"index, follow, max-snippet:-1, max-image-preview:large, max-video-preview:-1\" \/>\n<link rel=\"canonical\" href=\"https:\/\/www.siidritalu.ee\/en\/pood\/jaasiider\/\" \/>\n<meta property=\"og:locale\" content=\"en_US\" \/>\n<meta property=\"og:type\" content=\"article\" \/>\n<meta property=\"og:title\" content=\"J\u00e4\u00e4siider 375ml - Tori Siidritalu\" \/>\n<meta property=\"og:description\" content=\"Tori J\u00e4\u00e4siider valmib pakases k\u00fclmutatud ja vee raldatud \u00f5unamahlast, kus kontsentreeritud mahlast k\u00e4\u00e4ritatakse J\u00e4\u00e4siidri. Parim dessertvein 2024\" \/>\n<meta property=\"og:url\" content=\"https:\/\/www.siidritalu.ee\/en\/pood\/jaasiider\/\" \/>\n<meta property=\"og:site_name\" content=\"Tori Siidritalu\" \/>\n<meta property=\"article:modified_time\" content=\"2026-02-09T16:59:31+00:00\" \/>\n<meta property=\"og:image\" content=\"https:\/\/siidritalu.ee\/wp-content\/uploads\/2021\/10\/Ice-cider-canva1.jpg\" \/>\n\t<meta property=\"og:image:width\" content=\"800\" \/>\n\t<meta property=\"og:image:height\" content=\"1067\" \/>\n\t<meta property=\"og:image:type\" content=\"image\/jpeg\" \/>\n<meta name=\"twitter:card\" content=\"summary_large_image\" \/>\n<script type=\"application\/ld+json\" class=\"yoast-schema-graph\">{\"@context\":\"https:\\\/\\\/schema.org\",\"@graph\":[{\"@type\":\"WebPage\",\"@id\":\"https:\\\/\\\/www.siidritalu.ee\\\/en\\\/pood\\\/jaasiider\\\/\",\"url\":\"https:\\\/\\\/www.siidritalu.ee\\\/en\\\/pood\\\/jaasiider\\\/\",\"name\":\"J\u00e4\u00e4siider 375ml - Tori Siidritalu\",\"isPartOf\":{\"@id\":\"https:\\\/\\\/siidritalu.ee\\\/#website\"},\"primaryImageOfPage\":{\"@id\":\"https:\\\/\\\/www.siidritalu.ee\\\/en\\\/pood\\\/jaasiider\\\/#primaryimage\"},\"image\":{\"@id\":\"https:\\\/\\\/www.siidritalu.ee\\\/en\\\/pood\\\/jaasiider\\\/#primaryimage\"},\"thumbnailUrl\":\"https:\\\/\\\/www.siidritalu.ee\\\/wp-content\\\/uploads\\\/2021\\\/10\\\/Ice-cider-canva1.jpg\",\"datePublished\":\"2021-10-09T15:31:43+00:00\",\"dateModified\":\"2026-02-09T16:59:31+00:00\",\"description\":\"Tori J\u00e4\u00e4siider valmib pakases k\u00fclmutatud ja vee raldatud \u00f5unamahlast, kus kontsentreeritud mahlast k\u00e4\u00e4ritatakse J\u00e4\u00e4siidri. Parim dessertvein 2024\",\"breadcrumb\":{\"@id\":\"https:\\\/\\\/www.siidritalu.ee\\\/en\\\/pood\\\/jaasiider\\\/#breadcrumb\"},\"inLanguage\":\"en-US\",\"potentialAction\":[{\"@type\":\"ReadAction\",\"target\":[\"https:\\\/\\\/www.siidritalu.ee\\\/en\\\/pood\\\/jaasiider\\\/\"]}]},{\"@type\":\"ImageObject\",\"inLanguage\":\"en-US\",\"@id\":\"https:\\\/\\\/www.siidritalu.ee\\\/en\\\/pood\\\/jaasiider\\\/#primaryimage\",\"url\":\"https:\\\/\\\/www.siidritalu.ee\\\/wp-content\\\/uploads\\\/2021\\\/10\\\/Ice-cider-canva1.jpg\",\"contentUrl\":\"https:\\\/\\\/www.siidritalu.ee\\\/wp-content\\\/uploads\\\/2021\\\/10\\\/Ice-cider-canva1.jpg\",\"width\":800,\"height\":1067,\"caption\":\"jaasiider\"},{\"@type\":\"BreadcrumbList\",\"@id\":\"https:\\\/\\\/www.siidritalu.ee\\\/en\\\/pood\\\/jaasiider\\\/#breadcrumb\",\"itemListElement\":[{\"@type\":\"ListItem\",\"position\":1,\"name\":\"Home\",\"item\":\"https:\\\/\\\/siidritalu.ee\\\/en\\\/\"},{\"@type\":\"ListItem\",\"position\":2,\"name\":\"Shop\",\"item\":\"https:\\\/\\\/siidritalu.ee\\\/en\\\/shop\\\/\"},{\"@type\":\"ListItem\",\"position\":3,\"name\":\"J\u00e4\u00e4siider 375ml\"}]},{\"@type\":\"WebSite\",\"@id\":\"https:\\\/\\\/siidritalu.ee\\\/#website\",\"url\":\"https:\\\/\\\/siidritalu.ee\\\/\",\"name\":\"Tori Siidritalu\",\"description\":\"Eesti k\u00e4sit\u00f6\u00f6 joogid siider ja alkoholivaba\",\"publisher\":{\"@id\":\"https:\\\/\\\/siidritalu.ee\\\/#organization\"},\"potentialAction\":[{\"@type\":\"SearchAction\",\"target\":{\"@type\":\"EntryPoint\",\"urlTemplate\":\"https:\\\/\\\/siidritalu.ee\\\/?s={search_term_string}\"},\"query-input\":{\"@type\":\"PropertyValueSpecification\",\"valueRequired\":true,\"valueName\":\"search_term_string\"}}],\"inLanguage\":\"en-US\"},{\"@type\":\"Organization\",\"@id\":\"https:\\\/\\\/siidritalu.ee\\\/#organization\",\"name\":\"Tori Siidritalu\",\"url\":\"https:\\\/\\\/siidritalu.ee\\\/\",\"logo\":{\"@type\":\"ImageObject\",\"inLanguage\":\"en-US\",\"@id\":\"https:\\\/\\\/siidritalu.ee\\\/#\\\/schema\\\/logo\\\/image\\\/\",\"url\":\"https:\\\/\\\/www.siidritalu.ee\\\/wp-content\\\/uploads\\\/2021\\\/10\\\/cropped-Logo-1080.jpg\",\"contentUrl\":\"https:\\\/\\\/www.siidritalu.ee\\\/wp-content\\\/uploads\\\/2021\\\/10\\\/cropped-Logo-1080.jpg\",\"width\":512,\"height\":512,\"caption\":\"Tori Siidritalu\"},\"image\":{\"@id\":\"https:\\\/\\\/siidritalu.ee\\\/#\\\/schema\\\/logo\\\/image\\\/\"}}]}<\/script>\n<!-- \/ Yoast SEO plugin. -->","yoast_head_json":{"title":"J\u00e4\u00e4siider 375ml - Tori Siidritalu","description":"Tori J\u00e4\u00e4siider valmib pakases k\u00fclmutatud ja vee raldatud \u00f5unamahlast, kus kontsentreeritud mahlast k\u00e4\u00e4ritatakse J\u00e4\u00e4siidri. Parim dessertvein 2024","robots":{"index":"index","follow":"follow","max-snippet":"max-snippet:-1","max-image-preview":"max-image-preview:large","max-video-preview":"max-video-preview:-1"},"canonical":"https:\/\/www.siidritalu.ee\/en\/pood\/jaasiider\/","og_locale":"en_US","og_type":"article","og_title":"J\u00e4\u00e4siider 375ml - Tori Siidritalu","og_description":"Tori J\u00e4\u00e4siider valmib pakases k\u00fclmutatud ja vee raldatud \u00f5unamahlast, kus kontsentreeritud mahlast k\u00e4\u00e4ritatakse J\u00e4\u00e4siidri. Parim dessertvein 2024","og_url":"https:\/\/www.siidritalu.ee\/en\/pood\/jaasiider\/","og_site_name":"Tori Siidritalu","article_modified_time":"2026-02-09T16:59:31+00:00","og_image":[{"width":800,"height":1067,"url":"https:\/\/siidritalu.ee\/wp-content\/uploads\/2021\/10\/Ice-cider-canva1.jpg","type":"image\/jpeg"}],"twitter_card":"summary_large_image","schema":{"@context":"https:\/\/schema.org","@graph":[{"@type":"WebPage","@id":"https:\/\/www.siidritalu.ee\/en\/pood\/jaasiider\/","url":"https:\/\/www.siidritalu.ee\/en\/pood\/jaasiider\/","name":"J\u00e4\u00e4siider 375ml - Tori Siidritalu","isPartOf":{"@id":"https:\/\/siidritalu.ee\/#website"},"primaryImageOfPage":{"@id":"https:\/\/www.siidritalu.ee\/en\/pood\/jaasiider\/#primaryimage"},"image":{"@id":"https:\/\/www.siidritalu.ee\/en\/pood\/jaasiider\/#primaryimage"},"thumbnailUrl":"https:\/\/www.siidritalu.ee\/wp-content\/uploads\/2021\/10\/Ice-cider-canva1.jpg","datePublished":"2021-10-09T15:31:43+00:00","dateModified":"2026-02-09T16:59:31+00:00","description":"Tori J\u00e4\u00e4siider valmib pakases k\u00fclmutatud ja vee raldatud \u00f5unamahlast, kus kontsentreeritud mahlast k\u00e4\u00e4ritatakse J\u00e4\u00e4siidri. Parim dessertvein 2024","breadcrumb":{"@id":"https:\/\/www.siidritalu.ee\/en\/pood\/jaasiider\/#breadcrumb"},"inLanguage":"en-US","potentialAction":[{"@type":"ReadAction","target":["https:\/\/www.siidritalu.ee\/en\/pood\/jaasiider\/"]}]},{"@type":"ImageObject","inLanguage":"en-US","@id":"https:\/\/www.siidritalu.ee\/en\/pood\/jaasiider\/#primaryimage","url":"https:\/\/www.siidritalu.ee\/wp-content\/uploads\/2021\/10\/Ice-cider-canva1.jpg","contentUrl":"https:\/\/www.siidritalu.ee\/wp-content\/uploads\/2021\/10\/Ice-cider-canva1.jpg","width":800,"height":1067,"caption":"jaasiider"},{"@type":"BreadcrumbList","@id":"https:\/\/www.siidritalu.ee\/en\/pood\/jaasiider\/#breadcrumb","itemListElement":[{"@type":"ListItem","position":1,"name":"Home","item":"https:\/\/siidritalu.ee\/en\/"},{"@type":"ListItem","position":2,"name":"Shop","item":"https:\/\/siidritalu.ee\/en\/shop\/"},{"@type":"ListItem","position":3,"name":"J\u00e4\u00e4siider 375ml"}]},{"@type":"WebSite","@id":"https:\/\/siidritalu.ee\/#website","url":"https:\/\/siidritalu.ee\/","name":"Tori Siidritalu","description":"Eesti k\u00e4sit\u00f6\u00f6 joogid siider ja alkoholivaba","publisher":{"@id":"https:\/\/siidritalu.ee\/#organization"},"potentialAction":[{"@type":"SearchAction","target":{"@type":"EntryPoint","urlTemplate":"https:\/\/siidritalu.ee\/?s={search_term_string}"},"query-input":{"@type":"PropertyValueSpecification","valueRequired":true,"valueName":"search_term_string"}}],"inLanguage":"en-US"},{"@type":"Organization","@id":"https:\/\/siidritalu.ee\/#organization","name":"Tori Siidritalu","url":"https:\/\/siidritalu.ee\/","logo":{"@type":"ImageObject","inLanguage":"en-US","@id":"https:\/\/siidritalu.ee\/#\/schema\/logo\/image\/","url":"https:\/\/www.siidritalu.ee\/wp-content\/uploads\/2021\/10\/cropped-Logo-1080.jpg","contentUrl":"https:\/\/www.siidritalu.ee\/wp-content\/uploads\/2021\/10\/cropped-Logo-1080.jpg","width":512,"height":512,"caption":"Tori Siidritalu"},"image":{"@id":"https:\/\/siidritalu.ee\/#\/schema\/logo\/image\/"}}]}},"jetpack_sharing_enabled":true,"_links":{"self":[{"href":"https:\/\/www.siidritalu.ee\/en\/wp-json\/wp\/v2\/product\/164","targetHints":{"allow":["GET"]}}],"collection":[{"href":"https:\/\/www.siidritalu.ee\/en\/wp-json\/wp\/v2\/product"}],"about":[{"href":"https:\/\/www.siidritalu.ee\/en\/wp-json\/wp\/v2\/types\/product"}],"wp:featuredmedia":[{"embeddable":true,"href":"https:\/\/www.siidritalu.ee\/en\/wp-json\/wp\/v2\/media\/4171"}],"wp:attachment":[{"href":"https:\/\/www.siidritalu.ee\/en\/wp-json\/wp\/v2\/media?parent=164"}],"wp:term":[{"taxonomy":"product_brand","embeddable":true,"href":"https:\/\/www.siidritalu.ee\/en\/wp-json\/wp\/v2\/product_brand?post=164"},{"taxonomy":"product_cat","embeddable":true,"href":"https:\/\/www.siidritalu.ee\/en\/wp-json\/wp\/v2\/product_cat?post=164"},{"taxonomy":"product_tag","embeddable":true,"href":"https:\/\/www.siidritalu.ee\/en\/wp-json\/wp\/v2\/product_tag?post=164"}],"curies":[{"name":"wp","href":"https:\/\/api.w.org\/{rel}","templated":true}]}}