{"id":352,"date":"2021-10-19T15:09:28","date_gmt":"2021-10-19T15:09:28","guid":{"rendered":"https:\/\/siidritalu.ee\/?post_type=product&#038;p=352"},"modified":"2024-01-01T18:05:23","modified_gmt":"2024-01-01T16:05:23","slug":"kuiv-kasitoosiider","status":"publish","type":"product","link":"https:\/\/www.siidritalu.ee\/en\/pood\/kuiv-kasitoosiider\/","title":{"rendered":"Kuiv siider 33cl (5tk)"},"content":{"rendered":"<div>\n<p>Hele, kirgas, merevaigukarva \u00f5rna mulliga siider.<\/p>\n<\/div>\n<div>\n<p>Aroomis \u00f5unased, v\u00e4rsked ja kerge noodid, millele lisab isikup\u00e4ra kerge karamelline alatoon.<\/p>\n<p>Maitses karge, v\u00e4rskendav ja p\u00fcsiva happega, mis taskaalustab puuviljast olemust. Tunda \u00f5una ja kollast ploomi. Hea iseseisvaks janu kustutajaks kui ka salatite ja kergemate kanaliha v\u00f5i kala roogadega. Suurep\u00e4rane sn\u00e4kkidele saatjaks v\u00f5i lihtsale grillipeole. M\u00e4ngib p\u00f5nevalt ka musta leivaga.<\/p>\n<p><strong>Kastis 5 pudelit<br \/>\nAlc 5,9%vol 33cl<br \/>\nParim juua jahutatult 6\u20268\u00b0C juures<br \/>\n<\/strong><em>sisaldab sulfiteid<\/em><\/p>\n<\/div>\n","protected":false},"excerpt":{"rendered":"<p>Eesti mahe\u00f5untest metsiku k\u00e4\u00e4ritamise teel valmistatud kuiv siider. Lopsakas ja julge maitse ning peen mull teevad siidrist suurep\u00e4rase kaaslase k\u00f5ikidele k\u00e4sit\u00f6\u00f6siidri austajatele.<\/p>\n<figure id=\"attachment_3051\" aria-describedby=\"caption-attachment-3051\" style=\"width: 140px\" class=\"wp-caption alignleft\"><img loading=\"lazy\" decoding=\"async\" class=\"wp-image-3051\" src=\"https:\/\/siidritalu.ee\/wp-content\/uploads\/2021\/10\/NICA23-Bronze-png-400x400.png\" alt=\"\" width=\"140\" height=\"140\" srcset=\"https:\/\/www.siidritalu.ee\/wp-content\/uploads\/2021\/10\/NICA23-Bronze-png-400x400.png 400w, https:\/\/www.siidritalu.ee\/wp-content\/uploads\/2021\/10\/NICA23-Bronze-png-800x800.png 800w, https:\/\/www.siidritalu.ee\/wp-content\/uploads\/2021\/10\/NICA23-Bronze-png-280x280.png 280w, https:\/\/www.siidritalu.ee\/wp-content\/uploads\/2021\/10\/NICA23-Bronze-png-768x768.png 768w, https:\/\/www.siidritalu.ee\/wp-content\/uploads\/2021\/10\/NICA23-Bronze-png-1536x1536.png 1536w, https:\/\/www.siidritalu.ee\/wp-content\/uploads\/2021\/10\/NICA23-Bronze-png-510x510.png 510w, https:\/\/www.siidritalu.ee\/wp-content\/uploads\/2021\/10\/NICA23-Bronze-png-100x100.png 100w, https:\/\/www.siidritalu.ee\/wp-content\/uploads\/2021\/10\/NICA23-Bronze-png.png 1603w\" sizes=\"auto, (max-width: 140px) 100vw, 140px\" \/><figcaption id=\"caption-attachment-3051\" class=\"wp-caption-text\">Nordic International Cider Awards 2023<\/figcaption><\/figure>\n<p>&nbsp;<\/p>\n<p>&nbsp;<\/p>\n<p>&nbsp;<\/p>\n","protected":false},"featured_media":3048,"template":"","meta":{"_monsterinsights_skip_tracking":false,"_monsterinsights_sitenote_active":false,"_monsterinsights_sitenote_note":"","_monsterinsights_sitenote_category":0},"product_brand":[],"product_cat":[17],"product_tag":[],"class_list":{"0":"post-352","1":"product","2":"type-product","3":"status-publish","4":"has-post-thumbnail","6":"product_cat-siider","8":"first","9":"instock","10":"taxable","11":"shipping-taxable","12":"purchasable","13":"product-type-simple"},"yoast_head":"<!-- This site is optimized with the Yoast SEO plugin v27.5 - https:\/\/yoast.com\/product\/yoast-seo-wordpress\/ -->\n<title>Kuiv siider 33cl (5tk) - Tori Siidritalu<\/title>\n<meta name=\"description\" content=\"Eesti mahe\u00f5untest metsiku k\u00e4\u00e4ritamise teel valmistatud kuiv siider. Julge maitse ning peen mull teevad siidrist k\u00f5ikidele k\u00e4sit\u00f6\u00f6siidri austajatele.\" \/>\n<meta name=\"robots\" content=\"index, follow, max-snippet:-1, max-image-preview:large, max-video-preview:-1\" \/>\n<link rel=\"canonical\" href=\"https:\/\/www.siidritalu.ee\/en\/pood\/kuiv-kasitoosiider\/\" \/>\n<meta property=\"og:locale\" content=\"en_US\" \/>\n<meta property=\"og:type\" content=\"article\" \/>\n<meta property=\"og:title\" content=\"Kuiv siider 33cl (5tk) - Tori Siidritalu\" \/>\n<meta property=\"og:description\" content=\"Eesti mahe\u00f5untest metsiku k\u00e4\u00e4ritamise teel valmistatud kuiv siider. Julge maitse ning peen mull teevad siidrist k\u00f5ikidele k\u00e4sit\u00f6\u00f6siidri austajatele.\" \/>\n<meta property=\"og:url\" content=\"https:\/\/www.siidritalu.ee\/en\/pood\/kuiv-kasitoosiider\/\" \/>\n<meta property=\"og:site_name\" content=\"Tori Siidritalu\" \/>\n<meta property=\"article:modified_time\" content=\"2024-01-01T16:05:23+00:00\" \/>\n<meta property=\"og:image\" content=\"https:\/\/siidritalu.ee\/wp-content\/uploads\/2021\/10\/Kuiv-siider-33cl-bronze.png\" \/>\n\t<meta property=\"og:image:width\" content=\"1800\" \/>\n\t<meta property=\"og:image:height\" content=\"2400\" \/>\n\t<meta property=\"og:image:type\" content=\"image\/png\" \/>\n<meta name=\"twitter:card\" content=\"summary_large_image\" \/>\n<script type=\"application\/ld+json\" class=\"yoast-schema-graph\">{\"@context\":\"https:\\\/\\\/schema.org\",\"@graph\":[{\"@type\":\"WebPage\",\"@id\":\"https:\\\/\\\/www.siidritalu.ee\\\/en\\\/pood\\\/kuiv-kasitoosiider\\\/\",\"url\":\"https:\\\/\\\/www.siidritalu.ee\\\/en\\\/pood\\\/kuiv-kasitoosiider\\\/\",\"name\":\"Kuiv siider 33cl (5tk) - Tori Siidritalu\",\"isPartOf\":{\"@id\":\"https:\\\/\\\/siidritalu.ee\\\/#website\"},\"primaryImageOfPage\":{\"@id\":\"https:\\\/\\\/www.siidritalu.ee\\\/en\\\/pood\\\/kuiv-kasitoosiider\\\/#primaryimage\"},\"image\":{\"@id\":\"https:\\\/\\\/www.siidritalu.ee\\\/en\\\/pood\\\/kuiv-kasitoosiider\\\/#primaryimage\"},\"thumbnailUrl\":\"https:\\\/\\\/www.siidritalu.ee\\\/wp-content\\\/uploads\\\/2021\\\/10\\\/Kuiv-siider-33cl-bronze.png\",\"datePublished\":\"2021-10-19T15:09:28+00:00\",\"dateModified\":\"2024-01-01T16:05:23+00:00\",\"description\":\"Eesti mahe\u00f5untest metsiku k\u00e4\u00e4ritamise teel valmistatud kuiv siider. Julge maitse ning peen mull teevad siidrist k\u00f5ikidele k\u00e4sit\u00f6\u00f6siidri austajatele.\",\"breadcrumb\":{\"@id\":\"https:\\\/\\\/www.siidritalu.ee\\\/en\\\/pood\\\/kuiv-kasitoosiider\\\/#breadcrumb\"},\"inLanguage\":\"en-US\",\"potentialAction\":[{\"@type\":\"ReadAction\",\"target\":[\"https:\\\/\\\/www.siidritalu.ee\\\/en\\\/pood\\\/kuiv-kasitoosiider\\\/\"]}]},{\"@type\":\"ImageObject\",\"inLanguage\":\"en-US\",\"@id\":\"https:\\\/\\\/www.siidritalu.ee\\\/en\\\/pood\\\/kuiv-kasitoosiider\\\/#primaryimage\",\"url\":\"https:\\\/\\\/www.siidritalu.ee\\\/wp-content\\\/uploads\\\/2021\\\/10\\\/Kuiv-siider-33cl-bronze.png\",\"contentUrl\":\"https:\\\/\\\/www.siidritalu.ee\\\/wp-content\\\/uploads\\\/2021\\\/10\\\/Kuiv-siider-33cl-bronze.png\",\"width\":1800,\"height\":2400},{\"@type\":\"BreadcrumbList\",\"@id\":\"https:\\\/\\\/www.siidritalu.ee\\\/en\\\/pood\\\/kuiv-kasitoosiider\\\/#breadcrumb\",\"itemListElement\":[{\"@type\":\"ListItem\",\"position\":1,\"name\":\"Home\",\"item\":\"https:\\\/\\\/siidritalu.ee\\\/en\\\/\"},{\"@type\":\"ListItem\",\"position\":2,\"name\":\"Shop\",\"item\":\"https:\\\/\\\/siidritalu.ee\\\/en\\\/shop\\\/\"},{\"@type\":\"ListItem\",\"position\":3,\"name\":\"Kuiv siider 33cl (5tk)\"}]},{\"@type\":\"WebSite\",\"@id\":\"https:\\\/\\\/siidritalu.ee\\\/#website\",\"url\":\"https:\\\/\\\/siidritalu.ee\\\/\",\"name\":\"Tori Siidritalu\",\"description\":\"Eesti k\u00e4sit\u00f6\u00f6 joogid siider ja alkoholivaba\",\"publisher\":{\"@id\":\"https:\\\/\\\/siidritalu.ee\\\/#organization\"},\"potentialAction\":[{\"@type\":\"SearchAction\",\"target\":{\"@type\":\"EntryPoint\",\"urlTemplate\":\"https:\\\/\\\/siidritalu.ee\\\/?s={search_term_string}\"},\"query-input\":{\"@type\":\"PropertyValueSpecification\",\"valueRequired\":true,\"valueName\":\"search_term_string\"}}],\"inLanguage\":\"en-US\"},{\"@type\":\"Organization\",\"@id\":\"https:\\\/\\\/siidritalu.ee\\\/#organization\",\"name\":\"Tori Siidritalu\",\"url\":\"https:\\\/\\\/siidritalu.ee\\\/\",\"logo\":{\"@type\":\"ImageObject\",\"inLanguage\":\"en-US\",\"@id\":\"https:\\\/\\\/siidritalu.ee\\\/#\\\/schema\\\/logo\\\/image\\\/\",\"url\":\"https:\\\/\\\/www.siidritalu.ee\\\/wp-content\\\/uploads\\\/2021\\\/10\\\/cropped-Logo-1080.jpg\",\"contentUrl\":\"https:\\\/\\\/www.siidritalu.ee\\\/wp-content\\\/uploads\\\/2021\\\/10\\\/cropped-Logo-1080.jpg\",\"width\":512,\"height\":512,\"caption\":\"Tori Siidritalu\"},\"image\":{\"@id\":\"https:\\\/\\\/siidritalu.ee\\\/#\\\/schema\\\/logo\\\/image\\\/\"}}]}<\/script>\n<!-- \/ Yoast SEO plugin. -->","yoast_head_json":{"title":"Kuiv siider 33cl (5tk) - Tori Siidritalu","description":"Eesti mahe\u00f5untest metsiku k\u00e4\u00e4ritamise teel valmistatud kuiv siider. Julge maitse ning peen mull teevad siidrist k\u00f5ikidele k\u00e4sit\u00f6\u00f6siidri austajatele.","robots":{"index":"index","follow":"follow","max-snippet":"max-snippet:-1","max-image-preview":"max-image-preview:large","max-video-preview":"max-video-preview:-1"},"canonical":"https:\/\/www.siidritalu.ee\/en\/pood\/kuiv-kasitoosiider\/","og_locale":"en_US","og_type":"article","og_title":"Kuiv siider 33cl (5tk) - Tori Siidritalu","og_description":"Eesti mahe\u00f5untest metsiku k\u00e4\u00e4ritamise teel valmistatud kuiv siider. Julge maitse ning peen mull teevad siidrist k\u00f5ikidele k\u00e4sit\u00f6\u00f6siidri austajatele.","og_url":"https:\/\/www.siidritalu.ee\/en\/pood\/kuiv-kasitoosiider\/","og_site_name":"Tori Siidritalu","article_modified_time":"2024-01-01T16:05:23+00:00","og_image":[{"width":1800,"height":2400,"url":"https:\/\/siidritalu.ee\/wp-content\/uploads\/2021\/10\/Kuiv-siider-33cl-bronze.png","type":"image\/png"}],"twitter_card":"summary_large_image","schema":{"@context":"https:\/\/schema.org","@graph":[{"@type":"WebPage","@id":"https:\/\/www.siidritalu.ee\/en\/pood\/kuiv-kasitoosiider\/","url":"https:\/\/www.siidritalu.ee\/en\/pood\/kuiv-kasitoosiider\/","name":"Kuiv siider 33cl (5tk) - Tori Siidritalu","isPartOf":{"@id":"https:\/\/siidritalu.ee\/#website"},"primaryImageOfPage":{"@id":"https:\/\/www.siidritalu.ee\/en\/pood\/kuiv-kasitoosiider\/#primaryimage"},"image":{"@id":"https:\/\/www.siidritalu.ee\/en\/pood\/kuiv-kasitoosiider\/#primaryimage"},"thumbnailUrl":"https:\/\/www.siidritalu.ee\/wp-content\/uploads\/2021\/10\/Kuiv-siider-33cl-bronze.png","datePublished":"2021-10-19T15:09:28+00:00","dateModified":"2024-01-01T16:05:23+00:00","description":"Eesti mahe\u00f5untest metsiku k\u00e4\u00e4ritamise teel valmistatud kuiv siider. Julge maitse ning peen mull teevad siidrist k\u00f5ikidele k\u00e4sit\u00f6\u00f6siidri austajatele.","breadcrumb":{"@id":"https:\/\/www.siidritalu.ee\/en\/pood\/kuiv-kasitoosiider\/#breadcrumb"},"inLanguage":"en-US","potentialAction":[{"@type":"ReadAction","target":["https:\/\/www.siidritalu.ee\/en\/pood\/kuiv-kasitoosiider\/"]}]},{"@type":"ImageObject","inLanguage":"en-US","@id":"https:\/\/www.siidritalu.ee\/en\/pood\/kuiv-kasitoosiider\/#primaryimage","url":"https:\/\/www.siidritalu.ee\/wp-content\/uploads\/2021\/10\/Kuiv-siider-33cl-bronze.png","contentUrl":"https:\/\/www.siidritalu.ee\/wp-content\/uploads\/2021\/10\/Kuiv-siider-33cl-bronze.png","width":1800,"height":2400},{"@type":"BreadcrumbList","@id":"https:\/\/www.siidritalu.ee\/en\/pood\/kuiv-kasitoosiider\/#breadcrumb","itemListElement":[{"@type":"ListItem","position":1,"name":"Home","item":"https:\/\/siidritalu.ee\/en\/"},{"@type":"ListItem","position":2,"name":"Shop","item":"https:\/\/siidritalu.ee\/en\/shop\/"},{"@type":"ListItem","position":3,"name":"Kuiv siider 33cl (5tk)"}]},{"@type":"WebSite","@id":"https:\/\/siidritalu.ee\/#website","url":"https:\/\/siidritalu.ee\/","name":"Tori Siidritalu","description":"Eesti k\u00e4sit\u00f6\u00f6 joogid siider ja alkoholivaba","publisher":{"@id":"https:\/\/siidritalu.ee\/#organization"},"potentialAction":[{"@type":"SearchAction","target":{"@type":"EntryPoint","urlTemplate":"https:\/\/siidritalu.ee\/?s={search_term_string}"},"query-input":{"@type":"PropertyValueSpecification","valueRequired":true,"valueName":"search_term_string"}}],"inLanguage":"en-US"},{"@type":"Organization","@id":"https:\/\/siidritalu.ee\/#organization","name":"Tori Siidritalu","url":"https:\/\/siidritalu.ee\/","logo":{"@type":"ImageObject","inLanguage":"en-US","@id":"https:\/\/siidritalu.ee\/#\/schema\/logo\/image\/","url":"https:\/\/www.siidritalu.ee\/wp-content\/uploads\/2021\/10\/cropped-Logo-1080.jpg","contentUrl":"https:\/\/www.siidritalu.ee\/wp-content\/uploads\/2021\/10\/cropped-Logo-1080.jpg","width":512,"height":512,"caption":"Tori Siidritalu"},"image":{"@id":"https:\/\/siidritalu.ee\/#\/schema\/logo\/image\/"}}]}},"jetpack_sharing_enabled":true,"_links":{"self":[{"href":"https:\/\/www.siidritalu.ee\/en\/wp-json\/wp\/v2\/product\/352","targetHints":{"allow":["GET"]}}],"collection":[{"href":"https:\/\/www.siidritalu.ee\/en\/wp-json\/wp\/v2\/product"}],"about":[{"href":"https:\/\/www.siidritalu.ee\/en\/wp-json\/wp\/v2\/types\/product"}],"wp:featuredmedia":[{"embeddable":true,"href":"https:\/\/www.siidritalu.ee\/en\/wp-json\/wp\/v2\/media\/3048"}],"wp:attachment":[{"href":"https:\/\/www.siidritalu.ee\/en\/wp-json\/wp\/v2\/media?parent=352"}],"wp:term":[{"taxonomy":"product_brand","embeddable":true,"href":"https:\/\/www.siidritalu.ee\/en\/wp-json\/wp\/v2\/product_brand?post=352"},{"taxonomy":"product_cat","embeddable":true,"href":"https:\/\/www.siidritalu.ee\/en\/wp-json\/wp\/v2\/product_cat?post=352"},{"taxonomy":"product_tag","embeddable":true,"href":"https:\/\/www.siidritalu.ee\/en\/wp-json\/wp\/v2\/product_tag?post=352"}],"curies":[{"name":"wp","href":"https:\/\/api.w.org\/{rel}","templated":true}]}}