{"id":353,"date":"2021-10-19T15:14:04","date_gmt":"2021-10-19T15:14:04","guid":{"rendered":"https:\/\/siidritalu.ee\/?post_type=product&#038;p=353"},"modified":"2024-01-01T18:06:29","modified_gmt":"2024-01-01T16:06:29","slug":"poolkuiv-siider","status":"publish","type":"product","link":"https:\/\/www.siidritalu.ee\/en\/pood\/poolkuiv-siider\/","title":{"rendered":"Poolkuiv siider 33cl (5tk)"},"content":{"rendered":"<div>Roheka alatooniga kuldkollane pehme mulliga siider.<\/div>\n<div><\/div>\n<p>Aroomis v\u00e4rskelt \u00f5unane, tunda kerget karamelli. Maitses kerge, s\u00f5bralik, pehmelt \u00f5unane, hea puuviljasuse ja taskaaluka happega. Suurep\u00e4rane kaaslane Aasia k\u00f6\u00f6gi v\u00fcrtsikate roogade ja erinevate puuviljadessertidega. V\u00e4ga \u00e4ge ka leivasupi k\u00f5rvale.<\/p>\n<div><\/div>\n<div><strong>Kastis 5 pudelit<\/strong><br \/>\n<strong>Alc 4,9%vol 33cl<br \/>\nParim juua jahutatult 6\u20268\u00b0C juures<br \/>\n<\/strong><em>sisaldab sulfiteid<\/em><\/div>\n","protected":false},"excerpt":{"rendered":"<p>Eesti mahe\u00f5untest metsiku k\u00e4\u00e4ritamise teel valmistatud poolkuiv siider. Loodusliku magususega puuviljane maitse ning peen mull teevad joogist suurep\u00e4rase kaaslase k\u00f5ikidele k\u00e4sit\u00f6\u00f6siidri austajatele.<\/p>\n","protected":false},"featured_media":1327,"template":"","meta":{"_monsterinsights_skip_tracking":false,"_monsterinsights_sitenote_active":false,"_monsterinsights_sitenote_note":"","_monsterinsights_sitenote_category":0},"product_brand":[],"product_cat":[17],"product_tag":[],"class_list":{"0":"post-353","1":"product","2":"type-product","3":"status-publish","4":"has-post-thumbnail","6":"product_cat-siider","8":"first","9":"instock","10":"taxable","11":"shipping-taxable","12":"purchasable","13":"product-type-simple"},"yoast_head":"<!-- This site is optimized with the Yoast SEO plugin v27.5 - https:\/\/yoast.com\/product\/yoast-seo-wordpress\/ -->\n<title>Poolkuiv siider 33cl (5tk) - Tori Siidritalu<\/title>\n<meta name=\"description\" content=\"Eesti mahe \u00f5unast valmistatud poolkuiv k\u00e4sit\u00f6\u00f6siider. Siider on \u00f5unamahlast k\u00e4\u00e4ritatud alkohoolne lahja jook.\" \/>\n<meta name=\"robots\" content=\"index, follow, max-snippet:-1, max-image-preview:large, max-video-preview:-1\" \/>\n<link rel=\"canonical\" href=\"https:\/\/www.siidritalu.ee\/en\/pood\/poolkuiv-siider\/\" \/>\n<meta property=\"og:locale\" content=\"en_US\" \/>\n<meta property=\"og:type\" content=\"article\" \/>\n<meta property=\"og:title\" content=\"Poolkuiv siider 33cl (5tk) - Tori Siidritalu\" \/>\n<meta property=\"og:description\" content=\"Eesti mahe \u00f5unast valmistatud poolkuiv k\u00e4sit\u00f6\u00f6siider. Siider on \u00f5unamahlast k\u00e4\u00e4ritatud alkohoolne lahja jook.\" \/>\n<meta property=\"og:url\" content=\"https:\/\/www.siidritalu.ee\/en\/pood\/poolkuiv-siider\/\" \/>\n<meta property=\"og:site_name\" content=\"Tori Siidritalu\" \/>\n<meta property=\"article:modified_time\" content=\"2024-01-01T16:06:29+00:00\" \/>\n<meta property=\"og:image\" content=\"https:\/\/siidritalu.ee\/wp-content\/uploads\/2021\/10\/Semi-Dry-033L-WP.jpg\" \/>\n\t<meta property=\"og:image:width\" content=\"1200\" \/>\n\t<meta property=\"og:image:height\" content=\"1600\" \/>\n\t<meta property=\"og:image:type\" content=\"image\/jpeg\" \/>\n<meta name=\"twitter:card\" content=\"summary_large_image\" \/>\n<script type=\"application\/ld+json\" class=\"yoast-schema-graph\">{\"@context\":\"https:\\\/\\\/schema.org\",\"@graph\":[{\"@type\":\"WebPage\",\"@id\":\"https:\\\/\\\/www.siidritalu.ee\\\/en\\\/pood\\\/poolkuiv-siider\\\/\",\"url\":\"https:\\\/\\\/www.siidritalu.ee\\\/en\\\/pood\\\/poolkuiv-siider\\\/\",\"name\":\"Poolkuiv siider 33cl (5tk) - Tori Siidritalu\",\"isPartOf\":{\"@id\":\"https:\\\/\\\/siidritalu.ee\\\/#website\"},\"primaryImageOfPage\":{\"@id\":\"https:\\\/\\\/www.siidritalu.ee\\\/en\\\/pood\\\/poolkuiv-siider\\\/#primaryimage\"},\"image\":{\"@id\":\"https:\\\/\\\/www.siidritalu.ee\\\/en\\\/pood\\\/poolkuiv-siider\\\/#primaryimage\"},\"thumbnailUrl\":\"https:\\\/\\\/www.siidritalu.ee\\\/wp-content\\\/uploads\\\/2021\\\/10\\\/Semi-Dry-033L-WP.jpg\",\"datePublished\":\"2021-10-19T15:14:04+00:00\",\"dateModified\":\"2024-01-01T16:06:29+00:00\",\"description\":\"Eesti mahe \u00f5unast valmistatud poolkuiv k\u00e4sit\u00f6\u00f6siider. Siider on \u00f5unamahlast k\u00e4\u00e4ritatud alkohoolne lahja jook.\",\"breadcrumb\":{\"@id\":\"https:\\\/\\\/www.siidritalu.ee\\\/en\\\/pood\\\/poolkuiv-siider\\\/#breadcrumb\"},\"inLanguage\":\"en-US\",\"potentialAction\":[{\"@type\":\"ReadAction\",\"target\":[\"https:\\\/\\\/www.siidritalu.ee\\\/en\\\/pood\\\/poolkuiv-siider\\\/\"]}]},{\"@type\":\"ImageObject\",\"inLanguage\":\"en-US\",\"@id\":\"https:\\\/\\\/www.siidritalu.ee\\\/en\\\/pood\\\/poolkuiv-siider\\\/#primaryimage\",\"url\":\"https:\\\/\\\/www.siidritalu.ee\\\/wp-content\\\/uploads\\\/2021\\\/10\\\/Semi-Dry-033L-WP.jpg\",\"contentUrl\":\"https:\\\/\\\/www.siidritalu.ee\\\/wp-content\\\/uploads\\\/2021\\\/10\\\/Semi-Dry-033L-WP.jpg\",\"width\":1200,\"height\":1600,\"caption\":\"poolkuiv siider\"},{\"@type\":\"BreadcrumbList\",\"@id\":\"https:\\\/\\\/www.siidritalu.ee\\\/en\\\/pood\\\/poolkuiv-siider\\\/#breadcrumb\",\"itemListElement\":[{\"@type\":\"ListItem\",\"position\":1,\"name\":\"Home\",\"item\":\"https:\\\/\\\/siidritalu.ee\\\/en\\\/\"},{\"@type\":\"ListItem\",\"position\":2,\"name\":\"Shop\",\"item\":\"https:\\\/\\\/siidritalu.ee\\\/en\\\/shop\\\/\"},{\"@type\":\"ListItem\",\"position\":3,\"name\":\"Poolkuiv siider 33cl (5tk)\"}]},{\"@type\":\"WebSite\",\"@id\":\"https:\\\/\\\/siidritalu.ee\\\/#website\",\"url\":\"https:\\\/\\\/siidritalu.ee\\\/\",\"name\":\"Tori Siidritalu\",\"description\":\"Eesti k\u00e4sit\u00f6\u00f6 joogid siider ja alkoholivaba\",\"publisher\":{\"@id\":\"https:\\\/\\\/siidritalu.ee\\\/#organization\"},\"potentialAction\":[{\"@type\":\"SearchAction\",\"target\":{\"@type\":\"EntryPoint\",\"urlTemplate\":\"https:\\\/\\\/siidritalu.ee\\\/?s={search_term_string}\"},\"query-input\":{\"@type\":\"PropertyValueSpecification\",\"valueRequired\":true,\"valueName\":\"search_term_string\"}}],\"inLanguage\":\"en-US\"},{\"@type\":\"Organization\",\"@id\":\"https:\\\/\\\/siidritalu.ee\\\/#organization\",\"name\":\"Tori Siidritalu\",\"url\":\"https:\\\/\\\/siidritalu.ee\\\/\",\"logo\":{\"@type\":\"ImageObject\",\"inLanguage\":\"en-US\",\"@id\":\"https:\\\/\\\/siidritalu.ee\\\/#\\\/schema\\\/logo\\\/image\\\/\",\"url\":\"https:\\\/\\\/www.siidritalu.ee\\\/wp-content\\\/uploads\\\/2021\\\/10\\\/cropped-Logo-1080.jpg\",\"contentUrl\":\"https:\\\/\\\/www.siidritalu.ee\\\/wp-content\\\/uploads\\\/2021\\\/10\\\/cropped-Logo-1080.jpg\",\"width\":512,\"height\":512,\"caption\":\"Tori Siidritalu\"},\"image\":{\"@id\":\"https:\\\/\\\/siidritalu.ee\\\/#\\\/schema\\\/logo\\\/image\\\/\"}}]}<\/script>\n<!-- \/ Yoast SEO plugin. -->","yoast_head_json":{"title":"Poolkuiv siider 33cl (5tk) - Tori Siidritalu","description":"Eesti mahe \u00f5unast valmistatud poolkuiv k\u00e4sit\u00f6\u00f6siider. Siider on \u00f5unamahlast k\u00e4\u00e4ritatud alkohoolne lahja jook.","robots":{"index":"index","follow":"follow","max-snippet":"max-snippet:-1","max-image-preview":"max-image-preview:large","max-video-preview":"max-video-preview:-1"},"canonical":"https:\/\/www.siidritalu.ee\/en\/pood\/poolkuiv-siider\/","og_locale":"en_US","og_type":"article","og_title":"Poolkuiv siider 33cl (5tk) - Tori Siidritalu","og_description":"Eesti mahe \u00f5unast valmistatud poolkuiv k\u00e4sit\u00f6\u00f6siider. Siider on \u00f5unamahlast k\u00e4\u00e4ritatud alkohoolne lahja jook.","og_url":"https:\/\/www.siidritalu.ee\/en\/pood\/poolkuiv-siider\/","og_site_name":"Tori Siidritalu","article_modified_time":"2024-01-01T16:06:29+00:00","og_image":[{"width":1200,"height":1600,"url":"https:\/\/siidritalu.ee\/wp-content\/uploads\/2021\/10\/Semi-Dry-033L-WP.jpg","type":"image\/jpeg"}],"twitter_card":"summary_large_image","schema":{"@context":"https:\/\/schema.org","@graph":[{"@type":"WebPage","@id":"https:\/\/www.siidritalu.ee\/en\/pood\/poolkuiv-siider\/","url":"https:\/\/www.siidritalu.ee\/en\/pood\/poolkuiv-siider\/","name":"Poolkuiv siider 33cl (5tk) - Tori Siidritalu","isPartOf":{"@id":"https:\/\/siidritalu.ee\/#website"},"primaryImageOfPage":{"@id":"https:\/\/www.siidritalu.ee\/en\/pood\/poolkuiv-siider\/#primaryimage"},"image":{"@id":"https:\/\/www.siidritalu.ee\/en\/pood\/poolkuiv-siider\/#primaryimage"},"thumbnailUrl":"https:\/\/www.siidritalu.ee\/wp-content\/uploads\/2021\/10\/Semi-Dry-033L-WP.jpg","datePublished":"2021-10-19T15:14:04+00:00","dateModified":"2024-01-01T16:06:29+00:00","description":"Eesti mahe \u00f5unast valmistatud poolkuiv k\u00e4sit\u00f6\u00f6siider. Siider on \u00f5unamahlast k\u00e4\u00e4ritatud alkohoolne lahja jook.","breadcrumb":{"@id":"https:\/\/www.siidritalu.ee\/en\/pood\/poolkuiv-siider\/#breadcrumb"},"inLanguage":"en-US","potentialAction":[{"@type":"ReadAction","target":["https:\/\/www.siidritalu.ee\/en\/pood\/poolkuiv-siider\/"]}]},{"@type":"ImageObject","inLanguage":"en-US","@id":"https:\/\/www.siidritalu.ee\/en\/pood\/poolkuiv-siider\/#primaryimage","url":"https:\/\/www.siidritalu.ee\/wp-content\/uploads\/2021\/10\/Semi-Dry-033L-WP.jpg","contentUrl":"https:\/\/www.siidritalu.ee\/wp-content\/uploads\/2021\/10\/Semi-Dry-033L-WP.jpg","width":1200,"height":1600,"caption":"poolkuiv siider"},{"@type":"BreadcrumbList","@id":"https:\/\/www.siidritalu.ee\/en\/pood\/poolkuiv-siider\/#breadcrumb","itemListElement":[{"@type":"ListItem","position":1,"name":"Home","item":"https:\/\/siidritalu.ee\/en\/"},{"@type":"ListItem","position":2,"name":"Shop","item":"https:\/\/siidritalu.ee\/en\/shop\/"},{"@type":"ListItem","position":3,"name":"Poolkuiv siider 33cl (5tk)"}]},{"@type":"WebSite","@id":"https:\/\/siidritalu.ee\/#website","url":"https:\/\/siidritalu.ee\/","name":"Tori Siidritalu","description":"Eesti k\u00e4sit\u00f6\u00f6 joogid siider ja alkoholivaba","publisher":{"@id":"https:\/\/siidritalu.ee\/#organization"},"potentialAction":[{"@type":"SearchAction","target":{"@type":"EntryPoint","urlTemplate":"https:\/\/siidritalu.ee\/?s={search_term_string}"},"query-input":{"@type":"PropertyValueSpecification","valueRequired":true,"valueName":"search_term_string"}}],"inLanguage":"en-US"},{"@type":"Organization","@id":"https:\/\/siidritalu.ee\/#organization","name":"Tori Siidritalu","url":"https:\/\/siidritalu.ee\/","logo":{"@type":"ImageObject","inLanguage":"en-US","@id":"https:\/\/siidritalu.ee\/#\/schema\/logo\/image\/","url":"https:\/\/www.siidritalu.ee\/wp-content\/uploads\/2021\/10\/cropped-Logo-1080.jpg","contentUrl":"https:\/\/www.siidritalu.ee\/wp-content\/uploads\/2021\/10\/cropped-Logo-1080.jpg","width":512,"height":512,"caption":"Tori Siidritalu"},"image":{"@id":"https:\/\/siidritalu.ee\/#\/schema\/logo\/image\/"}}]}},"jetpack_sharing_enabled":true,"_links":{"self":[{"href":"https:\/\/www.siidritalu.ee\/en\/wp-json\/wp\/v2\/product\/353","targetHints":{"allow":["GET"]}}],"collection":[{"href":"https:\/\/www.siidritalu.ee\/en\/wp-json\/wp\/v2\/product"}],"about":[{"href":"https:\/\/www.siidritalu.ee\/en\/wp-json\/wp\/v2\/types\/product"}],"wp:featuredmedia":[{"embeddable":true,"href":"https:\/\/www.siidritalu.ee\/en\/wp-json\/wp\/v2\/media\/1327"}],"wp:attachment":[{"href":"https:\/\/www.siidritalu.ee\/en\/wp-json\/wp\/v2\/media?parent=353"}],"wp:term":[{"taxonomy":"product_brand","embeddable":true,"href":"https:\/\/www.siidritalu.ee\/en\/wp-json\/wp\/v2\/product_brand?post=353"},{"taxonomy":"product_cat","embeddable":true,"href":"https:\/\/www.siidritalu.ee\/en\/wp-json\/wp\/v2\/product_cat?post=353"},{"taxonomy":"product_tag","embeddable":true,"href":"https:\/\/www.siidritalu.ee\/en\/wp-json\/wp\/v2\/product_tag?post=353"}],"curies":[{"name":"wp","href":"https:\/\/api.w.org\/{rel}","templated":true}]}}