{"id":3531,"date":"2024-04-22T17:40:16","date_gmt":"2024-04-22T14:40:16","guid":{"rendered":"https:\/\/siidritalu.ee\/?post_type=product&#038;p=3531"},"modified":"2025-11-04T15:45:50","modified_gmt":"2025-11-04T13:45:50","slug":"murakas-75cl","status":"publish","type":"product","link":"https:\/\/www.siidritalu.ee\/en\/pood\/murakas-75cl\/","title":{"rendered":"Murakas 75cl"},"content":{"rendered":"<p>Muraka vahuvein on kui s\u00f5\u00f5m Eestimaa suvist p\u00e4ikest \u2014 kuldkollane, mesiselt pehme ja \u00f5rna muraka noodiga.<br \/>\n<br data-start=\"450\" data-end=\"453\" \/>See poolkuiv vahuvein on suurep\u00e4rane kaaslane grilljuustu, v\u00e4rskete puuviljade v\u00f5i kergete magustoitude k\u00f5rvale. Sobib imeliselt ka pidulikuks tervitusjoogiks, tuues iga hetke sisse killukese suve soojust ja r\u00f5\u00f5mu.<\/p>\n<p><strong>Alc 9,5%vol 75cl<\/strong><br \/>\n<strong>Parim juua jahutatult 6\u20268\u00b0C juures<\/strong><br \/>\n<em>sisaldab sulfiteid<\/em><\/p>\n","protected":false},"excerpt":{"rendered":"<p>Muraka vahuvein on kui on s\u00f5\u00f5m Eestimaa suvist p\u00e4ikest, kuldkollase v\u00e4rvuse ja mesise maitsega.<\/p>\n","protected":false},"featured_media":3535,"template":"","meta":{"_monsterinsights_skip_tracking":false,"_monsterinsights_sitenote_active":false,"_monsterinsights_sitenote_note":"","_monsterinsights_sitenote_category":0},"product_brand":[],"product_cat":[21],"product_tag":[],"class_list":{"0":"post-3531","1":"product","2":"type-product","3":"status-publish","4":"has-post-thumbnail","6":"product_cat-puuviljavahuvein","8":"first","9":"instock","10":"taxable","11":"shipping-taxable","12":"purchasable","13":"product-type-simple"},"yoast_head":"<!-- This site is optimized with the Yoast SEO plugin v27.5 - https:\/\/yoast.com\/product\/yoast-seo-wordpress\/ -->\n<title>Murakas 75cl - Tori Siidritalu<\/title>\n<meta name=\"description\" content=\"Muraka vahuvein on kui on s\u00f5\u00f5m Eestimaa suvist p\u00e4ikest, kuldkollase v\u00e4rvuse ja mesise maitsega. Vahuvein sobib suurep\u00e4raseks p\u00e4ikeselistel suve\u00f5htutel\" \/>\n<meta name=\"robots\" content=\"index, follow, max-snippet:-1, max-image-preview:large, max-video-preview:-1\" \/>\n<link rel=\"canonical\" href=\"https:\/\/www.siidritalu.ee\/en\/pood\/murakas-75cl\/\" \/>\n<meta property=\"og:locale\" content=\"en_US\" \/>\n<meta property=\"og:type\" content=\"article\" \/>\n<meta property=\"og:title\" content=\"Murakas 75cl - Tori Siidritalu\" \/>\n<meta property=\"og:description\" content=\"Muraka vahuvein on kui on s\u00f5\u00f5m Eestimaa suvist p\u00e4ikest, kuldkollase v\u00e4rvuse ja mesise maitsega. Vahuvein sobib suurep\u00e4raseks p\u00e4ikeselistel suve\u00f5htutel\" \/>\n<meta property=\"og:url\" content=\"https:\/\/www.siidritalu.ee\/en\/pood\/murakas-75cl\/\" \/>\n<meta property=\"og:site_name\" content=\"Tori Siidritalu\" \/>\n<meta property=\"article:modified_time\" content=\"2025-11-04T13:45:50+00:00\" \/>\n<meta property=\"og:image\" content=\"https:\/\/siidritalu.ee\/wp-content\/uploads\/2024\/04\/Murakas-75cl-wp.jpg\" \/>\n\t<meta property=\"og:image:width\" content=\"800\" \/>\n\t<meta property=\"og:image:height\" content=\"1067\" \/>\n\t<meta property=\"og:image:type\" content=\"image\/jpeg\" \/>\n<meta name=\"twitter:card\" content=\"summary_large_image\" \/>\n<script type=\"application\/ld+json\" class=\"yoast-schema-graph\">{\"@context\":\"https:\\\/\\\/schema.org\",\"@graph\":[{\"@type\":\"WebPage\",\"@id\":\"https:\\\/\\\/www.siidritalu.ee\\\/en\\\/pood\\\/murakas-75cl\\\/\",\"url\":\"https:\\\/\\\/www.siidritalu.ee\\\/en\\\/pood\\\/murakas-75cl\\\/\",\"name\":\"Murakas 75cl - Tori Siidritalu\",\"isPartOf\":{\"@id\":\"https:\\\/\\\/siidritalu.ee\\\/#website\"},\"primaryImageOfPage\":{\"@id\":\"https:\\\/\\\/www.siidritalu.ee\\\/en\\\/pood\\\/murakas-75cl\\\/#primaryimage\"},\"image\":{\"@id\":\"https:\\\/\\\/www.siidritalu.ee\\\/en\\\/pood\\\/murakas-75cl\\\/#primaryimage\"},\"thumbnailUrl\":\"https:\\\/\\\/www.siidritalu.ee\\\/wp-content\\\/uploads\\\/2024\\\/04\\\/Murakas-75cl-wp.jpg\",\"datePublished\":\"2024-04-22T14:40:16+00:00\",\"dateModified\":\"2025-11-04T13:45:50+00:00\",\"description\":\"Muraka vahuvein on kui on s\u00f5\u00f5m Eestimaa suvist p\u00e4ikest, kuldkollase v\u00e4rvuse ja mesise maitsega. Vahuvein sobib suurep\u00e4raseks p\u00e4ikeselistel suve\u00f5htutel\",\"breadcrumb\":{\"@id\":\"https:\\\/\\\/www.siidritalu.ee\\\/en\\\/pood\\\/murakas-75cl\\\/#breadcrumb\"},\"inLanguage\":\"en-US\",\"potentialAction\":[{\"@type\":\"ReadAction\",\"target\":[\"https:\\\/\\\/www.siidritalu.ee\\\/en\\\/pood\\\/murakas-75cl\\\/\"]}]},{\"@type\":\"ImageObject\",\"inLanguage\":\"en-US\",\"@id\":\"https:\\\/\\\/www.siidritalu.ee\\\/en\\\/pood\\\/murakas-75cl\\\/#primaryimage\",\"url\":\"https:\\\/\\\/www.siidritalu.ee\\\/wp-content\\\/uploads\\\/2024\\\/04\\\/Murakas-75cl-wp.jpg\",\"contentUrl\":\"https:\\\/\\\/www.siidritalu.ee\\\/wp-content\\\/uploads\\\/2024\\\/04\\\/Murakas-75cl-wp.jpg\",\"width\":800,\"height\":1067,\"caption\":\"Mock-up created for smartymockups.com\"},{\"@type\":\"BreadcrumbList\",\"@id\":\"https:\\\/\\\/www.siidritalu.ee\\\/en\\\/pood\\\/murakas-75cl\\\/#breadcrumb\",\"itemListElement\":[{\"@type\":\"ListItem\",\"position\":1,\"name\":\"Home\",\"item\":\"https:\\\/\\\/siidritalu.ee\\\/en\\\/\"},{\"@type\":\"ListItem\",\"position\":2,\"name\":\"Shop\",\"item\":\"https:\\\/\\\/siidritalu.ee\\\/en\\\/shop\\\/\"},{\"@type\":\"ListItem\",\"position\":3,\"name\":\"Murakas 75cl\"}]},{\"@type\":\"WebSite\",\"@id\":\"https:\\\/\\\/siidritalu.ee\\\/#website\",\"url\":\"https:\\\/\\\/siidritalu.ee\\\/\",\"name\":\"Tori Siidritalu\",\"description\":\"Eesti k\u00e4sit\u00f6\u00f6 joogid siider ja alkoholivaba\",\"publisher\":{\"@id\":\"https:\\\/\\\/siidritalu.ee\\\/#organization\"},\"potentialAction\":[{\"@type\":\"SearchAction\",\"target\":{\"@type\":\"EntryPoint\",\"urlTemplate\":\"https:\\\/\\\/siidritalu.ee\\\/?s={search_term_string}\"},\"query-input\":{\"@type\":\"PropertyValueSpecification\",\"valueRequired\":true,\"valueName\":\"search_term_string\"}}],\"inLanguage\":\"en-US\"},{\"@type\":\"Organization\",\"@id\":\"https:\\\/\\\/siidritalu.ee\\\/#organization\",\"name\":\"Tori Siidritalu\",\"url\":\"https:\\\/\\\/siidritalu.ee\\\/\",\"logo\":{\"@type\":\"ImageObject\",\"inLanguage\":\"en-US\",\"@id\":\"https:\\\/\\\/siidritalu.ee\\\/#\\\/schema\\\/logo\\\/image\\\/\",\"url\":\"https:\\\/\\\/www.siidritalu.ee\\\/wp-content\\\/uploads\\\/2021\\\/10\\\/cropped-Logo-1080.jpg\",\"contentUrl\":\"https:\\\/\\\/www.siidritalu.ee\\\/wp-content\\\/uploads\\\/2021\\\/10\\\/cropped-Logo-1080.jpg\",\"width\":512,\"height\":512,\"caption\":\"Tori Siidritalu\"},\"image\":{\"@id\":\"https:\\\/\\\/siidritalu.ee\\\/#\\\/schema\\\/logo\\\/image\\\/\"}}]}<\/script>\n<!-- \/ Yoast SEO plugin. -->","yoast_head_json":{"title":"Murakas 75cl - Tori Siidritalu","description":"Muraka vahuvein on kui on s\u00f5\u00f5m Eestimaa suvist p\u00e4ikest, kuldkollase v\u00e4rvuse ja mesise maitsega. Vahuvein sobib suurep\u00e4raseks p\u00e4ikeselistel suve\u00f5htutel","robots":{"index":"index","follow":"follow","max-snippet":"max-snippet:-1","max-image-preview":"max-image-preview:large","max-video-preview":"max-video-preview:-1"},"canonical":"https:\/\/www.siidritalu.ee\/en\/pood\/murakas-75cl\/","og_locale":"en_US","og_type":"article","og_title":"Murakas 75cl - Tori Siidritalu","og_description":"Muraka vahuvein on kui on s\u00f5\u00f5m Eestimaa suvist p\u00e4ikest, kuldkollase v\u00e4rvuse ja mesise maitsega. Vahuvein sobib suurep\u00e4raseks p\u00e4ikeselistel suve\u00f5htutel","og_url":"https:\/\/www.siidritalu.ee\/en\/pood\/murakas-75cl\/","og_site_name":"Tori Siidritalu","article_modified_time":"2025-11-04T13:45:50+00:00","og_image":[{"width":800,"height":1067,"url":"https:\/\/siidritalu.ee\/wp-content\/uploads\/2024\/04\/Murakas-75cl-wp.jpg","type":"image\/jpeg"}],"twitter_card":"summary_large_image","schema":{"@context":"https:\/\/schema.org","@graph":[{"@type":"WebPage","@id":"https:\/\/www.siidritalu.ee\/en\/pood\/murakas-75cl\/","url":"https:\/\/www.siidritalu.ee\/en\/pood\/murakas-75cl\/","name":"Murakas 75cl - Tori Siidritalu","isPartOf":{"@id":"https:\/\/siidritalu.ee\/#website"},"primaryImageOfPage":{"@id":"https:\/\/www.siidritalu.ee\/en\/pood\/murakas-75cl\/#primaryimage"},"image":{"@id":"https:\/\/www.siidritalu.ee\/en\/pood\/murakas-75cl\/#primaryimage"},"thumbnailUrl":"https:\/\/www.siidritalu.ee\/wp-content\/uploads\/2024\/04\/Murakas-75cl-wp.jpg","datePublished":"2024-04-22T14:40:16+00:00","dateModified":"2025-11-04T13:45:50+00:00","description":"Muraka vahuvein on kui on s\u00f5\u00f5m Eestimaa suvist p\u00e4ikest, kuldkollase v\u00e4rvuse ja mesise maitsega. Vahuvein sobib suurep\u00e4raseks p\u00e4ikeselistel suve\u00f5htutel","breadcrumb":{"@id":"https:\/\/www.siidritalu.ee\/en\/pood\/murakas-75cl\/#breadcrumb"},"inLanguage":"en-US","potentialAction":[{"@type":"ReadAction","target":["https:\/\/www.siidritalu.ee\/en\/pood\/murakas-75cl\/"]}]},{"@type":"ImageObject","inLanguage":"en-US","@id":"https:\/\/www.siidritalu.ee\/en\/pood\/murakas-75cl\/#primaryimage","url":"https:\/\/www.siidritalu.ee\/wp-content\/uploads\/2024\/04\/Murakas-75cl-wp.jpg","contentUrl":"https:\/\/www.siidritalu.ee\/wp-content\/uploads\/2024\/04\/Murakas-75cl-wp.jpg","width":800,"height":1067,"caption":"Mock-up created for smartymockups.com"},{"@type":"BreadcrumbList","@id":"https:\/\/www.siidritalu.ee\/en\/pood\/murakas-75cl\/#breadcrumb","itemListElement":[{"@type":"ListItem","position":1,"name":"Home","item":"https:\/\/siidritalu.ee\/en\/"},{"@type":"ListItem","position":2,"name":"Shop","item":"https:\/\/siidritalu.ee\/en\/shop\/"},{"@type":"ListItem","position":3,"name":"Murakas 75cl"}]},{"@type":"WebSite","@id":"https:\/\/siidritalu.ee\/#website","url":"https:\/\/siidritalu.ee\/","name":"Tori Siidritalu","description":"Eesti k\u00e4sit\u00f6\u00f6 joogid siider ja alkoholivaba","publisher":{"@id":"https:\/\/siidritalu.ee\/#organization"},"potentialAction":[{"@type":"SearchAction","target":{"@type":"EntryPoint","urlTemplate":"https:\/\/siidritalu.ee\/?s={search_term_string}"},"query-input":{"@type":"PropertyValueSpecification","valueRequired":true,"valueName":"search_term_string"}}],"inLanguage":"en-US"},{"@type":"Organization","@id":"https:\/\/siidritalu.ee\/#organization","name":"Tori Siidritalu","url":"https:\/\/siidritalu.ee\/","logo":{"@type":"ImageObject","inLanguage":"en-US","@id":"https:\/\/siidritalu.ee\/#\/schema\/logo\/image\/","url":"https:\/\/www.siidritalu.ee\/wp-content\/uploads\/2021\/10\/cropped-Logo-1080.jpg","contentUrl":"https:\/\/www.siidritalu.ee\/wp-content\/uploads\/2021\/10\/cropped-Logo-1080.jpg","width":512,"height":512,"caption":"Tori Siidritalu"},"image":{"@id":"https:\/\/siidritalu.ee\/#\/schema\/logo\/image\/"}}]}},"jetpack_sharing_enabled":true,"_links":{"self":[{"href":"https:\/\/www.siidritalu.ee\/en\/wp-json\/wp\/v2\/product\/3531","targetHints":{"allow":["GET"]}}],"collection":[{"href":"https:\/\/www.siidritalu.ee\/en\/wp-json\/wp\/v2\/product"}],"about":[{"href":"https:\/\/www.siidritalu.ee\/en\/wp-json\/wp\/v2\/types\/product"}],"wp:featuredmedia":[{"embeddable":true,"href":"https:\/\/www.siidritalu.ee\/en\/wp-json\/wp\/v2\/media\/3535"}],"wp:attachment":[{"href":"https:\/\/www.siidritalu.ee\/en\/wp-json\/wp\/v2\/media?parent=3531"}],"wp:term":[{"taxonomy":"product_brand","embeddable":true,"href":"https:\/\/www.siidritalu.ee\/en\/wp-json\/wp\/v2\/product_brand?post=3531"},{"taxonomy":"product_cat","embeddable":true,"href":"https:\/\/www.siidritalu.ee\/en\/wp-json\/wp\/v2\/product_cat?post=3531"},{"taxonomy":"product_tag","embeddable":true,"href":"https:\/\/www.siidritalu.ee\/en\/wp-json\/wp\/v2\/product_tag?post=3531"}],"curies":[{"name":"wp","href":"https:\/\/api.w.org\/{rel}","templated":true}]}}