{"id":3538,"date":"2024-04-25T16:29:09","date_gmt":"2024-04-25T13:29:09","guid":{"rendered":"https:\/\/siidritalu.ee\/?post_type=product&#038;p=3538"},"modified":"2024-11-04T14:23:16","modified_gmt":"2024-11-04T12:23:16","slug":"tikker-75cl","status":"publish","type":"product","link":"https:\/\/www.siidritalu.ee\/en\/pood\/tikker-75cl\/","title":{"rendered":"Tikker 75cl"},"content":{"rendered":"<p>Sobib suurep\u00e4raselt liharoogade kaaslaseks, pardimaksa k\u00f5rvale. Aperitiivina v\u00e4rske ja veidi m\u00f5rkjas maitse ideaalselt s\u00f6\u00f6giisu \u00e4ratamiseks enne pearoogasid. Poolkuiv karakter sobib mitte-liiga-magusa koogi v\u00f5i marjaste dessertide k\u00f5rvale.<\/p>\n<p><strong>Alc 11%vol 75cl<\/strong><br \/>\n<strong>Parim juua jahutatult 6\u20268\u00b0C juures<\/strong><br \/>\n<em>sisaldab sulfiteid<\/em><\/p>\n","protected":false},"excerpt":{"rendered":"<p>Tikker on \u00fcllatusi t\u00e4is kvaliteetne puuviljavahuvein. Magususe ja happesuse ideaalset vahekorda toetab veidi m\u00f5rkjas aroom ja pargine maitsebukett.<\/p>\n","protected":false},"featured_media":3539,"template":"","meta":{"_monsterinsights_skip_tracking":false,"_monsterinsights_sitenote_active":false,"_monsterinsights_sitenote_note":"","_monsterinsights_sitenote_category":0},"product_brand":[],"product_cat":[21],"product_tag":[],"class_list":{"0":"post-3538","1":"product","2":"type-product","3":"status-publish","4":"has-post-thumbnail","6":"product_cat-puuviljavahuvein","8":"first","9":"instock","10":"taxable","11":"shipping-taxable","12":"purchasable","13":"product-type-simple"},"yoast_head":"<!-- This site is optimized with the Yoast SEO plugin v27.5 - https:\/\/yoast.com\/product\/yoast-seo-wordpress\/ -->\n<title>Tikker 75cl - Tori Siidritalu<\/title>\n<meta name=\"description\" content=\"Tikker on \u00fcllatusi t\u00e4is kvaliteetne puuviljavahuvein. Magususe ja happesuse ideaalset vahekorda toetab veidi m\u00f5rkjas aroom ja pargine maitsebukett.\" \/>\n<meta name=\"robots\" content=\"index, follow, max-snippet:-1, max-image-preview:large, max-video-preview:-1\" \/>\n<link rel=\"canonical\" href=\"https:\/\/www.siidritalu.ee\/en\/pood\/tikker-75cl\/\" \/>\n<meta property=\"og:locale\" content=\"en_US\" \/>\n<meta property=\"og:type\" content=\"article\" \/>\n<meta property=\"og:title\" content=\"Tikker 75cl - Tori Siidritalu\" \/>\n<meta property=\"og:description\" content=\"Tikker on \u00fcllatusi t\u00e4is kvaliteetne puuviljavahuvein. Magususe ja happesuse ideaalset vahekorda toetab veidi m\u00f5rkjas aroom ja pargine maitsebukett.\" \/>\n<meta property=\"og:url\" content=\"https:\/\/www.siidritalu.ee\/en\/pood\/tikker-75cl\/\" \/>\n<meta property=\"og:site_name\" content=\"Tori Siidritalu\" \/>\n<meta property=\"article:modified_time\" content=\"2024-11-04T12:23:16+00:00\" \/>\n<meta property=\"og:image\" content=\"https:\/\/siidritalu.ee\/wp-content\/uploads\/2024\/04\/Tikker-75cl-wp.jpg\" \/>\n\t<meta property=\"og:image:width\" content=\"800\" \/>\n\t<meta property=\"og:image:height\" content=\"1067\" \/>\n\t<meta property=\"og:image:type\" content=\"image\/jpeg\" \/>\n<meta name=\"twitter:card\" content=\"summary_large_image\" \/>\n<script type=\"application\/ld+json\" class=\"yoast-schema-graph\">{\"@context\":\"https:\\\/\\\/schema.org\",\"@graph\":[{\"@type\":\"WebPage\",\"@id\":\"https:\\\/\\\/www.siidritalu.ee\\\/en\\\/pood\\\/tikker-75cl\\\/\",\"url\":\"https:\\\/\\\/www.siidritalu.ee\\\/en\\\/pood\\\/tikker-75cl\\\/\",\"name\":\"Tikker 75cl - Tori Siidritalu\",\"isPartOf\":{\"@id\":\"https:\\\/\\\/siidritalu.ee\\\/#website\"},\"primaryImageOfPage\":{\"@id\":\"https:\\\/\\\/www.siidritalu.ee\\\/en\\\/pood\\\/tikker-75cl\\\/#primaryimage\"},\"image\":{\"@id\":\"https:\\\/\\\/www.siidritalu.ee\\\/en\\\/pood\\\/tikker-75cl\\\/#primaryimage\"},\"thumbnailUrl\":\"https:\\\/\\\/www.siidritalu.ee\\\/wp-content\\\/uploads\\\/2024\\\/04\\\/Tikker-75cl-wp.jpg\",\"datePublished\":\"2024-04-25T13:29:09+00:00\",\"dateModified\":\"2024-11-04T12:23:16+00:00\",\"description\":\"Tikker on \u00fcllatusi t\u00e4is kvaliteetne puuviljavahuvein. Magususe ja happesuse ideaalset vahekorda toetab veidi m\u00f5rkjas aroom ja pargine maitsebukett.\",\"breadcrumb\":{\"@id\":\"https:\\\/\\\/www.siidritalu.ee\\\/en\\\/pood\\\/tikker-75cl\\\/#breadcrumb\"},\"inLanguage\":\"en-US\",\"potentialAction\":[{\"@type\":\"ReadAction\",\"target\":[\"https:\\\/\\\/www.siidritalu.ee\\\/en\\\/pood\\\/tikker-75cl\\\/\"]}]},{\"@type\":\"ImageObject\",\"inLanguage\":\"en-US\",\"@id\":\"https:\\\/\\\/www.siidritalu.ee\\\/en\\\/pood\\\/tikker-75cl\\\/#primaryimage\",\"url\":\"https:\\\/\\\/www.siidritalu.ee\\\/wp-content\\\/uploads\\\/2024\\\/04\\\/Tikker-75cl-wp.jpg\",\"contentUrl\":\"https:\\\/\\\/www.siidritalu.ee\\\/wp-content\\\/uploads\\\/2024\\\/04\\\/Tikker-75cl-wp.jpg\",\"width\":800,\"height\":1067,\"caption\":\"Mock-up created for smartymockups.com\"},{\"@type\":\"BreadcrumbList\",\"@id\":\"https:\\\/\\\/www.siidritalu.ee\\\/en\\\/pood\\\/tikker-75cl\\\/#breadcrumb\",\"itemListElement\":[{\"@type\":\"ListItem\",\"position\":1,\"name\":\"Home\",\"item\":\"https:\\\/\\\/siidritalu.ee\\\/en\\\/\"},{\"@type\":\"ListItem\",\"position\":2,\"name\":\"Shop\",\"item\":\"https:\\\/\\\/siidritalu.ee\\\/en\\\/shop\\\/\"},{\"@type\":\"ListItem\",\"position\":3,\"name\":\"Tikker 75cl\"}]},{\"@type\":\"WebSite\",\"@id\":\"https:\\\/\\\/siidritalu.ee\\\/#website\",\"url\":\"https:\\\/\\\/siidritalu.ee\\\/\",\"name\":\"Tori Siidritalu\",\"description\":\"Eesti k\u00e4sit\u00f6\u00f6 joogid siider ja alkoholivaba\",\"publisher\":{\"@id\":\"https:\\\/\\\/siidritalu.ee\\\/#organization\"},\"potentialAction\":[{\"@type\":\"SearchAction\",\"target\":{\"@type\":\"EntryPoint\",\"urlTemplate\":\"https:\\\/\\\/siidritalu.ee\\\/?s={search_term_string}\"},\"query-input\":{\"@type\":\"PropertyValueSpecification\",\"valueRequired\":true,\"valueName\":\"search_term_string\"}}],\"inLanguage\":\"en-US\"},{\"@type\":\"Organization\",\"@id\":\"https:\\\/\\\/siidritalu.ee\\\/#organization\",\"name\":\"Tori Siidritalu\",\"url\":\"https:\\\/\\\/siidritalu.ee\\\/\",\"logo\":{\"@type\":\"ImageObject\",\"inLanguage\":\"en-US\",\"@id\":\"https:\\\/\\\/siidritalu.ee\\\/#\\\/schema\\\/logo\\\/image\\\/\",\"url\":\"https:\\\/\\\/www.siidritalu.ee\\\/wp-content\\\/uploads\\\/2021\\\/10\\\/cropped-Logo-1080.jpg\",\"contentUrl\":\"https:\\\/\\\/www.siidritalu.ee\\\/wp-content\\\/uploads\\\/2021\\\/10\\\/cropped-Logo-1080.jpg\",\"width\":512,\"height\":512,\"caption\":\"Tori Siidritalu\"},\"image\":{\"@id\":\"https:\\\/\\\/siidritalu.ee\\\/#\\\/schema\\\/logo\\\/image\\\/\"}}]}<\/script>\n<!-- \/ Yoast SEO plugin. -->","yoast_head_json":{"title":"Tikker 75cl - Tori Siidritalu","description":"Tikker on \u00fcllatusi t\u00e4is kvaliteetne puuviljavahuvein. Magususe ja happesuse ideaalset vahekorda toetab veidi m\u00f5rkjas aroom ja pargine maitsebukett.","robots":{"index":"index","follow":"follow","max-snippet":"max-snippet:-1","max-image-preview":"max-image-preview:large","max-video-preview":"max-video-preview:-1"},"canonical":"https:\/\/www.siidritalu.ee\/en\/pood\/tikker-75cl\/","og_locale":"en_US","og_type":"article","og_title":"Tikker 75cl - Tori Siidritalu","og_description":"Tikker on \u00fcllatusi t\u00e4is kvaliteetne puuviljavahuvein. Magususe ja happesuse ideaalset vahekorda toetab veidi m\u00f5rkjas aroom ja pargine maitsebukett.","og_url":"https:\/\/www.siidritalu.ee\/en\/pood\/tikker-75cl\/","og_site_name":"Tori Siidritalu","article_modified_time":"2024-11-04T12:23:16+00:00","og_image":[{"width":800,"height":1067,"url":"https:\/\/siidritalu.ee\/wp-content\/uploads\/2024\/04\/Tikker-75cl-wp.jpg","type":"image\/jpeg"}],"twitter_card":"summary_large_image","schema":{"@context":"https:\/\/schema.org","@graph":[{"@type":"WebPage","@id":"https:\/\/www.siidritalu.ee\/en\/pood\/tikker-75cl\/","url":"https:\/\/www.siidritalu.ee\/en\/pood\/tikker-75cl\/","name":"Tikker 75cl - Tori Siidritalu","isPartOf":{"@id":"https:\/\/siidritalu.ee\/#website"},"primaryImageOfPage":{"@id":"https:\/\/www.siidritalu.ee\/en\/pood\/tikker-75cl\/#primaryimage"},"image":{"@id":"https:\/\/www.siidritalu.ee\/en\/pood\/tikker-75cl\/#primaryimage"},"thumbnailUrl":"https:\/\/www.siidritalu.ee\/wp-content\/uploads\/2024\/04\/Tikker-75cl-wp.jpg","datePublished":"2024-04-25T13:29:09+00:00","dateModified":"2024-11-04T12:23:16+00:00","description":"Tikker on \u00fcllatusi t\u00e4is kvaliteetne puuviljavahuvein. Magususe ja happesuse ideaalset vahekorda toetab veidi m\u00f5rkjas aroom ja pargine maitsebukett.","breadcrumb":{"@id":"https:\/\/www.siidritalu.ee\/en\/pood\/tikker-75cl\/#breadcrumb"},"inLanguage":"en-US","potentialAction":[{"@type":"ReadAction","target":["https:\/\/www.siidritalu.ee\/en\/pood\/tikker-75cl\/"]}]},{"@type":"ImageObject","inLanguage":"en-US","@id":"https:\/\/www.siidritalu.ee\/en\/pood\/tikker-75cl\/#primaryimage","url":"https:\/\/www.siidritalu.ee\/wp-content\/uploads\/2024\/04\/Tikker-75cl-wp.jpg","contentUrl":"https:\/\/www.siidritalu.ee\/wp-content\/uploads\/2024\/04\/Tikker-75cl-wp.jpg","width":800,"height":1067,"caption":"Mock-up created for smartymockups.com"},{"@type":"BreadcrumbList","@id":"https:\/\/www.siidritalu.ee\/en\/pood\/tikker-75cl\/#breadcrumb","itemListElement":[{"@type":"ListItem","position":1,"name":"Home","item":"https:\/\/siidritalu.ee\/en\/"},{"@type":"ListItem","position":2,"name":"Shop","item":"https:\/\/siidritalu.ee\/en\/shop\/"},{"@type":"ListItem","position":3,"name":"Tikker 75cl"}]},{"@type":"WebSite","@id":"https:\/\/siidritalu.ee\/#website","url":"https:\/\/siidritalu.ee\/","name":"Tori Siidritalu","description":"Eesti k\u00e4sit\u00f6\u00f6 joogid siider ja alkoholivaba","publisher":{"@id":"https:\/\/siidritalu.ee\/#organization"},"potentialAction":[{"@type":"SearchAction","target":{"@type":"EntryPoint","urlTemplate":"https:\/\/siidritalu.ee\/?s={search_term_string}"},"query-input":{"@type":"PropertyValueSpecification","valueRequired":true,"valueName":"search_term_string"}}],"inLanguage":"en-US"},{"@type":"Organization","@id":"https:\/\/siidritalu.ee\/#organization","name":"Tori Siidritalu","url":"https:\/\/siidritalu.ee\/","logo":{"@type":"ImageObject","inLanguage":"en-US","@id":"https:\/\/siidritalu.ee\/#\/schema\/logo\/image\/","url":"https:\/\/www.siidritalu.ee\/wp-content\/uploads\/2021\/10\/cropped-Logo-1080.jpg","contentUrl":"https:\/\/www.siidritalu.ee\/wp-content\/uploads\/2021\/10\/cropped-Logo-1080.jpg","width":512,"height":512,"caption":"Tori Siidritalu"},"image":{"@id":"https:\/\/siidritalu.ee\/#\/schema\/logo\/image\/"}}]}},"jetpack_sharing_enabled":true,"_links":{"self":[{"href":"https:\/\/www.siidritalu.ee\/en\/wp-json\/wp\/v2\/product\/3538","targetHints":{"allow":["GET"]}}],"collection":[{"href":"https:\/\/www.siidritalu.ee\/en\/wp-json\/wp\/v2\/product"}],"about":[{"href":"https:\/\/www.siidritalu.ee\/en\/wp-json\/wp\/v2\/types\/product"}],"wp:featuredmedia":[{"embeddable":true,"href":"https:\/\/www.siidritalu.ee\/en\/wp-json\/wp\/v2\/media\/3539"}],"wp:attachment":[{"href":"https:\/\/www.siidritalu.ee\/en\/wp-json\/wp\/v2\/media?parent=3538"}],"wp:term":[{"taxonomy":"product_brand","embeddable":true,"href":"https:\/\/www.siidritalu.ee\/en\/wp-json\/wp\/v2\/product_brand?post=3538"},{"taxonomy":"product_cat","embeddable":true,"href":"https:\/\/www.siidritalu.ee\/en\/wp-json\/wp\/v2\/product_cat?post=3538"},{"taxonomy":"product_tag","embeddable":true,"href":"https:\/\/www.siidritalu.ee\/en\/wp-json\/wp\/v2\/product_tag?post=3538"}],"curies":[{"name":"wp","href":"https:\/\/api.w.org\/{rel}","templated":true}]}}