{"id":355,"date":"2021-10-19T15:22:57","date_gmt":"2021-10-19T15:22:57","guid":{"rendered":"https:\/\/siidritalu.ee\/?post_type=product&#038;p=355"},"modified":"2024-11-04T10:26:14","modified_gmt":"2024-11-04T08:26:14","slug":"tori-jaasiider-ja-andre-farmi-juust","status":"publish","type":"product","link":"https:\/\/www.siidritalu.ee\/en\/pood\/tori-jaasiider-ja-andre-farmi-juust\/","title":{"rendered":"Tori J\u00e4\u00e4siider ja Andre Farmi juust"},"content":{"rendered":"<p><em><b>Tori J\u00e4\u00e4siider<\/b> <\/em>ei ole traditsiooniline l\u00e4\u00e4gelt magus dessertvein. Tori J\u00e4\u00e4siider on rikkalik m\u00e4ng hapetest, k\u00fcpsest \u00f5unast, suhkrutest ja calvadoselikust tammisusest. Pikk, lausa 18 kuu pikkune k\u00fcpsemine calvadose tammevaatides annab J\u00e4\u00e4siidrile animaalsust ja t\u00e4idlust ning m\u00f5nusalt br\u00e4ndilikku k\u00fcpsust.<\/p>\n<p>Digestiivselt k\u00fclluslik j\u00e4\u00e4siider on suurep\u00e4rane kaaslane erinevate juustude ning dessertide k\u00f5rvale.<br \/>\n<strong>Alc 11%vol 375ml<\/strong><br \/>\n<strong>Parim juua jahutatult 8\u202610\u00b0C juures<\/strong><br \/>\n<em>sisaldab sulfiteid<\/em><\/p>\n<p><em><strong>Andre Farmi juust<\/strong><\/em><br \/>\nNetokogus: 300g.<\/p>\n","protected":false},"excerpt":{"rendered":"<p><b><strong><em>Komplektis:<\/em><\/strong><br \/>\n<\/b>Tori J\u00e4\u00e4siider 375cl<br \/>\n<em>Andre Farmi juust<\/em> ~300g<\/p>\n","protected":false},"featured_media":1600,"template":"","meta":{"_monsterinsights_skip_tracking":false,"_monsterinsights_sitenote_active":false,"_monsterinsights_sitenote_note":"","_monsterinsights_sitenote_category":0},"product_brand":[],"product_cat":[19],"product_tag":[],"class_list":{"0":"post-355","1":"product","2":"type-product","3":"status-publish","4":"has-post-thumbnail","6":"product_cat-kinkekomplektid","8":"first","9":"instock","10":"taxable","11":"shipping-taxable","12":"purchasable","13":"product-type-simple"},"yoast_head":"<!-- This site is optimized with the Yoast SEO plugin v27.5 - https:\/\/yoast.com\/product\/yoast-seo-wordpress\/ -->\n<title>Tori J\u00e4\u00e4siider ja Andre Farmi juust - Tori Siidritalu<\/title>\n<meta name=\"description\" content=\"Eesti v\u00e4iketootjate \u00fchispakkumine firmakingituseks, s\u00f5brale Tori Siidritalu J\u00e4\u00e4siider ja Andre Farmi juust sobivad suurep\u00e4raselt koos\" \/>\n<meta name=\"robots\" content=\"index, follow, max-snippet:-1, max-image-preview:large, max-video-preview:-1\" \/>\n<link rel=\"canonical\" href=\"https:\/\/www.siidritalu.ee\/en\/pood\/tori-jaasiider-ja-andre-farmi-juust\/\" \/>\n<meta property=\"og:locale\" content=\"en_US\" \/>\n<meta property=\"og:type\" content=\"article\" \/>\n<meta property=\"og:title\" content=\"Tori J\u00e4\u00e4siider ja Andre Farmi juust - Tori Siidritalu\" \/>\n<meta property=\"og:description\" content=\"Eesti v\u00e4iketootjate \u00fchispakkumine firmakingituseks, s\u00f5brale Tori Siidritalu J\u00e4\u00e4siider ja Andre Farmi juust sobivad suurep\u00e4raselt koos\" \/>\n<meta property=\"og:url\" content=\"https:\/\/www.siidritalu.ee\/en\/pood\/tori-jaasiider-ja-andre-farmi-juust\/\" \/>\n<meta property=\"og:site_name\" content=\"Tori Siidritalu\" \/>\n<meta property=\"article:modified_time\" content=\"2024-11-04T08:26:14+00:00\" \/>\n<meta property=\"og:image\" content=\"https:\/\/www.siidritalu.ee\/wp-content\/uploads\/2021\/10\/jaa-juust-kinkekomplekt.jpg\" \/>\n\t<meta property=\"og:image:width\" content=\"600\" \/>\n\t<meta property=\"og:image:height\" content=\"800\" \/>\n\t<meta property=\"og:image:type\" content=\"image\/jpeg\" \/>\n<meta name=\"twitter:card\" content=\"summary_large_image\" \/>\n<script type=\"application\/ld+json\" class=\"yoast-schema-graph\">{\"@context\":\"https:\\\/\\\/schema.org\",\"@graph\":[{\"@type\":\"WebPage\",\"@id\":\"https:\\\/\\\/www.siidritalu.ee\\\/en\\\/pood\\\/tori-jaasiider-ja-andre-farmi-juust\\\/\",\"url\":\"https:\\\/\\\/www.siidritalu.ee\\\/en\\\/pood\\\/tori-jaasiider-ja-andre-farmi-juust\\\/\",\"name\":\"Tori J\u00e4\u00e4siider ja Andre Farmi juust - Tori Siidritalu\",\"isPartOf\":{\"@id\":\"https:\\\/\\\/siidritalu.ee\\\/#website\"},\"primaryImageOfPage\":{\"@id\":\"https:\\\/\\\/www.siidritalu.ee\\\/en\\\/pood\\\/tori-jaasiider-ja-andre-farmi-juust\\\/#primaryimage\"},\"image\":{\"@id\":\"https:\\\/\\\/www.siidritalu.ee\\\/en\\\/pood\\\/tori-jaasiider-ja-andre-farmi-juust\\\/#primaryimage\"},\"thumbnailUrl\":\"https:\\\/\\\/siidritalu.ee\\\/wp-content\\\/uploads\\\/2021\\\/10\\\/jaa-juust-kinkekomplekt.jpg\",\"datePublished\":\"2021-10-19T15:22:57+00:00\",\"dateModified\":\"2024-11-04T08:26:14+00:00\",\"description\":\"Eesti v\u00e4iketootjate \u00fchispakkumine firmakingituseks, s\u00f5brale Tori Siidritalu J\u00e4\u00e4siider ja Andre Farmi juust sobivad suurep\u00e4raselt koos\",\"breadcrumb\":{\"@id\":\"https:\\\/\\\/www.siidritalu.ee\\\/en\\\/pood\\\/tori-jaasiider-ja-andre-farmi-juust\\\/#breadcrumb\"},\"inLanguage\":\"en-US\",\"potentialAction\":[{\"@type\":\"ReadAction\",\"target\":[\"https:\\\/\\\/www.siidritalu.ee\\\/en\\\/pood\\\/tori-jaasiider-ja-andre-farmi-juust\\\/\"]}]},{\"@type\":\"ImageObject\",\"inLanguage\":\"en-US\",\"@id\":\"https:\\\/\\\/www.siidritalu.ee\\\/en\\\/pood\\\/tori-jaasiider-ja-andre-farmi-juust\\\/#primaryimage\",\"url\":\"https:\\\/\\\/siidritalu.ee\\\/wp-content\\\/uploads\\\/2021\\\/10\\\/jaa-juust-kinkekomplekt.jpg\",\"contentUrl\":\"https:\\\/\\\/siidritalu.ee\\\/wp-content\\\/uploads\\\/2021\\\/10\\\/jaa-juust-kinkekomplekt.jpg\",\"width\":600,\"height\":800},{\"@type\":\"BreadcrumbList\",\"@id\":\"https:\\\/\\\/www.siidritalu.ee\\\/en\\\/pood\\\/tori-jaasiider-ja-andre-farmi-juust\\\/#breadcrumb\",\"itemListElement\":[{\"@type\":\"ListItem\",\"position\":1,\"name\":\"Home\",\"item\":\"https:\\\/\\\/siidritalu.ee\\\/en\\\/\"},{\"@type\":\"ListItem\",\"position\":2,\"name\":\"Shop\",\"item\":\"https:\\\/\\\/siidritalu.ee\\\/en\\\/shop\\\/\"},{\"@type\":\"ListItem\",\"position\":3,\"name\":\"Tori J\u00e4\u00e4siider ja Andre Farmi juust\"}]},{\"@type\":\"WebSite\",\"@id\":\"https:\\\/\\\/siidritalu.ee\\\/#website\",\"url\":\"https:\\\/\\\/siidritalu.ee\\\/\",\"name\":\"Tori Siidritalu\",\"description\":\"Eesti k\u00e4sit\u00f6\u00f6 joogid siider ja alkoholivaba\",\"publisher\":{\"@id\":\"https:\\\/\\\/siidritalu.ee\\\/#organization\"},\"potentialAction\":[{\"@type\":\"SearchAction\",\"target\":{\"@type\":\"EntryPoint\",\"urlTemplate\":\"https:\\\/\\\/siidritalu.ee\\\/?s={search_term_string}\"},\"query-input\":{\"@type\":\"PropertyValueSpecification\",\"valueRequired\":true,\"valueName\":\"search_term_string\"}}],\"inLanguage\":\"en-US\"},{\"@type\":\"Organization\",\"@id\":\"https:\\\/\\\/siidritalu.ee\\\/#organization\",\"name\":\"Tori Siidritalu\",\"url\":\"https:\\\/\\\/siidritalu.ee\\\/\",\"logo\":{\"@type\":\"ImageObject\",\"inLanguage\":\"en-US\",\"@id\":\"https:\\\/\\\/siidritalu.ee\\\/#\\\/schema\\\/logo\\\/image\\\/\",\"url\":\"https:\\\/\\\/siidritalu.ee\\\/wp-content\\\/uploads\\\/2021\\\/10\\\/cropped-Logo-1080.jpg\",\"contentUrl\":\"https:\\\/\\\/siidritalu.ee\\\/wp-content\\\/uploads\\\/2021\\\/10\\\/cropped-Logo-1080.jpg\",\"width\":512,\"height\":512,\"caption\":\"Tori Siidritalu\"},\"image\":{\"@id\":\"https:\\\/\\\/siidritalu.ee\\\/#\\\/schema\\\/logo\\\/image\\\/\"}}]}<\/script>\n<!-- \/ Yoast SEO plugin. -->","yoast_head_json":{"title":"Tori J\u00e4\u00e4siider ja Andre Farmi juust - Tori Siidritalu","description":"Eesti v\u00e4iketootjate \u00fchispakkumine firmakingituseks, s\u00f5brale Tori Siidritalu J\u00e4\u00e4siider ja Andre Farmi juust sobivad suurep\u00e4raselt koos","robots":{"index":"index","follow":"follow","max-snippet":"max-snippet:-1","max-image-preview":"max-image-preview:large","max-video-preview":"max-video-preview:-1"},"canonical":"https:\/\/www.siidritalu.ee\/en\/pood\/tori-jaasiider-ja-andre-farmi-juust\/","og_locale":"en_US","og_type":"article","og_title":"Tori J\u00e4\u00e4siider ja Andre Farmi juust - Tori Siidritalu","og_description":"Eesti v\u00e4iketootjate \u00fchispakkumine firmakingituseks, s\u00f5brale Tori Siidritalu J\u00e4\u00e4siider ja Andre Farmi juust sobivad suurep\u00e4raselt koos","og_url":"https:\/\/www.siidritalu.ee\/en\/pood\/tori-jaasiider-ja-andre-farmi-juust\/","og_site_name":"Tori Siidritalu","article_modified_time":"2024-11-04T08:26:14+00:00","og_image":[{"width":600,"height":800,"url":"https:\/\/www.siidritalu.ee\/wp-content\/uploads\/2021\/10\/jaa-juust-kinkekomplekt.jpg","type":"image\/jpeg"}],"twitter_card":"summary_large_image","schema":{"@context":"https:\/\/schema.org","@graph":[{"@type":"WebPage","@id":"https:\/\/www.siidritalu.ee\/en\/pood\/tori-jaasiider-ja-andre-farmi-juust\/","url":"https:\/\/www.siidritalu.ee\/en\/pood\/tori-jaasiider-ja-andre-farmi-juust\/","name":"Tori J\u00e4\u00e4siider ja Andre Farmi juust - Tori Siidritalu","isPartOf":{"@id":"https:\/\/siidritalu.ee\/#website"},"primaryImageOfPage":{"@id":"https:\/\/www.siidritalu.ee\/en\/pood\/tori-jaasiider-ja-andre-farmi-juust\/#primaryimage"},"image":{"@id":"https:\/\/www.siidritalu.ee\/en\/pood\/tori-jaasiider-ja-andre-farmi-juust\/#primaryimage"},"thumbnailUrl":"https:\/\/siidritalu.ee\/wp-content\/uploads\/2021\/10\/jaa-juust-kinkekomplekt.jpg","datePublished":"2021-10-19T15:22:57+00:00","dateModified":"2024-11-04T08:26:14+00:00","description":"Eesti v\u00e4iketootjate \u00fchispakkumine firmakingituseks, s\u00f5brale Tori Siidritalu J\u00e4\u00e4siider ja Andre Farmi juust sobivad suurep\u00e4raselt koos","breadcrumb":{"@id":"https:\/\/www.siidritalu.ee\/en\/pood\/tori-jaasiider-ja-andre-farmi-juust\/#breadcrumb"},"inLanguage":"en-US","potentialAction":[{"@type":"ReadAction","target":["https:\/\/www.siidritalu.ee\/en\/pood\/tori-jaasiider-ja-andre-farmi-juust\/"]}]},{"@type":"ImageObject","inLanguage":"en-US","@id":"https:\/\/www.siidritalu.ee\/en\/pood\/tori-jaasiider-ja-andre-farmi-juust\/#primaryimage","url":"https:\/\/siidritalu.ee\/wp-content\/uploads\/2021\/10\/jaa-juust-kinkekomplekt.jpg","contentUrl":"https:\/\/siidritalu.ee\/wp-content\/uploads\/2021\/10\/jaa-juust-kinkekomplekt.jpg","width":600,"height":800},{"@type":"BreadcrumbList","@id":"https:\/\/www.siidritalu.ee\/en\/pood\/tori-jaasiider-ja-andre-farmi-juust\/#breadcrumb","itemListElement":[{"@type":"ListItem","position":1,"name":"Home","item":"https:\/\/siidritalu.ee\/en\/"},{"@type":"ListItem","position":2,"name":"Shop","item":"https:\/\/siidritalu.ee\/en\/shop\/"},{"@type":"ListItem","position":3,"name":"Tori J\u00e4\u00e4siider ja Andre Farmi juust"}]},{"@type":"WebSite","@id":"https:\/\/siidritalu.ee\/#website","url":"https:\/\/siidritalu.ee\/","name":"Tori Siidritalu","description":"Eesti k\u00e4sit\u00f6\u00f6 joogid siider ja alkoholivaba","publisher":{"@id":"https:\/\/siidritalu.ee\/#organization"},"potentialAction":[{"@type":"SearchAction","target":{"@type":"EntryPoint","urlTemplate":"https:\/\/siidritalu.ee\/?s={search_term_string}"},"query-input":{"@type":"PropertyValueSpecification","valueRequired":true,"valueName":"search_term_string"}}],"inLanguage":"en-US"},{"@type":"Organization","@id":"https:\/\/siidritalu.ee\/#organization","name":"Tori Siidritalu","url":"https:\/\/siidritalu.ee\/","logo":{"@type":"ImageObject","inLanguage":"en-US","@id":"https:\/\/siidritalu.ee\/#\/schema\/logo\/image\/","url":"https:\/\/siidritalu.ee\/wp-content\/uploads\/2021\/10\/cropped-Logo-1080.jpg","contentUrl":"https:\/\/siidritalu.ee\/wp-content\/uploads\/2021\/10\/cropped-Logo-1080.jpg","width":512,"height":512,"caption":"Tori Siidritalu"},"image":{"@id":"https:\/\/siidritalu.ee\/#\/schema\/logo\/image\/"}}]}},"jetpack_sharing_enabled":true,"_links":{"self":[{"href":"https:\/\/www.siidritalu.ee\/en\/wp-json\/wp\/v2\/product\/355","targetHints":{"allow":["GET"]}}],"collection":[{"href":"https:\/\/www.siidritalu.ee\/en\/wp-json\/wp\/v2\/product"}],"about":[{"href":"https:\/\/www.siidritalu.ee\/en\/wp-json\/wp\/v2\/types\/product"}],"wp:featuredmedia":[{"embeddable":true,"href":"https:\/\/www.siidritalu.ee\/en\/wp-json\/wp\/v2\/media\/1600"}],"wp:attachment":[{"href":"https:\/\/www.siidritalu.ee\/en\/wp-json\/wp\/v2\/media?parent=355"}],"wp:term":[{"taxonomy":"product_brand","embeddable":true,"href":"https:\/\/www.siidritalu.ee\/en\/wp-json\/wp\/v2\/product_brand?post=355"},{"taxonomy":"product_cat","embeddable":true,"href":"https:\/\/www.siidritalu.ee\/en\/wp-json\/wp\/v2\/product_cat?post=355"},{"taxonomy":"product_tag","embeddable":true,"href":"https:\/\/www.siidritalu.ee\/en\/wp-json\/wp\/v2\/product_tag?post=355"}],"curies":[{"name":"wp","href":"https:\/\/api.w.org\/{rel}","templated":true}]}}