{"id":3730,"date":"2024-11-04T12:37:05","date_gmt":"2024-11-04T10:37:05","guid":{"rendered":"https:\/\/siidritalu.ee\/?post_type=product&#038;p=3730"},"modified":"2025-11-04T15:44:58","modified_gmt":"2025-11-04T13:44:58","slug":"kinkekomplekt-muraka-vahuveiniga","status":"publish","type":"product","link":"https:\/\/www.siidritalu.ee\/en\/pood\/kinkekomplekt-muraka-vahuveiniga\/","title":{"rendered":"Kinkekomplekt Muraka vahuveiniga"},"content":{"rendered":"<p><em><strong>Kinkekomplekt sisaldab:<\/strong><\/em><br \/>\nMuraka vehuvein 75cl<br \/>\nAndre Farmi juust 300g<br \/>\nMurakaveinimoos 100g<br \/>\nVahuveini sulgur<\/p>\n","protected":false},"excerpt":{"rendered":"<p>Muraka vahuvein on kui s\u00f5\u00f5m Eestimaa suvist p\u00e4ikest \u2014 kuldkollane, mesiselt pehme, selgelt muraka noodiga.<br \/>\n<br data-start=\"450\" data-end=\"453\" \/>See poolkuiv vahuvein on suurep\u00e4rane kaaslane grilljuustu, v\u00e4rskete puuviljade v\u00f5i kergete magustoitude k\u00f5rvale. Sobib imeliselt ka pidulikuks tervitusjoogiks, tuues iga hetke sisse killukese suve soojust ja r\u00f5\u00f5mu.<\/p>\n<p><em>Parim juua jahutatult 6\u20268\u00b0C juures<\/em><br \/>\nAlc 9,5% 75cl<\/p>\n","protected":false},"featured_media":3731,"template":"","meta":{"_monsterinsights_skip_tracking":false,"_monsterinsights_sitenote_active":false,"_monsterinsights_sitenote_note":"","_monsterinsights_sitenote_category":0},"product_brand":[],"product_cat":[19],"product_tag":[],"class_list":{"0":"post-3730","1":"product","2":"type-product","3":"status-publish","4":"has-post-thumbnail","6":"product_cat-kinkekomplektid","8":"first","9":"instock","10":"taxable","11":"shipping-taxable","12":"purchasable","13":"product-type-simple"},"yoast_head":"<!-- This site is optimized with the Yoast SEO plugin v27.5 - https:\/\/yoast.com\/product\/yoast-seo-wordpress\/ -->\n<title>Kinkekomplekt Muraka vahuveiniga - Tori Siidritalu<\/title>\n<meta name=\"description\" content=\"Muraka vahuvein on kui s\u00f5\u00f5m Eestimaa suvist p\u00e4ikest, kuldkollase v\u00e4rvuse ja mesise maitsega. See poolkuiv vahuvein sobib grilljuustu ja puuviljadega.\" \/>\n<meta name=\"robots\" content=\"index, follow, max-snippet:-1, max-image-preview:large, max-video-preview:-1\" \/>\n<link rel=\"canonical\" href=\"https:\/\/www.siidritalu.ee\/en\/pood\/kinkekomplekt-muraka-vahuveiniga\/\" \/>\n<meta property=\"og:locale\" content=\"en_US\" \/>\n<meta property=\"og:type\" content=\"article\" \/>\n<meta property=\"og:title\" content=\"Kinkekomplekt Muraka vahuveiniga - Tori Siidritalu\" \/>\n<meta property=\"og:description\" content=\"Muraka vahuvein on kui s\u00f5\u00f5m Eestimaa suvist p\u00e4ikest, kuldkollase v\u00e4rvuse ja mesise maitsega. See poolkuiv vahuvein sobib grilljuustu ja puuviljadega.\" \/>\n<meta property=\"og:url\" content=\"https:\/\/www.siidritalu.ee\/en\/pood\/kinkekomplekt-muraka-vahuveiniga\/\" \/>\n<meta property=\"og:site_name\" content=\"Tori Siidritalu\" \/>\n<meta property=\"article:modified_time\" content=\"2025-11-04T13:44:58+00:00\" \/>\n<meta property=\"og:image\" content=\"https:\/\/siidritalu.ee\/wp-content\/uploads\/2024\/11\/Murakas-kinkekomplekt-taust.jpg\" \/>\n\t<meta property=\"og:image:width\" content=\"600\" \/>\n\t<meta property=\"og:image:height\" content=\"800\" \/>\n\t<meta property=\"og:image:type\" content=\"image\/jpeg\" \/>\n<meta name=\"twitter:card\" content=\"summary_large_image\" \/>\n<script type=\"application\/ld+json\" class=\"yoast-schema-graph\">{\"@context\":\"https:\\\/\\\/schema.org\",\"@graph\":[{\"@type\":\"WebPage\",\"@id\":\"https:\\\/\\\/www.siidritalu.ee\\\/en\\\/pood\\\/kinkekomplekt-muraka-vahuveiniga\\\/\",\"url\":\"https:\\\/\\\/www.siidritalu.ee\\\/en\\\/pood\\\/kinkekomplekt-muraka-vahuveiniga\\\/\",\"name\":\"Kinkekomplekt Muraka vahuveiniga - Tori Siidritalu\",\"isPartOf\":{\"@id\":\"https:\\\/\\\/siidritalu.ee\\\/#website\"},\"primaryImageOfPage\":{\"@id\":\"https:\\\/\\\/www.siidritalu.ee\\\/en\\\/pood\\\/kinkekomplekt-muraka-vahuveiniga\\\/#primaryimage\"},\"image\":{\"@id\":\"https:\\\/\\\/www.siidritalu.ee\\\/en\\\/pood\\\/kinkekomplekt-muraka-vahuveiniga\\\/#primaryimage\"},\"thumbnailUrl\":\"https:\\\/\\\/www.siidritalu.ee\\\/wp-content\\\/uploads\\\/2024\\\/11\\\/Murakas-kinkekomplekt-taust.jpg\",\"datePublished\":\"2024-11-04T10:37:05+00:00\",\"dateModified\":\"2025-11-04T13:44:58+00:00\",\"description\":\"Muraka vahuvein on kui s\u00f5\u00f5m Eestimaa suvist p\u00e4ikest, kuldkollase v\u00e4rvuse ja mesise maitsega. See poolkuiv vahuvein sobib grilljuustu ja puuviljadega.\",\"breadcrumb\":{\"@id\":\"https:\\\/\\\/www.siidritalu.ee\\\/en\\\/pood\\\/kinkekomplekt-muraka-vahuveiniga\\\/#breadcrumb\"},\"inLanguage\":\"en-US\",\"potentialAction\":[{\"@type\":\"ReadAction\",\"target\":[\"https:\\\/\\\/www.siidritalu.ee\\\/en\\\/pood\\\/kinkekomplekt-muraka-vahuveiniga\\\/\"]}]},{\"@type\":\"ImageObject\",\"inLanguage\":\"en-US\",\"@id\":\"https:\\\/\\\/www.siidritalu.ee\\\/en\\\/pood\\\/kinkekomplekt-muraka-vahuveiniga\\\/#primaryimage\",\"url\":\"https:\\\/\\\/www.siidritalu.ee\\\/wp-content\\\/uploads\\\/2024\\\/11\\\/Murakas-kinkekomplekt-taust.jpg\",\"contentUrl\":\"https:\\\/\\\/www.siidritalu.ee\\\/wp-content\\\/uploads\\\/2024\\\/11\\\/Murakas-kinkekomplekt-taust.jpg\",\"width\":600,\"height\":800},{\"@type\":\"BreadcrumbList\",\"@id\":\"https:\\\/\\\/www.siidritalu.ee\\\/en\\\/pood\\\/kinkekomplekt-muraka-vahuveiniga\\\/#breadcrumb\",\"itemListElement\":[{\"@type\":\"ListItem\",\"position\":1,\"name\":\"Home\",\"item\":\"https:\\\/\\\/siidritalu.ee\\\/en\\\/\"},{\"@type\":\"ListItem\",\"position\":2,\"name\":\"Shop\",\"item\":\"https:\\\/\\\/siidritalu.ee\\\/en\\\/shop\\\/\"},{\"@type\":\"ListItem\",\"position\":3,\"name\":\"Kinkekomplekt Muraka vahuveiniga\"}]},{\"@type\":\"WebSite\",\"@id\":\"https:\\\/\\\/siidritalu.ee\\\/#website\",\"url\":\"https:\\\/\\\/siidritalu.ee\\\/\",\"name\":\"Tori Siidritalu\",\"description\":\"Eesti k\u00e4sit\u00f6\u00f6 joogid siider ja alkoholivaba\",\"publisher\":{\"@id\":\"https:\\\/\\\/siidritalu.ee\\\/#organization\"},\"potentialAction\":[{\"@type\":\"SearchAction\",\"target\":{\"@type\":\"EntryPoint\",\"urlTemplate\":\"https:\\\/\\\/siidritalu.ee\\\/?s={search_term_string}\"},\"query-input\":{\"@type\":\"PropertyValueSpecification\",\"valueRequired\":true,\"valueName\":\"search_term_string\"}}],\"inLanguage\":\"en-US\"},{\"@type\":\"Organization\",\"@id\":\"https:\\\/\\\/siidritalu.ee\\\/#organization\",\"name\":\"Tori Siidritalu\",\"url\":\"https:\\\/\\\/siidritalu.ee\\\/\",\"logo\":{\"@type\":\"ImageObject\",\"inLanguage\":\"en-US\",\"@id\":\"https:\\\/\\\/siidritalu.ee\\\/#\\\/schema\\\/logo\\\/image\\\/\",\"url\":\"https:\\\/\\\/www.siidritalu.ee\\\/wp-content\\\/uploads\\\/2021\\\/10\\\/cropped-Logo-1080.jpg\",\"contentUrl\":\"https:\\\/\\\/www.siidritalu.ee\\\/wp-content\\\/uploads\\\/2021\\\/10\\\/cropped-Logo-1080.jpg\",\"width\":512,\"height\":512,\"caption\":\"Tori Siidritalu\"},\"image\":{\"@id\":\"https:\\\/\\\/siidritalu.ee\\\/#\\\/schema\\\/logo\\\/image\\\/\"}}]}<\/script>\n<!-- \/ Yoast SEO plugin. -->","yoast_head_json":{"title":"Kinkekomplekt Muraka vahuveiniga - Tori Siidritalu","description":"Muraka vahuvein on kui s\u00f5\u00f5m Eestimaa suvist p\u00e4ikest, kuldkollase v\u00e4rvuse ja mesise maitsega. See poolkuiv vahuvein sobib grilljuustu ja puuviljadega.","robots":{"index":"index","follow":"follow","max-snippet":"max-snippet:-1","max-image-preview":"max-image-preview:large","max-video-preview":"max-video-preview:-1"},"canonical":"https:\/\/www.siidritalu.ee\/en\/pood\/kinkekomplekt-muraka-vahuveiniga\/","og_locale":"en_US","og_type":"article","og_title":"Kinkekomplekt Muraka vahuveiniga - Tori Siidritalu","og_description":"Muraka vahuvein on kui s\u00f5\u00f5m Eestimaa suvist p\u00e4ikest, kuldkollase v\u00e4rvuse ja mesise maitsega. See poolkuiv vahuvein sobib grilljuustu ja puuviljadega.","og_url":"https:\/\/www.siidritalu.ee\/en\/pood\/kinkekomplekt-muraka-vahuveiniga\/","og_site_name":"Tori Siidritalu","article_modified_time":"2025-11-04T13:44:58+00:00","og_image":[{"width":600,"height":800,"url":"https:\/\/siidritalu.ee\/wp-content\/uploads\/2024\/11\/Murakas-kinkekomplekt-taust.jpg","type":"image\/jpeg"}],"twitter_card":"summary_large_image","schema":{"@context":"https:\/\/schema.org","@graph":[{"@type":"WebPage","@id":"https:\/\/www.siidritalu.ee\/en\/pood\/kinkekomplekt-muraka-vahuveiniga\/","url":"https:\/\/www.siidritalu.ee\/en\/pood\/kinkekomplekt-muraka-vahuveiniga\/","name":"Kinkekomplekt Muraka vahuveiniga - Tori Siidritalu","isPartOf":{"@id":"https:\/\/siidritalu.ee\/#website"},"primaryImageOfPage":{"@id":"https:\/\/www.siidritalu.ee\/en\/pood\/kinkekomplekt-muraka-vahuveiniga\/#primaryimage"},"image":{"@id":"https:\/\/www.siidritalu.ee\/en\/pood\/kinkekomplekt-muraka-vahuveiniga\/#primaryimage"},"thumbnailUrl":"https:\/\/www.siidritalu.ee\/wp-content\/uploads\/2024\/11\/Murakas-kinkekomplekt-taust.jpg","datePublished":"2024-11-04T10:37:05+00:00","dateModified":"2025-11-04T13:44:58+00:00","description":"Muraka vahuvein on kui s\u00f5\u00f5m Eestimaa suvist p\u00e4ikest, kuldkollase v\u00e4rvuse ja mesise maitsega. See poolkuiv vahuvein sobib grilljuustu ja puuviljadega.","breadcrumb":{"@id":"https:\/\/www.siidritalu.ee\/en\/pood\/kinkekomplekt-muraka-vahuveiniga\/#breadcrumb"},"inLanguage":"en-US","potentialAction":[{"@type":"ReadAction","target":["https:\/\/www.siidritalu.ee\/en\/pood\/kinkekomplekt-muraka-vahuveiniga\/"]}]},{"@type":"ImageObject","inLanguage":"en-US","@id":"https:\/\/www.siidritalu.ee\/en\/pood\/kinkekomplekt-muraka-vahuveiniga\/#primaryimage","url":"https:\/\/www.siidritalu.ee\/wp-content\/uploads\/2024\/11\/Murakas-kinkekomplekt-taust.jpg","contentUrl":"https:\/\/www.siidritalu.ee\/wp-content\/uploads\/2024\/11\/Murakas-kinkekomplekt-taust.jpg","width":600,"height":800},{"@type":"BreadcrumbList","@id":"https:\/\/www.siidritalu.ee\/en\/pood\/kinkekomplekt-muraka-vahuveiniga\/#breadcrumb","itemListElement":[{"@type":"ListItem","position":1,"name":"Home","item":"https:\/\/siidritalu.ee\/en\/"},{"@type":"ListItem","position":2,"name":"Shop","item":"https:\/\/siidritalu.ee\/en\/shop\/"},{"@type":"ListItem","position":3,"name":"Kinkekomplekt Muraka vahuveiniga"}]},{"@type":"WebSite","@id":"https:\/\/siidritalu.ee\/#website","url":"https:\/\/siidritalu.ee\/","name":"Tori Siidritalu","description":"Eesti k\u00e4sit\u00f6\u00f6 joogid siider ja alkoholivaba","publisher":{"@id":"https:\/\/siidritalu.ee\/#organization"},"potentialAction":[{"@type":"SearchAction","target":{"@type":"EntryPoint","urlTemplate":"https:\/\/siidritalu.ee\/?s={search_term_string}"},"query-input":{"@type":"PropertyValueSpecification","valueRequired":true,"valueName":"search_term_string"}}],"inLanguage":"en-US"},{"@type":"Organization","@id":"https:\/\/siidritalu.ee\/#organization","name":"Tori Siidritalu","url":"https:\/\/siidritalu.ee\/","logo":{"@type":"ImageObject","inLanguage":"en-US","@id":"https:\/\/siidritalu.ee\/#\/schema\/logo\/image\/","url":"https:\/\/www.siidritalu.ee\/wp-content\/uploads\/2021\/10\/cropped-Logo-1080.jpg","contentUrl":"https:\/\/www.siidritalu.ee\/wp-content\/uploads\/2021\/10\/cropped-Logo-1080.jpg","width":512,"height":512,"caption":"Tori Siidritalu"},"image":{"@id":"https:\/\/siidritalu.ee\/#\/schema\/logo\/image\/"}}]}},"jetpack_sharing_enabled":true,"_links":{"self":[{"href":"https:\/\/www.siidritalu.ee\/en\/wp-json\/wp\/v2\/product\/3730","targetHints":{"allow":["GET"]}}],"collection":[{"href":"https:\/\/www.siidritalu.ee\/en\/wp-json\/wp\/v2\/product"}],"about":[{"href":"https:\/\/www.siidritalu.ee\/en\/wp-json\/wp\/v2\/types\/product"}],"wp:featuredmedia":[{"embeddable":true,"href":"https:\/\/www.siidritalu.ee\/en\/wp-json\/wp\/v2\/media\/3731"}],"wp:attachment":[{"href":"https:\/\/www.siidritalu.ee\/en\/wp-json\/wp\/v2\/media?parent=3730"}],"wp:term":[{"taxonomy":"product_brand","embeddable":true,"href":"https:\/\/www.siidritalu.ee\/en\/wp-json\/wp\/v2\/product_brand?post=3730"},{"taxonomy":"product_cat","embeddable":true,"href":"https:\/\/www.siidritalu.ee\/en\/wp-json\/wp\/v2\/product_cat?post=3730"},{"taxonomy":"product_tag","embeddable":true,"href":"https:\/\/www.siidritalu.ee\/en\/wp-json\/wp\/v2\/product_tag?post=3730"}],"curies":[{"name":"wp","href":"https:\/\/api.w.org\/{rel}","templated":true}]}}