{"id":620,"date":"2021-11-03T14:45:12","date_gmt":"2021-11-03T14:45:12","guid":{"rendered":"https:\/\/www.siidritalu.ee\/?post_type=product&#038;p=620"},"modified":"2024-11-04T11:25:58","modified_gmt":"2024-11-04T09:25:58","slug":"kinkekomplekt-rabarberi-vahuveiniga","status":"publish","type":"product","link":"https:\/\/www.siidritalu.ee\/en\/pood\/kinkekomplekt-rabarberi-vahuveiniga\/","title":{"rendered":"Kinkekomplekt Rabarberi vahuveiniga"},"content":{"rendered":"<p class=\"_04xlpA direction-ltr align-start para-style-body\"><span class=\"JsGRdQ\"><em><strong>Rabarberi vahuvein<\/strong><\/em><br \/>\nRabarberi visadus, v\u00e4gi ja rikkalikud maitseomadused oma parimas elemendis. M\u00f5nusalt rabarberine kuiv vahuvein v\u00e4ikese j\u00e4\u00e4ksuhkruga, mis tasakaalustab rabarberi teravat happesust. Pidulikkust toetab meeldivalt kihisev mull. Aroomis parf\u00fc\u00fcmne. Tunda rabarberit, marjasust ja heledaid puuvilju, millele lisandub kerge alkohoolsus.<\/span><\/p>\n<p class=\"_04xlpA direction-ltr align-start para-style-body\"><span class=\"JsGRdQ\">Maitses kargelt happene, intensiivselt kuiv. Keskmaitses veidi puiduse alatooniga. Tunda rabarberit ja heledaid s\u00f5straid.<\/span><\/p>\n<p class=\"_04xlpA direction-ltr align-start para-style-body\"><span class=\"JsGRdQ\">Ilus algus igale peole. Sobitub rasvase kala, kooreste ja kreemiste kastmetega. Suurep\u00e4rane sealiha, hapukapsa ja k\u00fc\u00fcslauguga ahjukartuli k\u00f5rvale. K\u00f5vad laagerdunud juustud k\u00f5netavad seda veini suurep\u00e4raselt.<\/span><\/p>\n<p><strong>Alc 8,5%vol 75cl<\/strong><br \/>\n<strong>Parim juua jahutatult 6\u20268\u00b0C juures<\/strong><br \/>\n<em>sisaldab sulfiteid<\/em><\/p>\n<p class=\"_04xlpA direction-ltr align-start para-style-body\"><em><strong>Andre Farmi juust<\/strong><\/em><br \/>\nNetokogus: 300g.<\/p>\n<p><em><strong>Vahuveinisulgur<\/strong><\/em>\u00a0annab hea v\u00f5imaluse joogi veel teiseks korrakski v\u00e4rskena hoida.<br \/>\nVahuveinipudeli ja shampusepudeli sulgur ehk kork, mis hoiab pudeli tihedalt kinni ja karbonatsiooni. Seda on lihtne kasutada, kummikork sujutab survet, mis oli originaalse korgi veinile k\u00f5ige parem. Tori Siidritalu logoga professionaalne vahuveini sulgur<\/p>\n","protected":false},"excerpt":{"rendered":"<p><em><strong>Kinkekomplekt sisaldab:<\/strong><\/em><br \/>\nRabarberi vahuvein<br \/>\nAndre Farmi juust<br \/>\nVahuveinisulgur<\/p>\n","protected":false},"featured_media":1603,"template":"","meta":{"_monsterinsights_skip_tracking":false,"_monsterinsights_sitenote_active":false,"_monsterinsights_sitenote_note":"","_monsterinsights_sitenote_category":0},"product_brand":[],"product_cat":[19],"product_tag":[],"class_list":{"0":"post-620","1":"product","2":"type-product","3":"status-publish","4":"has-post-thumbnail","6":"product_cat-kinkekomplektid","8":"first","9":"instock","10":"taxable","11":"shipping-taxable","12":"purchasable","13":"product-type-simple"},"yoast_head":"<!-- This site is optimized with the Yoast SEO plugin v27.5 - https:\/\/yoast.com\/product\/yoast-seo-wordpress\/ -->\n<title>Kinkekomplekt Rabarberi vahuveiniga - Tori Siidritalu<\/title>\n<meta name=\"description\" content=\"Rabarberi vahuvein k\u00f5ige populaarsem vahuvein Eestis. Madala suhkrusisaldusega meeldivalt kuiv, v\u00e4ikse alkoholisisaldusega.\" \/>\n<meta name=\"robots\" content=\"index, follow, max-snippet:-1, max-image-preview:large, max-video-preview:-1\" \/>\n<link rel=\"canonical\" href=\"https:\/\/www.siidritalu.ee\/en\/pood\/kinkekomplekt-rabarberi-vahuveiniga\/\" \/>\n<meta property=\"og:locale\" content=\"en_US\" \/>\n<meta property=\"og:type\" content=\"article\" \/>\n<meta property=\"og:title\" content=\"Kinkekomplekt Rabarberi vahuveiniga - Tori Siidritalu\" \/>\n<meta property=\"og:description\" content=\"Rabarberi vahuvein k\u00f5ige populaarsem vahuvein Eestis. Madala suhkrusisaldusega meeldivalt kuiv, v\u00e4ikse alkoholisisaldusega.\" \/>\n<meta property=\"og:url\" content=\"https:\/\/www.siidritalu.ee\/en\/pood\/kinkekomplekt-rabarberi-vahuveiniga\/\" \/>\n<meta property=\"og:site_name\" content=\"Tori Siidritalu\" \/>\n<meta property=\"article:modified_time\" content=\"2024-11-04T09:25:58+00:00\" \/>\n<meta property=\"og:image\" content=\"https:\/\/siidritalu.ee\/wp-content\/uploads\/2021\/11\/Rabarberi-vahuvein-ja-juustu-komplekt-wp.jpg\" \/>\n\t<meta property=\"og:image:width\" content=\"600\" \/>\n\t<meta property=\"og:image:height\" content=\"800\" \/>\n\t<meta property=\"og:image:type\" content=\"image\/jpeg\" \/>\n<meta name=\"twitter:card\" content=\"summary_large_image\" \/>\n<meta name=\"twitter:label1\" content=\"Est. reading time\" \/>\n\t<meta name=\"twitter:data1\" content=\"1 minute\" \/>\n<script type=\"application\/ld+json\" class=\"yoast-schema-graph\">{\"@context\":\"https:\\\/\\\/schema.org\",\"@graph\":[{\"@type\":\"WebPage\",\"@id\":\"https:\\\/\\\/www.siidritalu.ee\\\/en\\\/pood\\\/kinkekomplekt-rabarberi-vahuveiniga\\\/\",\"url\":\"https:\\\/\\\/www.siidritalu.ee\\\/en\\\/pood\\\/kinkekomplekt-rabarberi-vahuveiniga\\\/\",\"name\":\"Kinkekomplekt Rabarberi vahuveiniga - Tori Siidritalu\",\"isPartOf\":{\"@id\":\"https:\\\/\\\/siidritalu.ee\\\/#website\"},\"primaryImageOfPage\":{\"@id\":\"https:\\\/\\\/www.siidritalu.ee\\\/en\\\/pood\\\/kinkekomplekt-rabarberi-vahuveiniga\\\/#primaryimage\"},\"image\":{\"@id\":\"https:\\\/\\\/www.siidritalu.ee\\\/en\\\/pood\\\/kinkekomplekt-rabarberi-vahuveiniga\\\/#primaryimage\"},\"thumbnailUrl\":\"https:\\\/\\\/www.siidritalu.ee\\\/wp-content\\\/uploads\\\/2021\\\/11\\\/Rabarberi-vahuvein-ja-juustu-komplekt-wp.jpg\",\"datePublished\":\"2021-11-03T14:45:12+00:00\",\"dateModified\":\"2024-11-04T09:25:58+00:00\",\"description\":\"Rabarberi vahuvein k\u00f5ige populaarsem vahuvein Eestis. Madala suhkrusisaldusega meeldivalt kuiv, v\u00e4ikse alkoholisisaldusega.\",\"breadcrumb\":{\"@id\":\"https:\\\/\\\/www.siidritalu.ee\\\/en\\\/pood\\\/kinkekomplekt-rabarberi-vahuveiniga\\\/#breadcrumb\"},\"inLanguage\":\"en-US\",\"potentialAction\":[{\"@type\":\"ReadAction\",\"target\":[\"https:\\\/\\\/www.siidritalu.ee\\\/en\\\/pood\\\/kinkekomplekt-rabarberi-vahuveiniga\\\/\"]}]},{\"@type\":\"ImageObject\",\"inLanguage\":\"en-US\",\"@id\":\"https:\\\/\\\/www.siidritalu.ee\\\/en\\\/pood\\\/kinkekomplekt-rabarberi-vahuveiniga\\\/#primaryimage\",\"url\":\"https:\\\/\\\/www.siidritalu.ee\\\/wp-content\\\/uploads\\\/2021\\\/11\\\/Rabarberi-vahuvein-ja-juustu-komplekt-wp.jpg\",\"contentUrl\":\"https:\\\/\\\/www.siidritalu.ee\\\/wp-content\\\/uploads\\\/2021\\\/11\\\/Rabarberi-vahuvein-ja-juustu-komplekt-wp.jpg\",\"width\":600,\"height\":800},{\"@type\":\"BreadcrumbList\",\"@id\":\"https:\\\/\\\/www.siidritalu.ee\\\/en\\\/pood\\\/kinkekomplekt-rabarberi-vahuveiniga\\\/#breadcrumb\",\"itemListElement\":[{\"@type\":\"ListItem\",\"position\":1,\"name\":\"Home\",\"item\":\"https:\\\/\\\/siidritalu.ee\\\/en\\\/\"},{\"@type\":\"ListItem\",\"position\":2,\"name\":\"Shop\",\"item\":\"https:\\\/\\\/siidritalu.ee\\\/en\\\/shop\\\/\"},{\"@type\":\"ListItem\",\"position\":3,\"name\":\"Kinkekomplekt Rabarberi vahuveiniga\"}]},{\"@type\":\"WebSite\",\"@id\":\"https:\\\/\\\/siidritalu.ee\\\/#website\",\"url\":\"https:\\\/\\\/siidritalu.ee\\\/\",\"name\":\"Tori Siidritalu\",\"description\":\"Eesti k\u00e4sit\u00f6\u00f6 joogid siider ja alkoholivaba\",\"publisher\":{\"@id\":\"https:\\\/\\\/siidritalu.ee\\\/#organization\"},\"potentialAction\":[{\"@type\":\"SearchAction\",\"target\":{\"@type\":\"EntryPoint\",\"urlTemplate\":\"https:\\\/\\\/siidritalu.ee\\\/?s={search_term_string}\"},\"query-input\":{\"@type\":\"PropertyValueSpecification\",\"valueRequired\":true,\"valueName\":\"search_term_string\"}}],\"inLanguage\":\"en-US\"},{\"@type\":\"Organization\",\"@id\":\"https:\\\/\\\/siidritalu.ee\\\/#organization\",\"name\":\"Tori Siidritalu\",\"url\":\"https:\\\/\\\/siidritalu.ee\\\/\",\"logo\":{\"@type\":\"ImageObject\",\"inLanguage\":\"en-US\",\"@id\":\"https:\\\/\\\/siidritalu.ee\\\/#\\\/schema\\\/logo\\\/image\\\/\",\"url\":\"https:\\\/\\\/www.siidritalu.ee\\\/wp-content\\\/uploads\\\/2021\\\/10\\\/cropped-Logo-1080.jpg\",\"contentUrl\":\"https:\\\/\\\/www.siidritalu.ee\\\/wp-content\\\/uploads\\\/2021\\\/10\\\/cropped-Logo-1080.jpg\",\"width\":512,\"height\":512,\"caption\":\"Tori Siidritalu\"},\"image\":{\"@id\":\"https:\\\/\\\/siidritalu.ee\\\/#\\\/schema\\\/logo\\\/image\\\/\"}}]}<\/script>\n<!-- \/ Yoast SEO plugin. -->","yoast_head_json":{"title":"Kinkekomplekt Rabarberi vahuveiniga - Tori Siidritalu","description":"Rabarberi vahuvein k\u00f5ige populaarsem vahuvein Eestis. Madala suhkrusisaldusega meeldivalt kuiv, v\u00e4ikse alkoholisisaldusega.","robots":{"index":"index","follow":"follow","max-snippet":"max-snippet:-1","max-image-preview":"max-image-preview:large","max-video-preview":"max-video-preview:-1"},"canonical":"https:\/\/www.siidritalu.ee\/en\/pood\/kinkekomplekt-rabarberi-vahuveiniga\/","og_locale":"en_US","og_type":"article","og_title":"Kinkekomplekt Rabarberi vahuveiniga - Tori Siidritalu","og_description":"Rabarberi vahuvein k\u00f5ige populaarsem vahuvein Eestis. Madala suhkrusisaldusega meeldivalt kuiv, v\u00e4ikse alkoholisisaldusega.","og_url":"https:\/\/www.siidritalu.ee\/en\/pood\/kinkekomplekt-rabarberi-vahuveiniga\/","og_site_name":"Tori Siidritalu","article_modified_time":"2024-11-04T09:25:58+00:00","og_image":[{"width":600,"height":800,"url":"https:\/\/siidritalu.ee\/wp-content\/uploads\/2021\/11\/Rabarberi-vahuvein-ja-juustu-komplekt-wp.jpg","type":"image\/jpeg"}],"twitter_card":"summary_large_image","twitter_misc":{"Est. reading time":"1 minute"},"schema":{"@context":"https:\/\/schema.org","@graph":[{"@type":"WebPage","@id":"https:\/\/www.siidritalu.ee\/en\/pood\/kinkekomplekt-rabarberi-vahuveiniga\/","url":"https:\/\/www.siidritalu.ee\/en\/pood\/kinkekomplekt-rabarberi-vahuveiniga\/","name":"Kinkekomplekt Rabarberi vahuveiniga - Tori Siidritalu","isPartOf":{"@id":"https:\/\/siidritalu.ee\/#website"},"primaryImageOfPage":{"@id":"https:\/\/www.siidritalu.ee\/en\/pood\/kinkekomplekt-rabarberi-vahuveiniga\/#primaryimage"},"image":{"@id":"https:\/\/www.siidritalu.ee\/en\/pood\/kinkekomplekt-rabarberi-vahuveiniga\/#primaryimage"},"thumbnailUrl":"https:\/\/www.siidritalu.ee\/wp-content\/uploads\/2021\/11\/Rabarberi-vahuvein-ja-juustu-komplekt-wp.jpg","datePublished":"2021-11-03T14:45:12+00:00","dateModified":"2024-11-04T09:25:58+00:00","description":"Rabarberi vahuvein k\u00f5ige populaarsem vahuvein Eestis. Madala suhkrusisaldusega meeldivalt kuiv, v\u00e4ikse alkoholisisaldusega.","breadcrumb":{"@id":"https:\/\/www.siidritalu.ee\/en\/pood\/kinkekomplekt-rabarberi-vahuveiniga\/#breadcrumb"},"inLanguage":"en-US","potentialAction":[{"@type":"ReadAction","target":["https:\/\/www.siidritalu.ee\/en\/pood\/kinkekomplekt-rabarberi-vahuveiniga\/"]}]},{"@type":"ImageObject","inLanguage":"en-US","@id":"https:\/\/www.siidritalu.ee\/en\/pood\/kinkekomplekt-rabarberi-vahuveiniga\/#primaryimage","url":"https:\/\/www.siidritalu.ee\/wp-content\/uploads\/2021\/11\/Rabarberi-vahuvein-ja-juustu-komplekt-wp.jpg","contentUrl":"https:\/\/www.siidritalu.ee\/wp-content\/uploads\/2021\/11\/Rabarberi-vahuvein-ja-juustu-komplekt-wp.jpg","width":600,"height":800},{"@type":"BreadcrumbList","@id":"https:\/\/www.siidritalu.ee\/en\/pood\/kinkekomplekt-rabarberi-vahuveiniga\/#breadcrumb","itemListElement":[{"@type":"ListItem","position":1,"name":"Home","item":"https:\/\/siidritalu.ee\/en\/"},{"@type":"ListItem","position":2,"name":"Shop","item":"https:\/\/siidritalu.ee\/en\/shop\/"},{"@type":"ListItem","position":3,"name":"Kinkekomplekt Rabarberi vahuveiniga"}]},{"@type":"WebSite","@id":"https:\/\/siidritalu.ee\/#website","url":"https:\/\/siidritalu.ee\/","name":"Tori Siidritalu","description":"Eesti k\u00e4sit\u00f6\u00f6 joogid siider ja alkoholivaba","publisher":{"@id":"https:\/\/siidritalu.ee\/#organization"},"potentialAction":[{"@type":"SearchAction","target":{"@type":"EntryPoint","urlTemplate":"https:\/\/siidritalu.ee\/?s={search_term_string}"},"query-input":{"@type":"PropertyValueSpecification","valueRequired":true,"valueName":"search_term_string"}}],"inLanguage":"en-US"},{"@type":"Organization","@id":"https:\/\/siidritalu.ee\/#organization","name":"Tori Siidritalu","url":"https:\/\/siidritalu.ee\/","logo":{"@type":"ImageObject","inLanguage":"en-US","@id":"https:\/\/siidritalu.ee\/#\/schema\/logo\/image\/","url":"https:\/\/www.siidritalu.ee\/wp-content\/uploads\/2021\/10\/cropped-Logo-1080.jpg","contentUrl":"https:\/\/www.siidritalu.ee\/wp-content\/uploads\/2021\/10\/cropped-Logo-1080.jpg","width":512,"height":512,"caption":"Tori Siidritalu"},"image":{"@id":"https:\/\/siidritalu.ee\/#\/schema\/logo\/image\/"}}]}},"jetpack_sharing_enabled":true,"_links":{"self":[{"href":"https:\/\/www.siidritalu.ee\/en\/wp-json\/wp\/v2\/product\/620","targetHints":{"allow":["GET"]}}],"collection":[{"href":"https:\/\/www.siidritalu.ee\/en\/wp-json\/wp\/v2\/product"}],"about":[{"href":"https:\/\/www.siidritalu.ee\/en\/wp-json\/wp\/v2\/types\/product"}],"wp:featuredmedia":[{"embeddable":true,"href":"https:\/\/www.siidritalu.ee\/en\/wp-json\/wp\/v2\/media\/1603"}],"wp:attachment":[{"href":"https:\/\/www.siidritalu.ee\/en\/wp-json\/wp\/v2\/media?parent=620"}],"wp:term":[{"taxonomy":"product_brand","embeddable":true,"href":"https:\/\/www.siidritalu.ee\/en\/wp-json\/wp\/v2\/product_brand?post=620"},{"taxonomy":"product_cat","embeddable":true,"href":"https:\/\/www.siidritalu.ee\/en\/wp-json\/wp\/v2\/product_cat?post=620"},{"taxonomy":"product_tag","embeddable":true,"href":"https:\/\/www.siidritalu.ee\/en\/wp-json\/wp\/v2\/product_tag?post=620"}],"curies":[{"name":"wp","href":"https:\/\/api.w.org\/{rel}","templated":true}]}}