{"id":80,"date":"2021-10-05T13:56:31","date_gmt":"2021-10-05T13:56:31","guid":{"rendered":"http:\/\/www.siidritalu.ee\/?post_type=product&#038;p=80"},"modified":"2025-02-11T16:42:39","modified_gmt":"2025-02-11T14:42:39","slug":"vurts-magustamata-oun-mustikas-lavendel","status":"publish","type":"product","link":"https:\/\/www.siidritalu.ee\/en\/pood\/vurts-magustamata-oun-mustikas-lavendel\/","title":{"rendered":"VURTS 33cl &#8211; \u00d5un, Mustikas, Lavendel (5tk)"},"content":{"rendered":"<p>V\u00e4rvilt rubiinpunane, v\u00e4ikese mulliga.<\/p>\n<p>Aroomis domineerib lavendli j\u00f5ulisus, millele lisandub marjaseid ja kergelt \u00f5liseid noote. Maitselt v\u00e4eskendava happesuse ja marjasusega. Tunda mustika ja lavendli n\u00fcansse koos kerge rohususega.<\/p>\n<p>Hea kaaslane musta leiva, kergelt soolatud valge kala v\u00f5i erinevate marjadessertide k\u00f5rvale.<\/p>\n<p><em><strong>Sisaldab vaid looduslikke suhkruid.<\/strong><\/em><br \/>\nToitumisalane teave 100ml kohta: energia 46kcal\/196kj, rasvad 0g, s\u00fcsivesikud 8,5g, valgud 0,5g, sool 0g<\/p>\n<p><strong>Kastis 5 pudelit 33cl<br \/>\nParim juua jahutatult 6\u20268\u00b0C juures<\/strong><br \/>\n<strong>Alkoholivaba<\/strong><\/p>\n<p>Toitev\u00e4\u00e4rtus 100ml\/ Nutritional value 100ml<br \/>\nenergia\/ energy 196kcal\/46kcal<br \/>\nrasvad\/ total fat 0g<br \/>\ns\u00fcsivesikud\/ carbs 8,5g<br \/>\nvalk\/ protein 0,5g<\/p>\n","protected":false},"excerpt":{"rendered":"<p>Gaseeritud \u00f5unamahl metsmustikaga ja lavendliga, alkoholivaba jook.<br \/>\n<span style=\"color: #555555;\">Magustamata ja kunstlike lisaainete vaba.<br \/>\n<img loading=\"lazy\" decoding=\"async\" class=\"wp-image-3816 alignleft\" src=\"https:\/\/www.siidritalu.ee\/wp-content\/uploads\/2021\/10\/Tilgad_27x40_kuld24-293x400.png\" alt=\"\" width=\"98\" height=\"134\" srcset=\"https:\/\/www.siidritalu.ee\/wp-content\/uploads\/2021\/10\/Tilgad_27x40_kuld24-293x400.png 293w, https:\/\/www.siidritalu.ee\/wp-content\/uploads\/2021\/10\/Tilgad_27x40_kuld24.png 346w\" sizes=\"auto, (max-width: 98px) 100vw, 98px\" \/><\/span><\/p>\n<p>&nbsp;<\/p>\n<p><span style=\"color: #555555;\">Parimad vahujoogid, j\u00e4\u00e4teed, pikendajad ja limonaadid 2024<br \/>\n<\/span><\/p>\n<p>&nbsp;<\/p>\n","protected":false},"featured_media":3820,"template":"","meta":{"_monsterinsights_skip_tracking":false,"_monsterinsights_sitenote_active":false,"_monsterinsights_sitenote_note":"","_monsterinsights_sitenote_category":0},"product_brand":[],"product_cat":[16],"product_tag":[],"class_list":{"0":"post-80","1":"product","2":"type-product","3":"status-publish","4":"has-post-thumbnail","6":"product_cat-alkoholivabad-tooted","8":"first","9":"instock","10":"featured","11":"taxable","12":"shipping-taxable","13":"purchasable","14":"product-type-simple"},"yoast_head":"<!-- This site is optimized with the Yoast SEO plugin v27.5 - https:\/\/yoast.com\/product\/yoast-seo-wordpress\/ -->\n<title>VURTS 33cl - \u00d5un, Mustikas, Lavendel (5tk) - Tori Siidritalu<\/title>\n<meta name=\"description\" content=\"Gaseeritud \u00f5unamahl metsmustikaga ja lavendliga, alkoholivaba jook. Magustamata ja kunstlike lisaainete vaba. V\u00e4rvilt rubiinpunane, v\u00e4ikese mulliga.\" \/>\n<meta name=\"robots\" content=\"index, follow, max-snippet:-1, max-image-preview:large, max-video-preview:-1\" \/>\n<link rel=\"canonical\" href=\"https:\/\/www.siidritalu.ee\/en\/pood\/vurts-magustamata-oun-mustikas-lavendel\/\" \/>\n<meta property=\"og:locale\" content=\"en_US\" \/>\n<meta property=\"og:type\" content=\"article\" \/>\n<meta property=\"og:title\" content=\"VURTS 33cl - \u00d5un, Mustikas, Lavendel (5tk) - Tori Siidritalu\" \/>\n<meta property=\"og:description\" content=\"Gaseeritud \u00f5unamahl metsmustikaga ja lavendliga, alkoholivaba jook. Magustamata ja kunstlike lisaainete vaba. V\u00e4rvilt rubiinpunane, v\u00e4ikese mulliga.\" \/>\n<meta property=\"og:url\" content=\"https:\/\/www.siidritalu.ee\/en\/pood\/vurts-magustamata-oun-mustikas-lavendel\/\" \/>\n<meta property=\"og:site_name\" content=\"Tori Siidritalu\" \/>\n<meta property=\"article:modified_time\" content=\"2025-02-11T14:42:39+00:00\" \/>\n<meta property=\"og:image\" content=\"https:\/\/www.siidritalu.ee\/wp-content\/uploads\/2021\/10\/Mustika-800x450-1.png\" \/>\n\t<meta property=\"og:image:width\" content=\"2084\" \/>\n\t<meta property=\"og:image:height\" content=\"2084\" \/>\n\t<meta property=\"og:image:type\" content=\"image\/png\" \/>\n<meta name=\"twitter:card\" content=\"summary_large_image\" \/>\n<script type=\"application\/ld+json\" class=\"yoast-schema-graph\">{\"@context\":\"https:\\\/\\\/schema.org\",\"@graph\":[{\"@type\":\"WebPage\",\"@id\":\"https:\\\/\\\/www.siidritalu.ee\\\/en\\\/pood\\\/vurts-magustamata-oun-mustikas-lavendel\\\/\",\"url\":\"https:\\\/\\\/www.siidritalu.ee\\\/en\\\/pood\\\/vurts-magustamata-oun-mustikas-lavendel\\\/\",\"name\":\"VURTS 33cl - \u00d5un, Mustikas, Lavendel (5tk) - Tori Siidritalu\",\"isPartOf\":{\"@id\":\"https:\\\/\\\/siidritalu.ee\\\/#website\"},\"primaryImageOfPage\":{\"@id\":\"https:\\\/\\\/www.siidritalu.ee\\\/en\\\/pood\\\/vurts-magustamata-oun-mustikas-lavendel\\\/#primaryimage\"},\"image\":{\"@id\":\"https:\\\/\\\/www.siidritalu.ee\\\/en\\\/pood\\\/vurts-magustamata-oun-mustikas-lavendel\\\/#primaryimage\"},\"thumbnailUrl\":\"https:\\\/\\\/www.siidritalu.ee\\\/wp-content\\\/uploads\\\/2021\\\/10\\\/Mustika-800x450-1.png\",\"datePublished\":\"2021-10-05T13:56:31+00:00\",\"dateModified\":\"2025-02-11T14:42:39+00:00\",\"description\":\"Gaseeritud \u00f5unamahl metsmustikaga ja lavendliga, alkoholivaba jook. Magustamata ja kunstlike lisaainete vaba. V\u00e4rvilt rubiinpunane, v\u00e4ikese mulliga.\",\"breadcrumb\":{\"@id\":\"https:\\\/\\\/www.siidritalu.ee\\\/en\\\/pood\\\/vurts-magustamata-oun-mustikas-lavendel\\\/#breadcrumb\"},\"inLanguage\":\"en-US\",\"potentialAction\":[{\"@type\":\"ReadAction\",\"target\":[\"https:\\\/\\\/www.siidritalu.ee\\\/en\\\/pood\\\/vurts-magustamata-oun-mustikas-lavendel\\\/\"]}]},{\"@type\":\"ImageObject\",\"inLanguage\":\"en-US\",\"@id\":\"https:\\\/\\\/www.siidritalu.ee\\\/en\\\/pood\\\/vurts-magustamata-oun-mustikas-lavendel\\\/#primaryimage\",\"url\":\"https:\\\/\\\/www.siidritalu.ee\\\/wp-content\\\/uploads\\\/2021\\\/10\\\/Mustika-800x450-1.png\",\"contentUrl\":\"https:\\\/\\\/www.siidritalu.ee\\\/wp-content\\\/uploads\\\/2021\\\/10\\\/Mustika-800x450-1.png\",\"width\":2084,\"height\":2084,\"caption\":\"Kuld\"},{\"@type\":\"BreadcrumbList\",\"@id\":\"https:\\\/\\\/www.siidritalu.ee\\\/en\\\/pood\\\/vurts-magustamata-oun-mustikas-lavendel\\\/#breadcrumb\",\"itemListElement\":[{\"@type\":\"ListItem\",\"position\":1,\"name\":\"Home\",\"item\":\"https:\\\/\\\/siidritalu.ee\\\/en\\\/\"},{\"@type\":\"ListItem\",\"position\":2,\"name\":\"Shop\",\"item\":\"https:\\\/\\\/siidritalu.ee\\\/en\\\/shop\\\/\"},{\"@type\":\"ListItem\",\"position\":3,\"name\":\"VURTS 33cl &#8211; \u00d5un, Mustikas, Lavendel (5tk)\"}]},{\"@type\":\"WebSite\",\"@id\":\"https:\\\/\\\/siidritalu.ee\\\/#website\",\"url\":\"https:\\\/\\\/siidritalu.ee\\\/\",\"name\":\"Tori Siidritalu\",\"description\":\"Eesti k\u00e4sit\u00f6\u00f6 joogid siider ja alkoholivaba\",\"publisher\":{\"@id\":\"https:\\\/\\\/siidritalu.ee\\\/#organization\"},\"potentialAction\":[{\"@type\":\"SearchAction\",\"target\":{\"@type\":\"EntryPoint\",\"urlTemplate\":\"https:\\\/\\\/siidritalu.ee\\\/?s={search_term_string}\"},\"query-input\":{\"@type\":\"PropertyValueSpecification\",\"valueRequired\":true,\"valueName\":\"search_term_string\"}}],\"inLanguage\":\"en-US\"},{\"@type\":\"Organization\",\"@id\":\"https:\\\/\\\/siidritalu.ee\\\/#organization\",\"name\":\"Tori Siidritalu\",\"url\":\"https:\\\/\\\/siidritalu.ee\\\/\",\"logo\":{\"@type\":\"ImageObject\",\"inLanguage\":\"en-US\",\"@id\":\"https:\\\/\\\/siidritalu.ee\\\/#\\\/schema\\\/logo\\\/image\\\/\",\"url\":\"https:\\\/\\\/www.siidritalu.ee\\\/wp-content\\\/uploads\\\/2021\\\/10\\\/cropped-Logo-1080.jpg\",\"contentUrl\":\"https:\\\/\\\/www.siidritalu.ee\\\/wp-content\\\/uploads\\\/2021\\\/10\\\/cropped-Logo-1080.jpg\",\"width\":512,\"height\":512,\"caption\":\"Tori Siidritalu\"},\"image\":{\"@id\":\"https:\\\/\\\/siidritalu.ee\\\/#\\\/schema\\\/logo\\\/image\\\/\"}}]}<\/script>\n<!-- \/ Yoast SEO plugin. -->","yoast_head_json":{"title":"VURTS 33cl - \u00d5un, Mustikas, Lavendel (5tk) - Tori Siidritalu","description":"Gaseeritud \u00f5unamahl metsmustikaga ja lavendliga, alkoholivaba jook. Magustamata ja kunstlike lisaainete vaba. V\u00e4rvilt rubiinpunane, v\u00e4ikese mulliga.","robots":{"index":"index","follow":"follow","max-snippet":"max-snippet:-1","max-image-preview":"max-image-preview:large","max-video-preview":"max-video-preview:-1"},"canonical":"https:\/\/www.siidritalu.ee\/en\/pood\/vurts-magustamata-oun-mustikas-lavendel\/","og_locale":"en_US","og_type":"article","og_title":"VURTS 33cl - \u00d5un, Mustikas, Lavendel (5tk) - Tori Siidritalu","og_description":"Gaseeritud \u00f5unamahl metsmustikaga ja lavendliga, alkoholivaba jook. Magustamata ja kunstlike lisaainete vaba. V\u00e4rvilt rubiinpunane, v\u00e4ikese mulliga.","og_url":"https:\/\/www.siidritalu.ee\/en\/pood\/vurts-magustamata-oun-mustikas-lavendel\/","og_site_name":"Tori Siidritalu","article_modified_time":"2025-02-11T14:42:39+00:00","og_image":[{"width":2084,"height":2084,"url":"https:\/\/www.siidritalu.ee\/wp-content\/uploads\/2021\/10\/Mustika-800x450-1.png","type":"image\/png"}],"twitter_card":"summary_large_image","schema":{"@context":"https:\/\/schema.org","@graph":[{"@type":"WebPage","@id":"https:\/\/www.siidritalu.ee\/en\/pood\/vurts-magustamata-oun-mustikas-lavendel\/","url":"https:\/\/www.siidritalu.ee\/en\/pood\/vurts-magustamata-oun-mustikas-lavendel\/","name":"VURTS 33cl - \u00d5un, Mustikas, Lavendel (5tk) - Tori Siidritalu","isPartOf":{"@id":"https:\/\/siidritalu.ee\/#website"},"primaryImageOfPage":{"@id":"https:\/\/www.siidritalu.ee\/en\/pood\/vurts-magustamata-oun-mustikas-lavendel\/#primaryimage"},"image":{"@id":"https:\/\/www.siidritalu.ee\/en\/pood\/vurts-magustamata-oun-mustikas-lavendel\/#primaryimage"},"thumbnailUrl":"https:\/\/www.siidritalu.ee\/wp-content\/uploads\/2021\/10\/Mustika-800x450-1.png","datePublished":"2021-10-05T13:56:31+00:00","dateModified":"2025-02-11T14:42:39+00:00","description":"Gaseeritud \u00f5unamahl metsmustikaga ja lavendliga, alkoholivaba jook. Magustamata ja kunstlike lisaainete vaba. V\u00e4rvilt rubiinpunane, v\u00e4ikese mulliga.","breadcrumb":{"@id":"https:\/\/www.siidritalu.ee\/en\/pood\/vurts-magustamata-oun-mustikas-lavendel\/#breadcrumb"},"inLanguage":"en-US","potentialAction":[{"@type":"ReadAction","target":["https:\/\/www.siidritalu.ee\/en\/pood\/vurts-magustamata-oun-mustikas-lavendel\/"]}]},{"@type":"ImageObject","inLanguage":"en-US","@id":"https:\/\/www.siidritalu.ee\/en\/pood\/vurts-magustamata-oun-mustikas-lavendel\/#primaryimage","url":"https:\/\/www.siidritalu.ee\/wp-content\/uploads\/2021\/10\/Mustika-800x450-1.png","contentUrl":"https:\/\/www.siidritalu.ee\/wp-content\/uploads\/2021\/10\/Mustika-800x450-1.png","width":2084,"height":2084,"caption":"Kuld"},{"@type":"BreadcrumbList","@id":"https:\/\/www.siidritalu.ee\/en\/pood\/vurts-magustamata-oun-mustikas-lavendel\/#breadcrumb","itemListElement":[{"@type":"ListItem","position":1,"name":"Home","item":"https:\/\/siidritalu.ee\/en\/"},{"@type":"ListItem","position":2,"name":"Shop","item":"https:\/\/siidritalu.ee\/en\/shop\/"},{"@type":"ListItem","position":3,"name":"VURTS 33cl &#8211; \u00d5un, Mustikas, Lavendel (5tk)"}]},{"@type":"WebSite","@id":"https:\/\/siidritalu.ee\/#website","url":"https:\/\/siidritalu.ee\/","name":"Tori Siidritalu","description":"Eesti k\u00e4sit\u00f6\u00f6 joogid siider ja alkoholivaba","publisher":{"@id":"https:\/\/siidritalu.ee\/#organization"},"potentialAction":[{"@type":"SearchAction","target":{"@type":"EntryPoint","urlTemplate":"https:\/\/siidritalu.ee\/?s={search_term_string}"},"query-input":{"@type":"PropertyValueSpecification","valueRequired":true,"valueName":"search_term_string"}}],"inLanguage":"en-US"},{"@type":"Organization","@id":"https:\/\/siidritalu.ee\/#organization","name":"Tori Siidritalu","url":"https:\/\/siidritalu.ee\/","logo":{"@type":"ImageObject","inLanguage":"en-US","@id":"https:\/\/siidritalu.ee\/#\/schema\/logo\/image\/","url":"https:\/\/www.siidritalu.ee\/wp-content\/uploads\/2021\/10\/cropped-Logo-1080.jpg","contentUrl":"https:\/\/www.siidritalu.ee\/wp-content\/uploads\/2021\/10\/cropped-Logo-1080.jpg","width":512,"height":512,"caption":"Tori Siidritalu"},"image":{"@id":"https:\/\/siidritalu.ee\/#\/schema\/logo\/image\/"}}]}},"jetpack_sharing_enabled":true,"_links":{"self":[{"href":"https:\/\/www.siidritalu.ee\/en\/wp-json\/wp\/v2\/product\/80","targetHints":{"allow":["GET"]}}],"collection":[{"href":"https:\/\/www.siidritalu.ee\/en\/wp-json\/wp\/v2\/product"}],"about":[{"href":"https:\/\/www.siidritalu.ee\/en\/wp-json\/wp\/v2\/types\/product"}],"wp:featuredmedia":[{"embeddable":true,"href":"https:\/\/www.siidritalu.ee\/en\/wp-json\/wp\/v2\/media\/3820"}],"wp:attachment":[{"href":"https:\/\/www.siidritalu.ee\/en\/wp-json\/wp\/v2\/media?parent=80"}],"wp:term":[{"taxonomy":"product_brand","embeddable":true,"href":"https:\/\/www.siidritalu.ee\/en\/wp-json\/wp\/v2\/product_brand?post=80"},{"taxonomy":"product_cat","embeddable":true,"href":"https:\/\/www.siidritalu.ee\/en\/wp-json\/wp\/v2\/product_cat?post=80"},{"taxonomy":"product_tag","embeddable":true,"href":"https:\/\/www.siidritalu.ee\/en\/wp-json\/wp\/v2\/product_tag?post=80"}],"curies":[{"name":"wp","href":"https:\/\/api.w.org\/{rel}","templated":true}]}}